{"id":6263,"date":"2022-11-17T16:51:09","date_gmt":"2022-11-17T13:51:09","guid":{"rendered":"https:\/\/birimler.atauni.edu.tr\/yonetim-bilisim-sistemleri-bolumu\/?page_id=6263"},"modified":"2023-08-09T14:49:35","modified_gmt":"2023-08-09T11:49:35","slug":"cift-anadal","status":"publish","type":"page","link":"https:\/\/atauni.edu.tr\/yonetim-bilisim-sistemleri-bolumu\/cift-anadal\/","title":{"rendered":"\u00c7ift Anadal"},"content":{"rendered":"\n<p>Y\u00f6netim Bili\u015fim Sistemleri B\u00f6l\u00fcm\u00fc, \u0130\u015fletme B\u00f6l\u00fcm\u00fc ve Bilgi Belge Y\u00f6netimi B\u00f6l\u00fcm\u00fc ile \u00e7ift anadal ger\u00e7ekle\u015ftirmektedir.<\/p>\n\n\n\n<div data-wp-interactive=\"core\/file\" class=\"wp-block-file\"><object data-wp-bind--hidden=\"!state.hasPdfPreview\" hidden class=\"wp-block-file__embed\" data=\"https:\/\/birimler.atauni.edu.tr\/yonetim-bilisim-sistemleri-bolumu\/wp-content\/uploads\/sites\/174\/2022\/11\/YBS-ciftanadal-1.pdf\" type=\"application\/pdf\" style=\"width:100%;height:600px\" aria-label=\"YBS-ciftanadal-1 g\u00f6m\u00fcs\u00fc.\"><\/object><a id=\"wp-block-file--media-8ea4db3d-f0ab-4ff1-915a-3489456384a2\" href=\"https:\/\/birimler.atauni.edu.tr\/yonetim-bilisim-sistemleri-bolumu\/wp-content\/uploads\/sites\/174\/2022\/11\/YBS-ciftanadal-1.pdf\">YBS-ciftanadal-1<\/a><a href=\"https:\/\/birimler.atauni.edu.tr\/yonetim-bilisim-sistemleri-bolumu\/wp-content\/uploads\/sites\/174\/2022\/11\/YBS-ciftanadal-1.pdf\" class=\"wp-block-file__button wp-element-button\" download aria-describedby=\"wp-block-file--media-8ea4db3d-f0ab-4ff1-915a-3489456384a2\">\u0130ndir<\/a><\/div>\n\n\n\n<div data-wp-interactive=\"core\/file\" class=\"wp-block-file\"><object data-wp-bind--hidden=\"!state.hasPdfPreview\" hidden class=\"wp-block-file__embed\" data=\"https:\/\/birimler.atauni.edu.tr\/yonetim-bilisim-sistemleri-bolumu\/wp-content\/uploads\/sites\/174\/2023\/08\/Cift-Anadal-Calismasi-YBS-BBY.pdf\" type=\"application\/pdf\" style=\"width:100%;height:600px\" aria-label=\"Cift-Anadal-Calismasi-YBS-BBY g\u00f6m\u00fcs\u00fc.\"><\/object><a id=\"wp-block-file--media-449d29d4-7d2f-4405-bdf0-82f61109f589\" href=\"https:\/\/birimler.atauni.edu.tr\/yonetim-bilisim-sistemleri-bolumu\/wp-content\/uploads\/sites\/174\/2023\/08\/Cift-Anadal-Calismasi-YBS-BBY.pdf\">Cift-Anadal-Calismasi-YBS-BBY<\/a><a href=\"https:\/\/birimler.atauni.edu.tr\/yonetim-bilisim-sistemleri-bolumu\/wp-content\/uploads\/sites\/174\/2023\/08\/Cift-Anadal-Calismasi-YBS-BBY.pdf\" class=\"wp-block-file__button wp-element-button\" download aria-describedby=\"wp-block-file--media-449d29d4-7d2f-4405-bdf0-82f61109f589\">\u0130ndir<\/a><\/div>\n","protected":false},"excerpt":{"rendered":"<p>Y\u00f6netim Bili\u015fim Sistemleri B\u00f6l\u00fcm\u00fc, \u0130\u015fletme B\u00f6l\u00fcm\u00fc ve Bilgi Belge Y\u00f6netimi B\u00f6l\u00fcm\u00fc ile \u00e7ift anadal ger\u00e7ekle\u015ftirmektedir.<\/p>\n","protected":false},"author":507,"featured_media":0,"parent":0,"menu_order":0,"comment_status":"closed","ping_status":"closed","template":"","meta":{"footnotes":""},"class_list":["post-6263","page","type-page","status-publish","hentry"],"_links":{"self":[{"href":"https:\/\/atauni.edu.tr\/yonetim-bilisim-sistemleri-bolumu\/wp-json\/wp\/v2\/pages\/6263","targetHints":{"allow":["GET"]}}],"collection":[{"href":"https:\/\/atauni.edu.tr\/yonetim-bilisim-sistemleri-bolumu\/wp-json\/wp\/v2\/pages"}],"about":[{"href":"https:\/\/atauni.edu.tr\/yonetim-bilisim-sistemleri-bolumu\/wp-json\/wp\/v2\/types\/page"}],"author":[{"embeddable":true,"href":"https:\/\/atauni.edu.tr\/yonetim-bilisim-sistemleri-bolumu\/wp-json\/wp\/v2\/users\/507"}],"replies":[{"embeddable":true,"href":"https:\/\/atauni.edu.tr\/yonetim-bilisim-sistemleri-bolumu\/wp-json\/wp\/v2\/comments?post=6263"}],"version-history":[{"count":8,"href":"https:\/\/atauni.edu.tr\/yonetim-bilisim-sistemleri-bolumu\/wp-json\/wp\/v2\/pages\/6263\/revisions"}],"predecessor-version":[{"id":6461,"href":"https:\/\/atauni.edu.tr\/yonetim-bilisim-sistemleri-bolumu\/wp-json\/wp\/v2\/pages\/6263\/revisions\/6461"}],"wp:attachment":[{"href":"https:\/\/atauni.edu.tr\/yonetim-bilisim-sistemleri-bolumu\/wp-json\/wp\/v2\/media?parent=6263"}],"curies":[{"name":"wp","href":"https:\/\/api.w.org\/{rel}","templated":true}]}}