{"id":6265,"date":"2022-11-17T16:51:53","date_gmt":"2022-11-17T13:51:53","guid":{"rendered":"https:\/\/birimler.atauni.edu.tr\/yonetim-bilisim-sistemleri-bolumu\/?page_id=6265"},"modified":"2022-11-24T13:19:46","modified_gmt":"2022-11-24T10:19:46","slug":"yandal","status":"publish","type":"page","link":"https:\/\/atauni.edu.tr\/yonetim-bilisim-sistemleri-bolumu\/yandal\/","title":{"rendered":"Yandal"},"content":{"rendered":"\n<div data-wp-interactive=\"core\/file\" class=\"wp-block-file\"><object data-wp-bind--hidden=\"!state.hasPdfPreview\" hidden class=\"wp-block-file__embed\" data=\"https:\/\/birimler.atauni.edu.tr\/yonetim-bilisim-sistemleri-bolumu\/wp-content\/uploads\/sites\/174\/2022\/11\/YBS-yandal.pdf\" type=\"application\/pdf\" style=\"width:100%;height:600px\" aria-label=\"YBS-yandal g\u00f6m\u00fcs\u00fc. g\u00f6m\u00fcs\u00fc.\"><\/object><a id=\"wp-block-file--media-f515caba-39b4-42a2-b3ba-bf6ec4e1a866\" href=\"https:\/\/birimler.atauni.edu.tr\/yonetim-bilisim-sistemleri-bolumu\/wp-content\/uploads\/sites\/174\/2022\/11\/YBS-yandal.pdf\">YBS-yandal<\/a><a href=\"https:\/\/birimler.atauni.edu.tr\/yonetim-bilisim-sistemleri-bolumu\/wp-content\/uploads\/sites\/174\/2022\/11\/YBS-yandal.pdf\" class=\"wp-block-file__button\" download aria-describedby=\"wp-block-file--media-f515caba-39b4-42a2-b3ba-bf6ec4e1a866\">\u0130ndir<\/a><\/div>\n","protected":false},"excerpt":{"rendered":"","protected":false},"author":507,"featured_media":0,"parent":0,"menu_order":0,"comment_status":"closed","ping_status":"closed","template":"","meta":{"footnotes":""},"class_list":["post-6265","page","type-page","status-publish","hentry"],"_links":{"self":[{"href":"https:\/\/atauni.edu.tr\/yonetim-bilisim-sistemleri-bolumu\/wp-json\/wp\/v2\/pages\/6265","targetHints":{"allow":["GET"]}}],"collection":[{"href":"https:\/\/atauni.edu.tr\/yonetim-bilisim-sistemleri-bolumu\/wp-json\/wp\/v2\/pages"}],"about":[{"href":"https:\/\/atauni.edu.tr\/yonetim-bilisim-sistemleri-bolumu\/wp-json\/wp\/v2\/types\/page"}],"author":[{"embeddable":true,"href":"https:\/\/atauni.edu.tr\/yonetim-bilisim-sistemleri-bolumu\/wp-json\/wp\/v2\/users\/507"}],"replies":[{"embeddable":true,"href":"https:\/\/atauni.edu.tr\/yonetim-bilisim-sistemleri-bolumu\/wp-json\/wp\/v2\/comments?post=6265"}],"version-history":[{"count":2,"href":"https:\/\/atauni.edu.tr\/yonetim-bilisim-sistemleri-bolumu\/wp-json\/wp\/v2\/pages\/6265\/revisions"}],"predecessor-version":[{"id":6286,"href":"https:\/\/atauni.edu.tr\/yonetim-bilisim-sistemleri-bolumu\/wp-json\/wp\/v2\/pages\/6265\/revisions\/6286"}],"wp:attachment":[{"href":"https:\/\/atauni.edu.tr\/yonetim-bilisim-sistemleri-bolumu\/wp-json\/wp\/v2\/media?parent=6265"}],"curies":[{"name":"wp","href":"https:\/\/api.w.org\/{rel}","templated":true}]}}