{"id":6372,"date":"2023-05-13T15:51:59","date_gmt":"2023-05-13T12:51:59","guid":{"rendered":"https:\/\/birimler.atauni.edu.tr\/yonetim-bilisim-sistemleri-bolumu\/?page_id=6372"},"modified":"2023-05-13T15:51:59","modified_gmt":"2023-05-13T12:51:59","slug":"doktora-yeterlilik-sinav-konulari","status":"publish","type":"page","link":"https:\/\/atauni.edu.tr\/yonetim-bilisim-sistemleri-bolumu\/doktora-yeterlilik-sinav-konulari\/","title":{"rendered":"Doktora Yeterlilik S\u0131nav Konular\u0131"},"content":{"rendered":"\n<figure class=\"wp-block-table\"><table><tbody><tr><td><strong>Bilgisayar A\u011flar\u0131<\/strong><\/td><td><strong>Yapay Zeka<\/strong><\/td><td><strong>G\u00fcncel Kavramlar<\/strong><\/td><td><strong>Veri Y\u00f6netimi<\/strong><\/td><td><strong>YBS (MIS)<\/strong><\/td><td><strong>Yaz\u0131l\u0131m M\u00fchendisli\u011fi<\/strong><\/td><\/tr><tr><td>Protokoller<\/td><td>Klasik Yapay Zeka ve Uzman Sistemler<\/td><td>Kuantum Hesaplama<\/td><td>Veri Dosyas\u0131<\/td><td>\u0130\u015fletme Fonksiyonlar\u0131<\/td><td>Algoritma ve Programlama Dilleri<\/td><\/tr><tr><td>Topolojiler<\/td><td>Bulan\u0131k Mant\u0131k<\/td><td>Blok Zincir<\/td><td>VTYS<\/td><td>Y\u00f6netim Fonksiyonlar\u0131<\/td><td>Proje Y\u00f6netimi<\/td><\/tr><tr><td>OSI Katmanlar\u0131<\/td><td>Evrimsel Algoritmalar<\/td><td>Meta-verse<\/td><td>Veri Depolar\u0131<\/td><td>Y\u00f6netim Teorileri<\/td><td>Sistem Analizi ve Tasar\u0131m\u0131<\/td><\/tr><tr><td>TCP Katmanlar\u0131<\/td><td>Makine \u00d6\u011frenmesi<\/td><td>Dijital \u0130kiz<\/td><td>Veri Ambarlar\u0131<\/td><td>\u00d6rg\u00fct Yap\u0131lar\u0131 ve K\u00fclt\u00fcr\u00fc<\/td><td>Yaz\u0131l\u0131m M\u00fchendisli\u011fi Metodolojileri<\/td><\/tr><tr><td>A\u011f Mimarileri<\/td><td>Do\u011fal Dil \u0130\u015fleme<\/td><td>NFT<\/td><td>Veri Madencili\u011fi<\/td><td>Karar Teorileri<\/td><td>Yaz\u0131l\u0131m Proje Y\u00f6netimi<\/td><\/tr><tr><td>A\u011f Donan\u0131mlar\u0131<\/td><td>Ak\u0131ll\u0131 Zeki Ajanlar<\/td><td><\/td><td>B\u00fcy\u00fck Veri<\/td><td>Y\u00f6netim D\u00fczeyleri<\/td><td><\/td><\/tr><tr><td>\u0130nternet<\/td><td><\/td><td><\/td><td><\/td><td>Bilgi Sistemleri ve S\u0131n\u0131fland\u0131rmalar\u0131<\/td><td><\/td><\/tr><tr><td>Bulut Bili\u015fim<\/td><td><\/td><td><\/td><td><\/td><td>Kurumsal Sistemler<\/td><td><\/td><\/tr><tr><td>Nesnelerin \u0130nterneti<\/td><td><\/td><td><\/td><td><\/td><td>Bili\u015fim Eti\u011fi<\/td><td><\/td><\/tr><tr><td>Siber G\u00fcvenlik<\/td><td><\/td><td><\/td><td><\/td><td>Dijital D\u00f6n\u00fc\u015f\u00fcm<\/td><td><\/td><\/tr><\/tbody><\/table><\/figure>\n","protected":false},"excerpt":{"rendered":"<p>Bilgisayar A\u011flar\u0131 Yapay Zeka G\u00fcncel Kavramlar Veri Y\u00f6netimi YBS (MIS) Yaz\u0131l\u0131m M\u00fchendisli\u011fi Protokoller Klasik Yapay Zeka ve Uzman Sistemler Kuantum Hesaplama Veri Dosyas\u0131 \u0130\u015fletme Fonksiyonlar\u0131 Algoritma ve Programlama Dilleri Topolojiler Bulan\u0131k Mant\u0131k Blok Zincir VTYS Y\u00f6netim Fonksiyonlar\u0131 Proje Y\u00f6netimi OSI Katmanlar\u0131 Evrimsel Algoritmalar Meta-verse Veri Depolar\u0131 Y\u00f6netim Teorileri Sistem Analizi ve Tasar\u0131m\u0131 TCP Katmanlar\u0131 Makine [&hellip;]<\/p>\n","protected":false},"author":507,"featured_media":0,"parent":0,"menu_order":0,"comment_status":"closed","ping_status":"closed","template":"","meta":{"footnotes":""},"class_list":["post-6372","page","type-page","status-publish","hentry"],"_links":{"self":[{"href":"https:\/\/atauni.edu.tr\/yonetim-bilisim-sistemleri-bolumu\/wp-json\/wp\/v2\/pages\/6372","targetHints":{"allow":["GET"]}}],"collection":[{"href":"https:\/\/atauni.edu.tr\/yonetim-bilisim-sistemleri-bolumu\/wp-json\/wp\/v2\/pages"}],"about":[{"href":"https:\/\/atauni.edu.tr\/yonetim-bilisim-sistemleri-bolumu\/wp-json\/wp\/v2\/types\/page"}],"author":[{"embeddable":true,"href":"https:\/\/atauni.edu.tr\/yonetim-bilisim-sistemleri-bolumu\/wp-json\/wp\/v2\/users\/507"}],"replies":[{"embeddable":true,"href":"https:\/\/atauni.edu.tr\/yonetim-bilisim-sistemleri-bolumu\/wp-json\/wp\/v2\/comments?post=6372"}],"version-history":[{"count":1,"href":"https:\/\/atauni.edu.tr\/yonetim-bilisim-sistemleri-bolumu\/wp-json\/wp\/v2\/pages\/6372\/revisions"}],"predecessor-version":[{"id":6373,"href":"https:\/\/atauni.edu.tr\/yonetim-bilisim-sistemleri-bolumu\/wp-json\/wp\/v2\/pages\/6372\/revisions\/6373"}],"wp:attachment":[{"href":"https:\/\/atauni.edu.tr\/yonetim-bilisim-sistemleri-bolumu\/wp-json\/wp\/v2\/media?parent=6372"}],"curies":[{"name":"wp","href":"https:\/\/api.w.org\/{rel}","templated":true}]}}