{"id":6420,"date":"2023-07-25T14:14:46","date_gmt":"2023-07-25T11:14:46","guid":{"rendered":"https:\/\/birimler.atauni.edu.tr\/yonetim-bilisim-sistemleri-bolumu\/?page_id=6420"},"modified":"2023-07-25T14:14:46","modified_gmt":"2023-07-25T11:14:46","slug":"mezun-danismanligi","status":"publish","type":"page","link":"https:\/\/atauni.edu.tr\/yonetim-bilisim-sistemleri-bolumu\/mezun-danismanligi\/","title":{"rendered":"Mezun Dan\u0131\u015fmanl\u0131\u011f\u0131"},"content":{"rendered":"","protected":false},"excerpt":{"rendered":"","protected":false},"author":507,"featured_media":0,"parent":0,"menu_order":0,"comment_status":"closed","ping_status":"closed","template":"","meta":{"footnotes":""},"class_list":["post-6420","page","type-page","status-publish","hentry"],"_links":{"self":[{"href":"https:\/\/atauni.edu.tr\/yonetim-bilisim-sistemleri-bolumu\/wp-json\/wp\/v2\/pages\/6420","targetHints":{"allow":["GET"]}}],"collection":[{"href":"https:\/\/atauni.edu.tr\/yonetim-bilisim-sistemleri-bolumu\/wp-json\/wp\/v2\/pages"}],"about":[{"href":"https:\/\/atauni.edu.tr\/yonetim-bilisim-sistemleri-bolumu\/wp-json\/wp\/v2\/types\/page"}],"author":[{"embeddable":true,"href":"https:\/\/atauni.edu.tr\/yonetim-bilisim-sistemleri-bolumu\/wp-json\/wp\/v2\/users\/507"}],"replies":[{"embeddable":true,"href":"https:\/\/atauni.edu.tr\/yonetim-bilisim-sistemleri-bolumu\/wp-json\/wp\/v2\/comments?post=6420"}],"version-history":[{"count":1,"href":"https:\/\/atauni.edu.tr\/yonetim-bilisim-sistemleri-bolumu\/wp-json\/wp\/v2\/pages\/6420\/revisions"}],"predecessor-version":[{"id":6421,"href":"https:\/\/atauni.edu.tr\/yonetim-bilisim-sistemleri-bolumu\/wp-json\/wp\/v2\/pages\/6420\/revisions\/6421"}],"wp:attachment":[{"href":"https:\/\/atauni.edu.tr\/yonetim-bilisim-sistemleri-bolumu\/wp-json\/wp\/v2\/media?parent=6420"}],"curies":[{"name":"wp","href":"https:\/\/api.w.org\/{rel}","templated":true}]}}