{"id":6570,"date":"2024-05-06T13:33:30","date_gmt":"2024-05-06T10:33:30","guid":{"rendered":"https:\/\/birimler.atauni.edu.tr\/yonetim-bilisim-sistemleri-bolumu\/?page_id=6570"},"modified":"2024-05-21T10:06:52","modified_gmt":"2024-05-21T07:06:52","slug":"bolum-baskanindan-mesaj","status":"publish","type":"page","link":"https:\/\/atauni.edu.tr\/yonetim-bilisim-sistemleri-bolumu\/bolum-baskanindan-mesaj\/","title":{"rendered":"B\u00f6l\u00fcm Ba\u015fkan\u0131ndan Mesaj"},"content":{"rendered":"\t\t<div data-elementor-type=\"wp-page\" data-elementor-id=\"6570\" class=\"elementor elementor-6570\" data-elementor-post-type=\"page\">\n\t\t\t\t\t\t<section class=\"elementor-section elementor-top-section elementor-element elementor-element-2e7d33c elementor-section-boxed elementor-section-height-default elementor-section-height-default\" data-id=\"2e7d33c\" data-element_type=\"section\">\n\t\t\t\t\t\t<div class=\"elementor-container elementor-column-gap-default\">\n\t\t\t\t\t<div class=\"elementor-column elementor-col-100 elementor-top-column elementor-element elementor-element-3cc2822\" data-id=\"3cc2822\" data-element_type=\"column\">\n\t\t\t<div class=\"elementor-widget-wrap elementor-element-populated\">\n\t\t\t\t\t\t\t<\/div>\n\t\t<\/div>\n\t\t\t\t\t<\/div>\n\t\t<\/section>\n\t\t\t\t<section class=\"elementor-section elementor-top-section elementor-element elementor-element-21c847e elementor-section-boxed elementor-section-height-default elementor-section-height-default\" data-id=\"21c847e\" data-element_type=\"section\">\n\t\t\t\t\t\t<div class=\"elementor-container elementor-column-gap-default\">\n\t\t\t\t\t<div class=\"elementor-column elementor-col-100 elementor-top-column elementor-element elementor-element-788f3c4\" data-id=\"788f3c4\" data-element_type=\"column\">\n\t\t\t<div class=\"elementor-widget-wrap elementor-element-populated\">\n\t\t\t\t\t\t<div class=\"elementor-element elementor-element-b9c0abc elementor-widget-divider--view-line elementor-widget elementor-widget-divider\" data-id=\"b9c0abc\" data-element_type=\"widget\" data-widget_type=\"divider.default\">\n\t\t\t\t<div class=\"elementor-widget-container\">\n\t\t\t\t\t\t\t<div class=\"elementor-divider\">\n\t\t\t<span class=\"elementor-divider-separator\">\n\t\t\t\t\t\t<\/span>\n\t\t<\/div>\n\t\t\t\t\t\t<\/div>\n\t\t\t\t<\/div>\n\t\t\t\t<div class=\"elementor-element elementor-element-506b292 elementor-widget__width-initial elementor-widget elementor-widget-text-editor\" data-id=\"506b292\" data-element_type=\"widget\" data-widget_type=\"text-editor.default\">\n\t\t\t\t<div class=\"elementor-widget-container\">\n\t\t\t\t\t\t\t\t\t<p>Gerek bilgi teknolojileri gerekse i\u015fletme ve y\u00f6netim alanlar\u0131nda geni\u015f bilgi sahibi olan bireylerin yeti\u015fmesini ama\u00e7layan Y\u00f6netim Bili\u015fim Sistemleri B\u00f6l\u00fcm\u00fcm\u00fcz, bu alanda akademik kariyer yapm\u0131\u015f g\u00fc\u00e7l\u00fc \u00f6\u011fretim kadrosu ile y\u0131llard\u0131r ba\u015far\u0131yla e\u011fitim vermektedir. B\u00f6l\u00fcm\u00fcm\u00fcz, bug\u00fcne kadar mezun etti\u011fi y\u00fczlerce \u00f6\u011frencisi ile hem \u00f6zel hem de kamu kurulu\u015flar\u0131n\u0131n bili\u015fim profesyonelleri ihtiyac\u0131n\u0131 kar\u015f\u0131lama konusunda \u00f6nemli bir misyon \u00fcstlenmi\u015ftir.&nbsp;<\/p>\n<p><span style=\"color: var( --e-global-color-text );font-family: var( --e-global-typography-text-font-family ), Sans-serif;font-weight: var( --e-global-typography-text-font-weight );letter-spacing: 0px\">Y\u00f6netim Bili\u015fim Sistemleri mezunlar\u0131ndan beklenen, pazarlama, sat\u0131\u015f, \u00fcretim, muhasebe, finans, insan kaynaklar\u0131 ve ar-ge gibi i\u015fletme fonksiyonlar\u0131na hakimiyetin yan\u0131s\u0131ra, y\u00f6neticilerin planlama, \u00f6rg\u00fctleme, koordinasyon, kontrol ve karar verme gibi g\u00f6revlerini icra ederken bilgi teknolojilerinden en \u00fcst d\u00fczeyde yararlanabilmelerine destek verebilmeleridir. Bu nedenle, \u00f6\u011frencilerimiz \u00f6\u011fretim s\u00fcresi boyunca i\u015fletme ve y\u00f6netim formasyonu kazan\u0131rken, sistem analizi, veri taban\u0131 y\u00f6netim sistemleri, karar destek sistemleri, kurumsal kaynak planlama, bilgisayar mimarisi, programlama dilleri, bilgisayar a\u011flar\u0131, bilgisayar ve sistem g\u00fcvenli\u011fi, grafik tasar\u0131m, internet programc\u0131l\u0131\u011f\u0131, yapay zek\u00e2, veri y\u00f6netimi ve e-ticaret gibi alanlarda yo\u011fun bir e\u011fitim almaktad\u0131rlar.<\/span><\/p>\n<p><span style=\"color: var( --e-global-color-text );font-family: var( --e-global-typography-text-font-family ), Sans-serif;font-weight: var( --e-global-typography-text-font-weight );letter-spacing: 0px\">Mezunlar\u0131m\u0131z, bili\u015fim teknolojilerinin yo\u011fun olarak kullan\u0131ld\u0131\u011f\u0131 t\u00fcm organizasyonlarda bili\u015fim teknolojisine dayal\u0131 \u00fcr\u00fcn ve \u00e7\u00f6z\u00fcmlerin tasarlanmas\u0131nda, \u00f6rg\u00fctlerin dijital d\u00f6n\u00fc\u015f\u00fcm\u00fcnde, s\u00fcre\u00e7 tasar\u0131m\u0131nda, \u00f6rg\u00fct i\u00e7inden ve d\u0131\u015f\u0131ndan veriyi i\u015fleyip yorumlamak suretiyle karar s\u00fcre\u00e7lerinde \u00e7al\u0131\u015ft\u0131klar\u0131 birimlere \u00f6nemli katk\u0131lar sa\u011flayacak bilgi birikimi ve donan\u0131ma sahip olacak \u015fekilde yeti\u015ftirilmektedir.<\/span><\/p>\n<p><\/p>\n<p>Bili\u015fim teknolojilerindeki h\u0131zl\u0131 geli\u015fim beraberinde yeni uzmanl\u0131k alanlar\u0131 ve meslekler ortaya \u00e7\u0131karm\u0131\u015ft\u0131r. Programc\u0131, veri taban\u0131 y\u00f6neticisi, a\u011f uzman\u0131, sistem analisti ve siber g\u00fcvenlik uzman\u0131 gibi bilinen meslek ya da uzmanl\u0131k alanlar\u0131 yan\u0131s\u0131ra, veri analisti, veri bilimcisi, veri m\u00fchendisi, beyaz \u015fapkal\u0131 hacker, sanalla\u015ft\u0131rma ve bulut uzman\u0131, mobil uygulama geli\u015ftiricisi, t\u00fcmle\u015fik ileti\u015fim uzman\u0131, ERP analisti, kurumsal mimari uzman\u0131, i\u015f analisti, sosyal medya uzman\u0131, yapay zek\u00e2 uzman\u0131 gibi onlarca yeni uzmanl\u0131k ve meslek alan\u0131 do\u011fmaktad\u0131r. B\u00f6l\u00fcm\u00fcm\u00fczde ald\u0131klar\u0131 e\u011fitime ilaveten bu yeni alanlar\u0131 \u00f6zel ilgi konusu yapabilen ve kendini geli\u015ftirebilen \u00f6\u011frencilerimiz i\u00e7in gelece\u011fin \u00e7ok daha parlak olaca\u011f\u0131n\u0131 s\u00f6yleyebiliriz.<\/p><p><span style=\"color: var( --e-global-color-text );font-family: var( --e-global-typography-text-font-family ), Sans-serif;font-weight: var( --e-global-typography-text-font-weight );letter-spacing: 0px\">Bernard Shaw\u2019\u0131n dedi\u011fi gibi \u201cE\u011fitim, meyvenin kendisi de\u011fil, bilgi a\u011fac\u0131ndan meyve toplamaya yarayan bir merdivendir.\u201d \u00d6\u011frencilerimizden beklentimiz ise bu e\u011fitim merdiveninin basamaklar\u0131n\u0131 birer birer \u00e7\u0131karak bu meyvelerden m\u00fcmk\u00fcn oldu\u011fu kadar \u00e7ok toplamalar\u0131d\u0131r.<\/span><\/p><p><span style=\"color: var( --e-global-color-text );font-family: var( --e-global-typography-text-font-family ), Sans-serif;font-weight: var( --e-global-typography-text-font-weight );letter-spacing: 0px\">T\u00fcm \u00f6\u011frencilerimize ba\u015far\u0131 ve mutlu bir gelecek dileklerimle,<\/span><\/p>\n<p>&nbsp; &nbsp; &nbsp; &nbsp; &nbsp; &nbsp; &nbsp; &nbsp; &nbsp; &nbsp; &nbsp; &nbsp; &nbsp; &nbsp; &nbsp; &nbsp; &nbsp; &nbsp; &nbsp; &nbsp; &nbsp; &nbsp; &nbsp; &nbsp; &nbsp; &nbsp; &nbsp; &nbsp; &nbsp; &nbsp; &nbsp; &nbsp; &nbsp; &nbsp; &nbsp; &nbsp; Prof.Dr.\u00dcst\u00fcn \u00d6ZEN<\/p>\t\t\t\t\t\t\t\t<\/div>\n\t\t\t\t<\/div>\n\t\t\t\t\t<\/div>\n\t\t<\/div>\n\t\t\t\t\t<\/div>\n\t\t<\/section>\n\t\t\t\t<\/div>\n\t\t","protected":false},"excerpt":{"rendered":"<p>Gerek bilgi teknolojileri gerekse i\u015fletme ve y\u00f6netim alanlar\u0131nda geni\u015f bilgi sahibi olan bireylerin yeti\u015fmesini ama\u00e7layan Y\u00f6netim Bili\u015fim Sistemleri B\u00f6l\u00fcm\u00fcm\u00fcz, bu alanda akademik kariyer yapm\u0131\u015f g\u00fc\u00e7l\u00fc \u00f6\u011fretim kadrosu ile y\u0131llard\u0131r ba\u015far\u0131yla e\u011fitim vermektedir. B\u00f6l\u00fcm\u00fcm\u00fcz, bug\u00fcne kadar mezun etti\u011fi y\u00fczlerce \u00f6\u011frencisi ile hem \u00f6zel hem de kamu kurulu\u015flar\u0131n\u0131n bili\u015fim profesyonelleri ihtiyac\u0131n\u0131 kar\u015f\u0131lama konusunda \u00f6nemli bir misyon \u00fcstlenmi\u015ftir.&nbsp; [&hellip;]<\/p>\n","protected":false},"author":586,"featured_media":0,"parent":0,"menu_order":0,"comment_status":"closed","ping_status":"closed","template":"","meta":{"footnotes":""},"class_list":["post-6570","page","type-page","status-publish","hentry"],"_links":{"self":[{"href":"https:\/\/atauni.edu.tr\/yonetim-bilisim-sistemleri-bolumu\/wp-json\/wp\/v2\/pages\/6570","targetHints":{"allow":["GET"]}}],"collection":[{"href":"https:\/\/atauni.edu.tr\/yonetim-bilisim-sistemleri-bolumu\/wp-json\/wp\/v2\/pages"}],"about":[{"href":"https:\/\/atauni.edu.tr\/yonetim-bilisim-sistemleri-bolumu\/wp-json\/wp\/v2\/types\/page"}],"author":[{"embeddable":true,"href":"https:\/\/atauni.edu.tr\/yonetim-bilisim-sistemleri-bolumu\/wp-json\/wp\/v2\/users\/586"}],"replies":[{"embeddable":true,"href":"https:\/\/atauni.edu.tr\/yonetim-bilisim-sistemleri-bolumu\/wp-json\/wp\/v2\/comments?post=6570"}],"version-history":[{"count":15,"href":"https:\/\/atauni.edu.tr\/yonetim-bilisim-sistemleri-bolumu\/wp-json\/wp\/v2\/pages\/6570\/revisions"}],"predecessor-version":[{"id":6680,"href":"https:\/\/atauni.edu.tr\/yonetim-bilisim-sistemleri-bolumu\/wp-json\/wp\/v2\/pages\/6570\/revisions\/6680"}],"wp:attachment":[{"href":"https:\/\/atauni.edu.tr\/yonetim-bilisim-sistemleri-bolumu\/wp-json\/wp\/v2\/media?parent=6570"}],"curies":[{"name":"wp","href":"https:\/\/api.w.org\/{rel}","templated":true}]}}