{"id":7006,"date":"2025-06-26T14:44:32","date_gmt":"2025-06-26T11:44:32","guid":{"rendered":"https:\/\/birimler.atauni.edu.tr\/yonetim-bilisim-sistemleri-bolumu\/?page_id=7006"},"modified":"2025-08-03T15:42:55","modified_gmt":"2025-08-03T12:42:55","slug":"haberler","status":"publish","type":"page","link":"https:\/\/atauni.edu.tr\/yonetim-bilisim-sistemleri-bolumu\/haberler\/","title":{"rendered":"Haberler"},"content":{"rendered":"<form method=\"get\" class=\"row g-3\" style=\"margin-bottom: 20px;\"><div class=\"col-md-3\"><input type=\"text\" name=\"haber_ara\" class=\"form-control\" placeholder=\"Haber ara...\" value=\"\"><\/div><div class=\"col-md-3\"><input type=\"date\" name=\"baslangic_tarihi\" class=\"form-control\" value=\"\"><\/div><div class=\"col-md-3\"><input type=\"date\" name=\"bitis_tarihi\" class=\"form-control\" value=\"\"><\/div><div class=\"col-md-3\"><button type=\"submit\" class=\"btn btn-secondary w-50\">Filtrele<\/button><\/div><\/form><ul class=\"kategori-yazilari-liste\"><li style=\"display: flex; margin-bottom: 10px; align-items: center;\"><div class=\"post-thumbnail\" style=\"margin-right: 15px;\"><a href=\"https:\/\/atauni.edu.tr\/yonetim-bilisim-sistemleri-bolumu\/2026\/04\/04\/ybs-kariyer-haftasi-etkinlikleri\/\"><img decoding=\"async\" width=\"150\" height=\"150\" src=\"https:\/\/atauni.edu.tr\/yonetim-bilisim-sistemleri-bolumu\/wp-content\/uploads\/sites\/174\/2026\/04\/WhatsApp-Image-2026-04-03-at-23.37.04-150x150.jpeg\" class=\"attachment-thumbnail size-thumbnail wp-post-image\" alt=\"\" \/><\/a><\/div><div class=\"post-content\" style=\"flex-grow: 1;\"><span class=\"post-date habertarih\" style=\"display: block; font-weight: bold; margin-bottom: 5px;\">4 Nisan 2026<\/span><a class=\"haberbaslik\" href=\"https:\/\/atauni.edu.tr\/yonetim-bilisim-sistemleri-bolumu\/2026\/04\/04\/ybs-kariyer-haftasi-etkinlikleri\/\">YBS Kariyer Haftas\u0131 Etkinlikleri<\/a><\/div><\/li><li style=\"display: flex; margin-bottom: 10px; align-items: center;\"><div class=\"post-thumbnail\" style=\"margin-right: 15px;\"><a href=\"https:\/\/atauni.edu.tr\/yonetim-bilisim-sistemleri-bolumu\/2025\/12\/17\/sektorle-bulusmalar-beklentiler-ve-kaygilar\/\"><img decoding=\"async\" width=\"150\" height=\"150\" src=\"https:\/\/atauni.edu.tr\/yonetim-bilisim-sistemleri-bolumu\/wp-content\/uploads\/sites\/174\/2025\/12\/AFIS_page-0001-150x150.jpg\" class=\"attachment-thumbnail size-thumbnail wp-post-image\" alt=\"\" \/><\/a><\/div><div class=\"post-content\" style=\"flex-grow: 1;\"><span class=\"post-date habertarih\" style=\"display: block; font-weight: bold; margin-bottom: 5px;\">17 Aral\u0131k 2025<\/span><a class=\"haberbaslik\" href=\"https:\/\/atauni.edu.tr\/yonetim-bilisim-sistemleri-bolumu\/2025\/12\/17\/sektorle-bulusmalar-beklentiler-ve-kaygilar\/\">Sekt\u00f6rle Bulu\u015fmalar: Beklentiler ve Kayg\u0131lar<\/a><\/div><\/li><li style=\"display: flex; margin-bottom: 10px; align-items: center;\"><div class=\"post-thumbnail\" style=\"margin-right: 15px;\"><a href=\"https:\/\/atauni.edu.tr\/yonetim-bilisim-sistemleri-bolumu\/2025\/12\/08\/kariyer-gelisimi-soylesisi-prof-dr-ustun-ozen\/\"><img decoding=\"async\" width=\"150\" height=\"150\" src=\"https:\/\/atauni.edu.tr\/yonetim-bilisim-sistemleri-bolumu\/wp-content\/uploads\/sites\/174\/2025\/12\/1-150x150.jpeg\" class=\"attachment-thumbnail size-thumbnail wp-post-image\" alt=\"\" \/><\/a><\/div><div class=\"post-content\" style=\"flex-grow: 1;\"><span class=\"post-date habertarih\" style=\"display: block; font-weight: bold; margin-bottom: 5px;\">8 Aral\u0131k 2025<\/span><a class=\"haberbaslik\" href=\"https:\/\/atauni.edu.tr\/yonetim-bilisim-sistemleri-bolumu\/2025\/12\/08\/kariyer-gelisimi-soylesisi-prof-dr-ustun-ozen\/\">Kariyer Geli\u015fimi S\u00f6yle\u015fisi &#8211; Prof. Dr. \u00dcst\u00fcn \u00d6ZEN<\/a><\/div><\/li><li style=\"display: flex; margin-bottom: 10px; align-items: center;\"><div class=\"post-thumbnail\" style=\"margin-right: 15px;\"><a href=\"https:\/\/atauni.edu.tr\/yonetim-bilisim-sistemleri-bolumu\/2025\/11\/28\/is-kulubu-egitimleri\/\"><img loading=\"lazy\" decoding=\"async\" width=\"150\" height=\"150\" src=\"https:\/\/atauni.edu.tr\/yonetim-bilisim-sistemleri-bolumu\/wp-content\/uploads\/sites\/174\/2025\/11\/WhatsApp-Image-2025-11-27-at-16.38.37-150x150.jpeg\" class=\"attachment-thumbnail size-thumbnail wp-post-image\" alt=\"\" srcset=\"https:\/\/atauni.edu.tr\/yonetim-bilisim-sistemleri-bolumu\/wp-content\/uploads\/sites\/174\/2025\/11\/WhatsApp-Image-2025-11-27-at-16.38.37-150x150.jpeg 150w, https:\/\/atauni.edu.tr\/yonetim-bilisim-sistemleri-bolumu\/wp-content\/uploads\/sites\/174\/2025\/11\/WhatsApp-Image-2025-11-27-at-16.38.37-300x300.jpeg 300w, https:\/\/atauni.edu.tr\/yonetim-bilisim-sistemleri-bolumu\/wp-content\/uploads\/sites\/174\/2025\/11\/WhatsApp-Image-2025-11-27-at-16.38.37-1024x1024.jpeg 1024w, https:\/\/atauni.edu.tr\/yonetim-bilisim-sistemleri-bolumu\/wp-content\/uploads\/sites\/174\/2025\/11\/WhatsApp-Image-2025-11-27-at-16.38.37-768x768.jpeg 768w, https:\/\/atauni.edu.tr\/yonetim-bilisim-sistemleri-bolumu\/wp-content\/uploads\/sites\/174\/2025\/11\/WhatsApp-Image-2025-11-27-at-16.38.37-600x600.jpeg 600w, https:\/\/atauni.edu.tr\/yonetim-bilisim-sistemleri-bolumu\/wp-content\/uploads\/sites\/174\/2025\/11\/WhatsApp-Image-2025-11-27-at-16.38.37-560x560.jpeg 560w, https:\/\/atauni.edu.tr\/yonetim-bilisim-sistemleri-bolumu\/wp-content\/uploads\/sites\/174\/2025\/11\/WhatsApp-Image-2025-11-27-at-16.38.37.jpeg 1080w\" sizes=\"(max-width: 150px) 100vw, 150px\" \/><\/a><\/div><div class=\"post-content\" style=\"flex-grow: 1;\"><span class=\"post-date habertarih\" style=\"display: block; font-weight: bold; margin-bottom: 5px;\">28 Kas\u0131m 2025<\/span><a class=\"haberbaslik\" href=\"https:\/\/atauni.edu.tr\/yonetim-bilisim-sistemleri-bolumu\/2025\/11\/28\/is-kulubu-egitimleri\/\">\u0130\u015f Kul\u00fcb\u00fc E\u011fitimleri<\/a><\/div><\/li><li style=\"display: flex; margin-bottom: 10px; align-items: center;\"><div class=\"post-content\" style=\"flex-grow: 1;\"><span class=\"post-date habertarih\" style=\"display: block; font-weight: bold; margin-bottom: 5px;\">7 Kas\u0131m 2025<\/span><a class=\"haberbaslik\" href=\"https:\/\/atauni.edu.tr\/yonetim-bilisim-sistemleri-bolumu\/2025\/11\/07\/proje-oryantasyon-toplantisi-yapildi\/\">Proje Oryantasyon Toplant\u0131s\u0131 Yap\u0131ld\u0131<\/a><\/div><\/li><li style=\"display: flex; margin-bottom: 10px; align-items: center;\"><div class=\"post-thumbnail\" style=\"margin-right: 15px;\"><a href=\"https:\/\/atauni.edu.tr\/yonetim-bilisim-sistemleri-bolumu\/2025\/11\/07\/akran-danismanligi-oryantasyon-toplantisi-yapildi\/\"><img loading=\"lazy\" decoding=\"async\" width=\"150\" height=\"150\" src=\"https:\/\/atauni.edu.tr\/yonetim-bilisim-sistemleri-bolumu\/wp-content\/uploads\/sites\/174\/2025\/11\/WhatsApp-Image-2025-11-06-at-14.31.03-150x150.jpeg\" class=\"attachment-thumbnail size-thumbnail wp-post-image\" alt=\"\" \/><\/a><\/div><div class=\"post-content\" style=\"flex-grow: 1;\"><span class=\"post-date habertarih\" style=\"display: block; font-weight: bold; margin-bottom: 5px;\">7 Kas\u0131m 2025<\/span><a class=\"haberbaslik\" href=\"https:\/\/atauni.edu.tr\/yonetim-bilisim-sistemleri-bolumu\/2025\/11\/07\/akran-danismanligi-oryantasyon-toplantisi-yapildi\/\">Akran Dan\u0131\u015fmanl\u0131\u011f\u0131 Oryantasyon Toplant\u0131s\u0131 Yap\u0131ld\u0131<\/a><\/div><\/li><li style=\"display: flex; margin-bottom: 10px; align-items: center;\"><div class=\"post-thumbnail\" style=\"margin-right: 15px;\"><a href=\"https:\/\/atauni.edu.tr\/yonetim-bilisim-sistemleri-bolumu\/2025\/11\/04\/yonetim-bilisim-sistemleri-bolumu-mufredat-ders-icerigi-oryantasyon-programi\/\"><img loading=\"lazy\" decoding=\"async\" width=\"150\" height=\"150\" src=\"https:\/\/atauni.edu.tr\/yonetim-bilisim-sistemleri-bolumu\/wp-content\/uploads\/sites\/174\/2025\/11\/Mufredat-ve-Ders-Icerigi-150x150.png\" class=\"attachment-thumbnail size-thumbnail wp-post-image\" alt=\"\" \/><\/a><\/div><div class=\"post-content\" style=\"flex-grow: 1;\"><span class=\"post-date habertarih\" style=\"display: block; font-weight: bold; margin-bottom: 5px;\">4 Kas\u0131m 2025<\/span><a class=\"haberbaslik\" href=\"https:\/\/atauni.edu.tr\/yonetim-bilisim-sistemleri-bolumu\/2025\/11\/04\/yonetim-bilisim-sistemleri-bolumu-mufredat-ders-icerigi-oryantasyon-programi\/\">Y\u00f6netim Bili\u015fim Sistemleri B\u00f6l\u00fcm\u00fc M\u00fcfredat, Ders \u0130\u00e7eri\u011fi Oryantasyon Program\u0131<\/a><\/div><\/li><li style=\"display: flex; margin-bottom: 10px; align-items: center;\"><div class=\"post-thumbnail\" style=\"margin-right: 15px;\"><a href=\"https:\/\/atauni.edu.tr\/yonetim-bilisim-sistemleri-bolumu\/2025\/10\/07\/ogrenci-bilgi-sistemi-oryantasyon-programi\/\"><img loading=\"lazy\" decoding=\"async\" width=\"150\" height=\"150\" src=\"https:\/\/atauni.edu.tr\/yonetim-bilisim-sistemleri-bolumu\/wp-content\/uploads\/sites\/174\/2025\/10\/WhatsApp-Image-2025-10-07-at-23.57.30-150x150.jpeg\" class=\"attachment-thumbnail size-thumbnail wp-post-image\" alt=\"\" \/><\/a><\/div><div class=\"post-content\" style=\"flex-grow: 1;\"><span class=\"post-date habertarih\" style=\"display: block; font-weight: bold; margin-bottom: 5px;\">7 Ekim 2025<\/span><a class=\"haberbaslik\" href=\"https:\/\/atauni.edu.tr\/yonetim-bilisim-sistemleri-bolumu\/2025\/10\/07\/ogrenci-bilgi-sistemi-oryantasyon-programi\/\">\u00d6\u011frenci Bilgi Sistemi Oryantasyon Program\u0131<\/a><\/div><\/li><li style=\"display: flex; margin-bottom: 10px; align-items: center;\"><div class=\"post-thumbnail\" style=\"margin-right: 15px;\"><a href=\"https:\/\/atauni.edu.tr\/yonetim-bilisim-sistemleri-bolumu\/2025\/10\/07\/akademik-danismanliklar-yayinlanmistir\/\"><img loading=\"lazy\" decoding=\"async\" width=\"150\" height=\"150\" src=\"https:\/\/atauni.edu.tr\/yonetim-bilisim-sistemleri-bolumu\/wp-content\/uploads\/sites\/174\/2025\/05\/Closed-150x150.png\" class=\"attachment-thumbnail size-thumbnail wp-post-image\" alt=\"\" \/><\/a><\/div><div class=\"post-content\" style=\"flex-grow: 1;\"><span class=\"post-date habertarih\" style=\"display: block; font-weight: bold; margin-bottom: 5px;\">7 Ekim 2025<\/span><a class=\"haberbaslik\" href=\"https:\/\/atauni.edu.tr\/yonetim-bilisim-sistemleri-bolumu\/2025\/10\/07\/akademik-danismanliklar-yayinlanmistir\/\">Akademik Dan\u0131\u015fmanl\u0131klar Yay\u0131nlanm\u0131\u015ft\u0131r<\/a><\/div><\/li><li style=\"display: flex; margin-bottom: 10px; align-items: center;\"><div class=\"post-thumbnail\" style=\"margin-right: 15px;\"><a href=\"https:\/\/atauni.edu.tr\/yonetim-bilisim-sistemleri-bolumu\/2025\/05\/27\/cobit-itil-togaf-sertifikasyon-surecleri-ve-kariyer-imkanlari\/\"><img loading=\"lazy\" decoding=\"async\" width=\"150\" height=\"150\" src=\"https:\/\/atauni.edu.tr\/yonetim-bilisim-sistemleri-bolumu\/wp-content\/uploads\/sites\/174\/2025\/05\/8831dcef-b0d4-474d-843f-ff0d5dc89521-150x150.jpg\" class=\"attachment-thumbnail size-thumbnail wp-post-image\" alt=\"\" \/><\/a><\/div><div class=\"post-content\" style=\"flex-grow: 1;\"><span class=\"post-date habertarih\" style=\"display: block; font-weight: bold; margin-bottom: 5px;\">27 May\u0131s 2025<\/span><a class=\"haberbaslik\" href=\"https:\/\/atauni.edu.tr\/yonetim-bilisim-sistemleri-bolumu\/2025\/05\/27\/cobit-itil-togaf-sertifikasyon-surecleri-ve-kariyer-imkanlari\/\">COBIT, ITIL, TOGAF SERT\u0130F\u0130KASYON S\u00dcRE\u00c7LER\u0130 VE KAR\u0130YER \u0130MKANLARI<\/a><\/div><\/li><\/ul>\n\n\n\n<p><\/p>\n","protected":false},"excerpt":{"rendered":"","protected":false},"author":8,"featured_media":0,"parent":0,"menu_order":0,"comment_status":"closed","ping_status":"closed","template":"","meta":{"footnotes":""},"class_list":["post-7006","page","type-page","status-publish","hentry"],"_links":{"self":[{"href":"https:\/\/atauni.edu.tr\/yonetim-bilisim-sistemleri-bolumu\/wp-json\/wp\/v2\/pages\/7006","targetHints":{"allow":["GET"]}}],"collection":[{"href":"https:\/\/atauni.edu.tr\/yonetim-bilisim-sistemleri-bolumu\/wp-json\/wp\/v2\/pages"}],"about":[{"href":"https:\/\/atauni.edu.tr\/yonetim-bilisim-sistemleri-bolumu\/wp-json\/wp\/v2\/types\/page"}],"author":[{"embeddable":true,"href":"https:\/\/atauni.edu.tr\/yonetim-bilisim-sistemleri-bolumu\/wp-json\/wp\/v2\/users\/8"}],"replies":[{"embeddable":true,"href":"https:\/\/atauni.edu.tr\/yonetim-bilisim-sistemleri-bolumu\/wp-json\/wp\/v2\/comments?post=7006"}],"version-history":[{"count":2,"href":"https:\/\/atauni.edu.tr\/yonetim-bilisim-sistemleri-bolumu\/wp-json\/wp\/v2\/pages\/7006\/revisions"}],"predecessor-version":[{"id":7016,"href":"https:\/\/atauni.edu.tr\/yonetim-bilisim-sistemleri-bolumu\/wp-json\/wp\/v2\/pages\/7006\/revisions\/7016"}],"wp:attachment":[{"href":"https:\/\/atauni.edu.tr\/yonetim-bilisim-sistemleri-bolumu\/wp-json\/wp\/v2\/media?parent=7006"}],"curies":[{"name":"wp","href":"https:\/\/api.w.org\/{rel}","templated":true}]}}