{"id":7008,"date":"2025-06-26T14:44:53","date_gmt":"2025-06-26T11:44:53","guid":{"rendered":"https:\/\/birimler.atauni.edu.tr\/yonetim-bilisim-sistemleri-bolumu\/?page_id=7008"},"modified":"2025-08-03T15:42:45","modified_gmt":"2025-08-03T12:42:45","slug":"etkinlikler","status":"publish","type":"page","link":"https:\/\/atauni.edu.tr\/yonetim-bilisim-sistemleri-bolumu\/etkinlikler\/","title":{"rendered":"Etkinlikler"},"content":{"rendered":"<form method=\"get\" class=\"row g-3\" style=\"margin-bottom: 20px;\"><div class=\"col-md-3\"><input type=\"text\" name=\"etkinlik_ara\" class=\"form-control\" placeholder=\"Etkinlik ara...\" value=\"\"><\/div><div class=\"col-md-3\"><input type=\"date\" name=\"baslangic_tarihi\" class=\"form-control\" value=\"\"><\/div><div class=\"col-md-3\"><input type=\"date\" name=\"bitis_tarihi\" class=\"form-control\" value=\"\"><\/div><div class=\"col-md-3\"><button type=\"submit\" class=\"btn btn-secondary w-50\">Filtrele<\/button><\/div><\/form><div class=\"etkinlikler-grid-container\" style=\"display: grid; grid-template-columns: repeat(3, 1fr); gap: 20px;\"><div class=\"etkinlik-grid-item\"><div class=\"etkinlik-thumbnail\"><img fetchpriority=\"high\" decoding=\"async\" width=\"167\" height=\"300\" src=\"https:\/\/atauni.edu.tr\/yonetim-bilisim-sistemleri-bolumu\/wp-content\/uploads\/sites\/174\/2026\/04\/WhatsApp-Image-2026-04-03-at-23.37.04-167x300.jpeg\" class=\"img-fluid wp-post-image\" alt=\"\" srcset=\"https:\/\/atauni.edu.tr\/yonetim-bilisim-sistemleri-bolumu\/wp-content\/uploads\/sites\/174\/2026\/04\/WhatsApp-Image-2026-04-03-at-23.37.04-167x300.jpeg 167w, https:\/\/atauni.edu.tr\/yonetim-bilisim-sistemleri-bolumu\/wp-content\/uploads\/sites\/174\/2026\/04\/WhatsApp-Image-2026-04-03-at-23.37.04-572x1024.jpeg 572w, https:\/\/atauni.edu.tr\/yonetim-bilisim-sistemleri-bolumu\/wp-content\/uploads\/sites\/174\/2026\/04\/WhatsApp-Image-2026-04-03-at-23.37.04-335x600.jpeg 335w, https:\/\/atauni.edu.tr\/yonetim-bilisim-sistemleri-bolumu\/wp-content\/uploads\/sites\/174\/2026\/04\/WhatsApp-Image-2026-04-03-at-23.37.04-313x560.jpeg 313w, https:\/\/atauni.edu.tr\/yonetim-bilisim-sistemleri-bolumu\/wp-content\/uploads\/sites\/174\/2026\/04\/WhatsApp-Image-2026-04-03-at-23.37.04.jpeg 768w\" sizes=\"(max-width: 167px) 100vw, 167px\" \/><\/div><div class=\"etkinlik-datee\"><span class=\"day\">04<\/span><span class=\"month\">Nisan<\/span><span class=\"year\">2026<\/span><\/div><a href=\"https:\/\/atauni.edu.tr\/yonetim-bilisim-sistemleri-bolumu\/2026\/04\/04\/ybs-kariyer-haftasi-etkinlikleri\/\" class=\"etkinlik-titlee\">YBS Kariyer Haftas\u0131 Etkinlikleri<\/a><\/div><div class=\"etkinlik-grid-item\"><div class=\"etkinlik-thumbnail\"><img decoding=\"async\" width=\"276\" height=\"300\" src=\"https:\/\/atauni.edu.tr\/yonetim-bilisim-sistemleri-bolumu\/wp-content\/uploads\/sites\/174\/2025\/12\/AFIS_page-0001-276x300.jpg\" class=\"img-fluid wp-post-image\" alt=\"\" srcset=\"https:\/\/atauni.edu.tr\/yonetim-bilisim-sistemleri-bolumu\/wp-content\/uploads\/sites\/174\/2025\/12\/AFIS_page-0001-276x300.jpg 276w, https:\/\/atauni.edu.tr\/yonetim-bilisim-sistemleri-bolumu\/wp-content\/uploads\/sites\/174\/2025\/12\/AFIS_page-0001-942x1024.jpg 942w, https:\/\/atauni.edu.tr\/yonetim-bilisim-sistemleri-bolumu\/wp-content\/uploads\/sites\/174\/2025\/12\/AFIS_page-0001-768x835.jpg 768w, https:\/\/atauni.edu.tr\/yonetim-bilisim-sistemleri-bolumu\/wp-content\/uploads\/sites\/174\/2025\/12\/AFIS_page-0001-1413x1536.jpg 1413w, https:\/\/atauni.edu.tr\/yonetim-bilisim-sistemleri-bolumu\/wp-content\/uploads\/sites\/174\/2025\/12\/AFIS_page-0001-1884x2048.jpg 1884w, https:\/\/atauni.edu.tr\/yonetim-bilisim-sistemleri-bolumu\/wp-content\/uploads\/sites\/174\/2025\/12\/AFIS_page-0001-552x600.jpg 552w, https:\/\/atauni.edu.tr\/yonetim-bilisim-sistemleri-bolumu\/wp-content\/uploads\/sites\/174\/2025\/12\/AFIS_page-0001-515x560.jpg 515w\" sizes=\"(max-width: 276px) 100vw, 276px\" \/><\/div><div class=\"etkinlik-datee\"><span class=\"day\">17<\/span><span class=\"month\">Aral\u0131k<\/span><span class=\"year\">2025<\/span><\/div><a href=\"https:\/\/atauni.edu.tr\/yonetim-bilisim-sistemleri-bolumu\/2025\/12\/17\/sektorle-bulusmalar-beklentiler-ve-kaygilar\/\" class=\"etkinlik-titlee\">Sekt\u00f6rle Bulu\u015fmalar: Beklentiler ve Kayg\u0131lar<\/a><\/div><div class=\"etkinlik-grid-item\"><div class=\"etkinlik-thumbnail\"><img decoding=\"async\" width=\"225\" height=\"300\" src=\"https:\/\/atauni.edu.tr\/yonetim-bilisim-sistemleri-bolumu\/wp-content\/uploads\/sites\/174\/2025\/12\/1-225x300.jpeg\" class=\"img-fluid wp-post-image\" alt=\"\" srcset=\"https:\/\/atauni.edu.tr\/yonetim-bilisim-sistemleri-bolumu\/wp-content\/uploads\/sites\/174\/2025\/12\/1-225x300.jpeg 225w, https:\/\/atauni.edu.tr\/yonetim-bilisim-sistemleri-bolumu\/wp-content\/uploads\/sites\/174\/2025\/12\/1-768x1024.jpeg 768w, https:\/\/atauni.edu.tr\/yonetim-bilisim-sistemleri-bolumu\/wp-content\/uploads\/sites\/174\/2025\/12\/1-1152x1536.jpeg 1152w, https:\/\/atauni.edu.tr\/yonetim-bilisim-sistemleri-bolumu\/wp-content\/uploads\/sites\/174\/2025\/12\/1-450x600.jpeg 450w, https:\/\/atauni.edu.tr\/yonetim-bilisim-sistemleri-bolumu\/wp-content\/uploads\/sites\/174\/2025\/12\/1-420x560.jpeg 420w, https:\/\/atauni.edu.tr\/yonetim-bilisim-sistemleri-bolumu\/wp-content\/uploads\/sites\/174\/2025\/12\/1.jpeg 1440w\" sizes=\"(max-width: 225px) 100vw, 225px\" \/><\/div><div class=\"etkinlik-datee\"><span class=\"day\">08<\/span><span class=\"month\">Aral\u0131k<\/span><span class=\"year\">2025<\/span><\/div><a href=\"https:\/\/atauni.edu.tr\/yonetim-bilisim-sistemleri-bolumu\/2025\/12\/08\/kariyer-gelisimi-soylesisi-prof-dr-ustun-ozen\/\" class=\"etkinlik-titlee\">Kariyer Geli\u015fimi S\u00f6yle\u015fisi &#8211; Prof. Dr. \u00dcst\u00fcn \u00d6ZEN<\/a><\/div><div class=\"etkinlik-grid-item\"><div class=\"etkinlik-thumbnail\"><img loading=\"lazy\" decoding=\"async\" width=\"300\" height=\"300\" src=\"https:\/\/atauni.edu.tr\/yonetim-bilisim-sistemleri-bolumu\/wp-content\/uploads\/sites\/174\/2025\/11\/WhatsApp-Image-2025-11-27-at-16.38.37-300x300.jpeg\" class=\"img-fluid wp-post-image\" alt=\"\" srcset=\"https:\/\/atauni.edu.tr\/yonetim-bilisim-sistemleri-bolumu\/wp-content\/uploads\/sites\/174\/2025\/11\/WhatsApp-Image-2025-11-27-at-16.38.37-300x300.jpeg 300w, https:\/\/atauni.edu.tr\/yonetim-bilisim-sistemleri-bolumu\/wp-content\/uploads\/sites\/174\/2025\/11\/WhatsApp-Image-2025-11-27-at-16.38.37-1024x1024.jpeg 1024w, https:\/\/atauni.edu.tr\/yonetim-bilisim-sistemleri-bolumu\/wp-content\/uploads\/sites\/174\/2025\/11\/WhatsApp-Image-2025-11-27-at-16.38.37-150x150.jpeg 150w, https:\/\/atauni.edu.tr\/yonetim-bilisim-sistemleri-bolumu\/wp-content\/uploads\/sites\/174\/2025\/11\/WhatsApp-Image-2025-11-27-at-16.38.37-768x768.jpeg 768w, https:\/\/atauni.edu.tr\/yonetim-bilisim-sistemleri-bolumu\/wp-content\/uploads\/sites\/174\/2025\/11\/WhatsApp-Image-2025-11-27-at-16.38.37-600x600.jpeg 600w, https:\/\/atauni.edu.tr\/yonetim-bilisim-sistemleri-bolumu\/wp-content\/uploads\/sites\/174\/2025\/11\/WhatsApp-Image-2025-11-27-at-16.38.37-560x560.jpeg 560w, https:\/\/atauni.edu.tr\/yonetim-bilisim-sistemleri-bolumu\/wp-content\/uploads\/sites\/174\/2025\/11\/WhatsApp-Image-2025-11-27-at-16.38.37.jpeg 1080w\" sizes=\"(max-width: 300px) 100vw, 300px\" \/><\/div><div class=\"etkinlik-datee\"><span class=\"day\">28<\/span><span class=\"month\">Kas\u0131m<\/span><span class=\"year\">2025<\/span><\/div><a href=\"https:\/\/atauni.edu.tr\/yonetim-bilisim-sistemleri-bolumu\/2025\/11\/28\/is-kulubu-egitimleri\/\" class=\"etkinlik-titlee\">\u0130\u015f Kul\u00fcb\u00fc E\u011fitimleri<\/a><\/div><div class=\"etkinlik-grid-item\"><div class=\"etkinlik-datee\"><span class=\"day\">07<\/span><span class=\"month\">Kas\u0131m<\/span><span class=\"year\">2025<\/span><\/div><a href=\"https:\/\/atauni.edu.tr\/yonetim-bilisim-sistemleri-bolumu\/2025\/11\/07\/proje-oryantasyon-toplantisi-yapildi\/\" class=\"etkinlik-titlee\">Proje Oryantasyon Toplant\u0131s\u0131 Yap\u0131ld\u0131<\/a><\/div><div class=\"etkinlik-grid-item\"><div class=\"etkinlik-thumbnail\"><img loading=\"lazy\" decoding=\"async\" width=\"300\" height=\"225\" src=\"https:\/\/atauni.edu.tr\/yonetim-bilisim-sistemleri-bolumu\/wp-content\/uploads\/sites\/174\/2025\/11\/WhatsApp-Image-2025-11-06-at-14.31.03-300x225.jpeg\" class=\"img-fluid wp-post-image\" alt=\"\" srcset=\"https:\/\/atauni.edu.tr\/yonetim-bilisim-sistemleri-bolumu\/wp-content\/uploads\/sites\/174\/2025\/11\/WhatsApp-Image-2025-11-06-at-14.31.03-300x225.jpeg 300w, https:\/\/atauni.edu.tr\/yonetim-bilisim-sistemleri-bolumu\/wp-content\/uploads\/sites\/174\/2025\/11\/WhatsApp-Image-2025-11-06-at-14.31.03-1024x768.jpeg 1024w, https:\/\/atauni.edu.tr\/yonetim-bilisim-sistemleri-bolumu\/wp-content\/uploads\/sites\/174\/2025\/11\/WhatsApp-Image-2025-11-06-at-14.31.03-768x576.jpeg 768w, https:\/\/atauni.edu.tr\/yonetim-bilisim-sistemleri-bolumu\/wp-content\/uploads\/sites\/174\/2025\/11\/WhatsApp-Image-2025-11-06-at-14.31.03-1536x1152.jpeg 1536w, https:\/\/atauni.edu.tr\/yonetim-bilisim-sistemleri-bolumu\/wp-content\/uploads\/sites\/174\/2025\/11\/WhatsApp-Image-2025-11-06-at-14.31.03-600x450.jpeg 600w, https:\/\/atauni.edu.tr\/yonetim-bilisim-sistemleri-bolumu\/wp-content\/uploads\/sites\/174\/2025\/11\/WhatsApp-Image-2025-11-06-at-14.31.03-560x420.jpeg 560w, https:\/\/atauni.edu.tr\/yonetim-bilisim-sistemleri-bolumu\/wp-content\/uploads\/sites\/174\/2025\/11\/WhatsApp-Image-2025-11-06-at-14.31.03.jpeg 2048w\" sizes=\"(max-width: 300px) 100vw, 300px\" \/><\/div><div class=\"etkinlik-datee\"><span class=\"day\">07<\/span><span class=\"month\">Kas\u0131m<\/span><span class=\"year\">2025<\/span><\/div><a href=\"https:\/\/atauni.edu.tr\/yonetim-bilisim-sistemleri-bolumu\/2025\/11\/07\/akran-danismanligi-oryantasyon-toplantisi-yapildi\/\" class=\"etkinlik-titlee\">Akran Dan\u0131\u015fmanl\u0131\u011f\u0131 Oryantasyon Toplant\u0131s\u0131 Yap\u0131ld\u0131<\/a><\/div><div class=\"etkinlik-grid-item\"><div class=\"etkinlik-thumbnail\"><img loading=\"lazy\" decoding=\"async\" width=\"212\" height=\"300\" src=\"https:\/\/atauni.edu.tr\/yonetim-bilisim-sistemleri-bolumu\/wp-content\/uploads\/sites\/174\/2025\/11\/Mufredat-ve-Ders-Icerigi-212x300.png\" class=\"img-fluid wp-post-image\" alt=\"\" srcset=\"https:\/\/atauni.edu.tr\/yonetim-bilisim-sistemleri-bolumu\/wp-content\/uploads\/sites\/174\/2025\/11\/Mufredat-ve-Ders-Icerigi-212x300.png 212w, https:\/\/atauni.edu.tr\/yonetim-bilisim-sistemleri-bolumu\/wp-content\/uploads\/sites\/174\/2025\/11\/Mufredat-ve-Ders-Icerigi-724x1024.png 724w, https:\/\/atauni.edu.tr\/yonetim-bilisim-sistemleri-bolumu\/wp-content\/uploads\/sites\/174\/2025\/11\/Mufredat-ve-Ders-Icerigi-768x1086.png 768w, https:\/\/atauni.edu.tr\/yonetim-bilisim-sistemleri-bolumu\/wp-content\/uploads\/sites\/174\/2025\/11\/Mufredat-ve-Ders-Icerigi-1086x1536.png 1086w, https:\/\/atauni.edu.tr\/yonetim-bilisim-sistemleri-bolumu\/wp-content\/uploads\/sites\/174\/2025\/11\/Mufredat-ve-Ders-Icerigi-424x600.png 424w, https:\/\/atauni.edu.tr\/yonetim-bilisim-sistemleri-bolumu\/wp-content\/uploads\/sites\/174\/2025\/11\/Mufredat-ve-Ders-Icerigi-396x560.png 396w, https:\/\/atauni.edu.tr\/yonetim-bilisim-sistemleri-bolumu\/wp-content\/uploads\/sites\/174\/2025\/11\/Mufredat-ve-Ders-Icerigi.png 1414w\" sizes=\"(max-width: 212px) 100vw, 212px\" \/><\/div><div class=\"etkinlik-datee\"><span class=\"day\">04<\/span><span class=\"month\">Kas\u0131m<\/span><span class=\"year\">2025<\/span><\/div><a href=\"https:\/\/atauni.edu.tr\/yonetim-bilisim-sistemleri-bolumu\/2025\/11\/04\/yonetim-bilisim-sistemleri-bolumu-mufredat-ders-icerigi-oryantasyon-programi\/\" class=\"etkinlik-titlee\">Y\u00f6netim Bili\u015fim Sistemleri B\u00f6l\u00fcm\u00fc M\u00fcfredat, Ders \u0130\u00e7eri\u011fi Oryantasyon Program\u0131<\/a><\/div><div class=\"etkinlik-grid-item\"><div class=\"etkinlik-thumbnail\"><img loading=\"lazy\" decoding=\"async\" width=\"212\" height=\"300\" src=\"https:\/\/atauni.edu.tr\/yonetim-bilisim-sistemleri-bolumu\/wp-content\/uploads\/sites\/174\/2025\/10\/WhatsApp-Image-2025-10-07-at-23.57.30-212x300.jpeg\" class=\"img-fluid wp-post-image\" alt=\"\" srcset=\"https:\/\/atauni.edu.tr\/yonetim-bilisim-sistemleri-bolumu\/wp-content\/uploads\/sites\/174\/2025\/10\/WhatsApp-Image-2025-10-07-at-23.57.30-212x300.jpeg 212w, https:\/\/atauni.edu.tr\/yonetim-bilisim-sistemleri-bolumu\/wp-content\/uploads\/sites\/174\/2025\/10\/WhatsApp-Image-2025-10-07-at-23.57.30-724x1024.jpeg 724w, https:\/\/atauni.edu.tr\/yonetim-bilisim-sistemleri-bolumu\/wp-content\/uploads\/sites\/174\/2025\/10\/WhatsApp-Image-2025-10-07-at-23.57.30-768x1086.jpeg 768w, https:\/\/atauni.edu.tr\/yonetim-bilisim-sistemleri-bolumu\/wp-content\/uploads\/sites\/174\/2025\/10\/WhatsApp-Image-2025-10-07-at-23.57.30-1086x1536.jpeg 1086w, https:\/\/atauni.edu.tr\/yonetim-bilisim-sistemleri-bolumu\/wp-content\/uploads\/sites\/174\/2025\/10\/WhatsApp-Image-2025-10-07-at-23.57.30-424x600.jpeg 424w, https:\/\/atauni.edu.tr\/yonetim-bilisim-sistemleri-bolumu\/wp-content\/uploads\/sites\/174\/2025\/10\/WhatsApp-Image-2025-10-07-at-23.57.30-396x560.jpeg 396w, https:\/\/atauni.edu.tr\/yonetim-bilisim-sistemleri-bolumu\/wp-content\/uploads\/sites\/174\/2025\/10\/WhatsApp-Image-2025-10-07-at-23.57.30.jpeg 1131w\" sizes=\"(max-width: 212px) 100vw, 212px\" \/><\/div><div class=\"etkinlik-datee\"><span class=\"day\">07<\/span><span class=\"month\">Ekim<\/span><span class=\"year\">2025<\/span><\/div><a href=\"https:\/\/atauni.edu.tr\/yonetim-bilisim-sistemleri-bolumu\/2025\/10\/07\/ogrenci-bilgi-sistemi-oryantasyon-programi\/\" class=\"etkinlik-titlee\">\u00d6\u011frenci Bilgi Sistemi Oryantasyon Program\u0131<\/a><\/div><div class=\"etkinlik-grid-item\"><div class=\"etkinlik-thumbnail\"><img loading=\"lazy\" decoding=\"async\" width=\"212\" height=\"300\" src=\"https:\/\/atauni.edu.tr\/yonetim-bilisim-sistemleri-bolumu\/wp-content\/uploads\/sites\/174\/2025\/05\/Closed-212x300.png\" class=\"img-fluid wp-post-image\" alt=\"\" srcset=\"https:\/\/atauni.edu.tr\/yonetim-bilisim-sistemleri-bolumu\/wp-content\/uploads\/sites\/174\/2025\/05\/Closed-212x300.png 212w, https:\/\/atauni.edu.tr\/yonetim-bilisim-sistemleri-bolumu\/wp-content\/uploads\/sites\/174\/2025\/05\/Closed-724x1024.png 724w, https:\/\/atauni.edu.tr\/yonetim-bilisim-sistemleri-bolumu\/wp-content\/uploads\/sites\/174\/2025\/05\/Closed-768x1086.png 768w, https:\/\/atauni.edu.tr\/yonetim-bilisim-sistemleri-bolumu\/wp-content\/uploads\/sites\/174\/2025\/05\/Closed-1086x1536.png 1086w, https:\/\/atauni.edu.tr\/yonetim-bilisim-sistemleri-bolumu\/wp-content\/uploads\/sites\/174\/2025\/05\/Closed-424x600.png 424w, https:\/\/atauni.edu.tr\/yonetim-bilisim-sistemleri-bolumu\/wp-content\/uploads\/sites\/174\/2025\/05\/Closed-396x560.png 396w, https:\/\/atauni.edu.tr\/yonetim-bilisim-sistemleri-bolumu\/wp-content\/uploads\/sites\/174\/2025\/05\/Closed.png 1414w\" sizes=\"(max-width: 212px) 100vw, 212px\" \/><\/div><div class=\"etkinlik-datee\"><span class=\"day\">07<\/span><span class=\"month\">Ekim<\/span><span class=\"year\">2025<\/span><\/div><a href=\"https:\/\/atauni.edu.tr\/yonetim-bilisim-sistemleri-bolumu\/2025\/10\/07\/akademik-danismanliklar-yayinlanmistir\/\" class=\"etkinlik-titlee\">Akademik Dan\u0131\u015fmanl\u0131klar Yay\u0131nlanm\u0131\u015ft\u0131r<\/a><\/div><\/div><div class=\"pagination\" style=\"margin-top: 20px;\"><span aria-current=\"page\" class=\"page-numbers current\">1<\/span>\n<a class=\"page-numbers\" href=\"https:\/\/atauni.edu.tr\/yonetim-bilisim-sistemleri-bolumu\/wp-json\/wp\/v2\/pages\/7008\/page\/2\/\">2<\/a>\n<a class=\"next page-numbers\" href=\"https:\/\/atauni.edu.tr\/yonetim-bilisim-sistemleri-bolumu\/wp-json\/wp\/v2\/pages\/7008\/page\/2\/\">Sonraki &raquo;<\/a><\/div>\n\n\n\n<p><\/p>\n","protected":false},"excerpt":{"rendered":"","protected":false},"author":8,"featured_media":0,"parent":0,"menu_order":0,"comment_status":"closed","ping_status":"closed","template":"","meta":{"footnotes":""},"class_list":["post-7008","page","type-page","status-publish","hentry"],"_links":{"self":[{"href":"https:\/\/atauni.edu.tr\/yonetim-bilisim-sistemleri-bolumu\/wp-json\/wp\/v2\/pages\/7008","targetHints":{"allow":["GET"]}}],"collection":[{"href":"https:\/\/atauni.edu.tr\/yonetim-bilisim-sistemleri-bolumu\/wp-json\/wp\/v2\/pages"}],"about":[{"href":"https:\/\/atauni.edu.tr\/yonetim-bilisim-sistemleri-bolumu\/wp-json\/wp\/v2\/types\/page"}],"author":[{"embeddable":true,"href":"https:\/\/atauni.edu.tr\/yonetim-bilisim-sistemleri-bolumu\/wp-json\/wp\/v2\/users\/8"}],"replies":[{"embeddable":true,"href":"https:\/\/atauni.edu.tr\/yonetim-bilisim-sistemleri-bolumu\/wp-json\/wp\/v2\/comments?post=7008"}],"version-history":[{"count":2,"href":"https:\/\/atauni.edu.tr\/yonetim-bilisim-sistemleri-bolumu\/wp-json\/wp\/v2\/pages\/7008\/revisions"}],"predecessor-version":[{"id":7015,"href":"https:\/\/atauni.edu.tr\/yonetim-bilisim-sistemleri-bolumu\/wp-json\/wp\/v2\/pages\/7008\/revisions\/7015"}],"wp:attachment":[{"href":"https:\/\/atauni.edu.tr\/yonetim-bilisim-sistemleri-bolumu\/wp-json\/wp\/v2\/media?parent=7008"}],"curies":[{"name":"wp","href":"https:\/\/api.w.org\/{rel}","templated":true}]}}