{"id":7105,"date":"2026-03-04T10:52:05","date_gmt":"2026-03-04T07:52:05","guid":{"rendered":"https:\/\/atauni.edu.tr\/yonetim-bilisim-sistemleri-bolumu\/?page_id=7105"},"modified":"2026-03-04T10:57:02","modified_gmt":"2026-03-04T07:57:02","slug":"olcme-ve-degerlendirme","status":"publish","type":"page","link":"https:\/\/atauni.edu.tr\/yonetim-bilisim-sistemleri-bolumu\/olcme-ve-degerlendirme\/","title":{"rendered":"\u00d6l\u00e7me ve De\u011ferlendirme"},"content":{"rendered":"\n<p>Y\u00f6netim Bili\u015fim Sistemleri B\u00f6l\u00fcm\u00fc\u2019nde y\u00fcr\u00fct\u00fclen \u00f6l\u00e7me ve de\u011ferlendirme s\u00fcre\u00e7leri, \u00f6\u011frencilerin program \u00e7\u0131kt\u0131lar\u0131 do\u011frultusunda bilgi, beceri ve yetkinlik kazan\u0131m d\u00fczeylerini belirlemek amac\u0131yla sistematik ve \u00e7ok boyutlu bir yakla\u015f\u0131mla ger\u00e7ekle\u015ftirilmektedir. \u00d6l\u00e7me ve de\u011ferlendirme faaliyetleri, Atat\u00fcrk \u00dcniversitesi \u00d6n Lisans ve Lisans E\u011fitim-\u00d6\u011fretim ve S\u0131nav Y\u00f6netmeli\u011fi ile fak\u00fclte ve b\u00f6l\u00fcm kurullar\u0131nca belirlenen ilke ve esaslar do\u011frultusunda y\u00fcr\u00fct\u00fclmektedir.<\/p>\n\n\n\n<p>B\u00f6l\u00fcm\u00fcm\u00fczde \u00f6\u011frencilerin akademik ba\u015far\u0131lar\u0131; ara s\u0131navlar (vize), yar\u0131y\u0131l sonu s\u0131navlar\u0131 (final), b\u00fct\u00fcnleme s\u0131navlar\u0131, k\u0131sa s\u0131navlar, proje \u00e7al\u0131\u015fmalar\u0131, uygulama \u00f6devleri, laboratuvar \u00e7al\u0131\u015fmalar\u0131, sunumlar, d\u00f6nem projeleri ve g\u00f6n\u00fcll\u00fc staj faaliyetleri gibi farkl\u0131 de\u011ferlendirme ara\u00e7lar\u0131 kullan\u0131larak \u00f6l\u00e7\u00fclmektedir. Bu y\u00f6ntemler arac\u0131l\u0131\u011f\u0131yla \u00f6\u011frencilerin yaln\u0131zca teorik bilgi d\u00fczeyleri de\u011fil; analitik d\u00fc\u015f\u00fcnme, problem \u00e7\u00f6zme, yaz\u0131l\u0131m geli\u015ftirme, veri analizi, proje y\u00f6netimi ve tak\u0131m \u00e7al\u0131\u015fmas\u0131 gibi uygulamaya d\u00f6n\u00fck yetkinlikleri de de\u011ferlendirilmektedir.<\/p>\n\n\n\n<p>Her ders i\u00e7in kullan\u0131lacak \u00f6l\u00e7me ara\u00e7lar\u0131 ve bu ara\u00e7lar\u0131n a\u011f\u0131rl\u0131klar\u0131 ders \u00f6\u011fretim elemanlar\u0131 taraf\u0131ndan belirlenmekte ve ders bilgi paketlerinde \u00f6\u011frencilere ilan edilmektedir. B\u00f6ylece \u00f6l\u00e7me ve de\u011ferlendirme s\u00fcre\u00e7lerinde \u015feffafl\u0131k ve \u00f6ng\u00f6r\u00fclebilirlik sa\u011flanmaktad\u0131r. Ders de\u011ferlendirme kriterleri, dersin \u00f6\u011frenme \u00e7\u0131kt\u0131lar\u0131 ile program \u00e7\u0131kt\u0131lar\u0131 aras\u0131ndaki ili\u015fki dikkate al\u0131narak tasarlanmakta ve \u00f6\u011frencilerin bu \u00e7\u0131kt\u0131lara ula\u015fma d\u00fczeyleri d\u00fczenli olarak izlenmektedir.<\/p>\n\n\n\n<p>B\u00f6l\u00fcm\u00fcm\u00fczde \u00f6l\u00e7me ve de\u011ferlendirme s\u00fcre\u00e7leri yaln\u0131zca bireysel ders ba\u015far\u0131s\u0131n\u0131 belirlemekle s\u0131n\u0131rl\u0131 olmay\u0131p ayn\u0131 zamanda program\u0131n e\u011fitim kalitesinin geli\u015ftirilmesine y\u00f6nelik veri \u00fcretmeyi de ama\u00e7lamaktad\u0131r. Bu kapsamda \u00f6\u011frencilerin ders ba\u015far\u0131lar\u0131, geri bildirimleri ve akademik performanslar\u0131 b\u00f6l\u00fcm kurullar\u0131 taraf\u0131ndan periyodik olarak analiz edilmekte ve gerekli g\u00f6r\u00fclen durumlarda ders i\u00e7erikleri, \u00f6\u011fretim y\u00f6ntemleri ve de\u011ferlendirme ara\u00e7lar\u0131nda iyile\u015ftirmeler yap\u0131lmaktad\u0131r.<\/p>\n\n\n\n<p>Programdan mezun olabilmek i\u00e7in \u00f6\u011frencilerin toplam <strong>240 AKTS kredilik ders al\u0131p ba\u015far\u0131yla tamamlamalar\u0131 ve genel not ortalamalar\u0131n\u0131n en az 4.00 \u00fczerinden 2.00 olmas\u0131 gerekmektedir.<\/strong><\/p>\n\n\n\n<p>Bu yakla\u015f\u0131m sayesinde Y\u00f6netim Bili\u015fim Sistemleri B\u00f6l\u00fcm\u00fc\u2019nde \u00f6l\u00e7me ve de\u011ferlendirme s\u00fcre\u00e7leri; \u00f6\u011frenci \u00f6\u011frenmesini destekleyen, program \u00e7\u0131kt\u0131lar\u0131n\u0131n ger\u00e7ekle\u015fme d\u00fczeyini izleyen ve e\u011fitim kalitesinin s\u00fcrekli iyile\u015ftirilmesine katk\u0131 sa\u011flayan b\u00fct\u00fcnc\u00fcl bir kalite g\u00fcvencesi mekanizmas\u0131 olarak y\u00fcr\u00fct\u00fclmektedir.<\/p>\n","protected":false},"excerpt":{"rendered":"<p>Y\u00f6netim Bili\u015fim Sistemleri B\u00f6l\u00fcm\u00fc\u2019nde y\u00fcr\u00fct\u00fclen \u00f6l\u00e7me ve de\u011ferlendirme s\u00fcre\u00e7leri, \u00f6\u011frencilerin program \u00e7\u0131kt\u0131lar\u0131 do\u011frultusunda bilgi, beceri ve yetkinlik kazan\u0131m d\u00fczeylerini belirlemek amac\u0131yla sistematik ve \u00e7ok boyutlu bir yakla\u015f\u0131mla ger\u00e7ekle\u015ftirilmektedir. \u00d6l\u00e7me ve de\u011ferlendirme faaliyetleri, Atat\u00fcrk \u00dcniversitesi \u00d6n Lisans ve Lisans E\u011fitim-\u00d6\u011fretim ve S\u0131nav Y\u00f6netmeli\u011fi ile fak\u00fclte ve b\u00f6l\u00fcm kurullar\u0131nca belirlenen ilke ve esaslar do\u011frultusunda y\u00fcr\u00fct\u00fclmektedir. B\u00f6l\u00fcm\u00fcm\u00fczde \u00f6\u011frencilerin [&hellip;]<\/p>\n","protected":false},"author":586,"featured_media":0,"parent":0,"menu_order":0,"comment_status":"closed","ping_status":"closed","template":"","meta":{"footnotes":""},"class_list":["post-7105","page","type-page","status-publish","hentry"],"_links":{"self":[{"href":"https:\/\/atauni.edu.tr\/yonetim-bilisim-sistemleri-bolumu\/wp-json\/wp\/v2\/pages\/7105","targetHints":{"allow":["GET"]}}],"collection":[{"href":"https:\/\/atauni.edu.tr\/yonetim-bilisim-sistemleri-bolumu\/wp-json\/wp\/v2\/pages"}],"about":[{"href":"https:\/\/atauni.edu.tr\/yonetim-bilisim-sistemleri-bolumu\/wp-json\/wp\/v2\/types\/page"}],"author":[{"embeddable":true,"href":"https:\/\/atauni.edu.tr\/yonetim-bilisim-sistemleri-bolumu\/wp-json\/wp\/v2\/users\/586"}],"replies":[{"embeddable":true,"href":"https:\/\/atauni.edu.tr\/yonetim-bilisim-sistemleri-bolumu\/wp-json\/wp\/v2\/comments?post=7105"}],"version-history":[{"count":2,"href":"https:\/\/atauni.edu.tr\/yonetim-bilisim-sistemleri-bolumu\/wp-json\/wp\/v2\/pages\/7105\/revisions"}],"predecessor-version":[{"id":7108,"href":"https:\/\/atauni.edu.tr\/yonetim-bilisim-sistemleri-bolumu\/wp-json\/wp\/v2\/pages\/7105\/revisions\/7108"}],"wp:attachment":[{"href":"https:\/\/atauni.edu.tr\/yonetim-bilisim-sistemleri-bolumu\/wp-json\/wp\/v2\/media?parent=7105"}],"curies":[{"name":"wp","href":"https:\/\/api.w.org\/{rel}","templated":true}]}}