{"id":7115,"date":"2026-03-04T11:07:04","date_gmt":"2026-03-04T08:07:04","guid":{"rendered":"https:\/\/atauni.edu.tr\/yonetim-bilisim-sistemleri-bolumu\/?page_id=7115"},"modified":"2026-03-04T11:07:04","modified_gmt":"2026-03-04T08:07:04","slug":"kurumsal-destek-ve-finansal-kaynaklar","status":"publish","type":"page","link":"https:\/\/atauni.edu.tr\/yonetim-bilisim-sistemleri-bolumu\/kurumsal-destek-ve-finansal-kaynaklar\/","title":{"rendered":"Kurumsal Destek ve Finansal Kaynaklar"},"content":{"rendered":"\n<p>Atat\u00fcrk \u00dcniversitesi Y\u00f6netim Bili\u015fim Sistemleri B\u00f6l\u00fcm\u00fc, e\u011fitim-\u00f6\u011fretim, ara\u015ft\u0131rma ve toplumsal katk\u0131 faaliyetlerini s\u00fcrd\u00fcrebilmek amac\u0131yla \u00fcniversite taraf\u0131ndan sa\u011flanan kurumsal desteklerden ve \u00e7e\u015fitli finansal kaynaklardan yararlanmaktad\u0131r. B\u00f6l\u00fcm\u00fcm\u00fczde y\u00fcr\u00fct\u00fclen akademik \u00e7al\u0131\u015fmalar, Atat\u00fcrk \u00dcniversitesi\u2019nin ara\u015ft\u0131rma odakl\u0131 \u00fcniversite vizyonu do\u011frultusunda farkl\u0131 proje ve destek mekanizmalar\u0131 arac\u0131l\u0131\u011f\u0131yla desteklenmektedir.<\/p>\n\n\n\n<p>B\u00f6l\u00fcm \u00f6\u011fretim elemanlar\u0131 ve \u00f6\u011frencileri taraf\u0131ndan ger\u00e7ekle\u015ftirilen bilimsel ara\u015ft\u0131rma faaliyetleri, ba\u015fta Atat\u00fcrk \u00dcniversitesi <strong>Bilimsel Ara\u015ft\u0131rma Projeleri Koordinasyon Birimi (BAP)<\/strong> olmak \u00fczere \u00e7e\u015fitli ulusal ve uluslararas\u0131 fon kaynaklar\u0131 taraf\u0131ndan desteklenmektedir. BAP kapsam\u0131nda y\u00fcr\u00fct\u00fclen projeler arac\u0131l\u0131\u011f\u0131yla b\u00f6l\u00fcm\u00fcm\u00fczde bilimsel ara\u015ft\u0131rma faaliyetleri te\u015fvik edilmekte, ara\u015ft\u0131rma altyap\u0131s\u0131 g\u00fc\u00e7lendirilmekte ve akademik \u00fcretkenli\u011fin art\u0131r\u0131lmas\u0131 hedeflenmektedir.<\/p>\n\n\n\n<p>Bunun yan\u0131nda b\u00f6l\u00fcm\u00fcm\u00fczde lisans \u00f6\u011frencilerinin ara\u015ft\u0131rma faaliyetlerine kat\u0131l\u0131m\u0131n\u0131 te\u015fvik etmek amac\u0131yla <strong>T\u00dcB\u0130TAK taraf\u0131ndan sa\u011flanan \u00f6\u011frenci ara\u015ft\u0131rma projeleri destekleri<\/strong> hakk\u0131nda d\u00fczenli bilgilendirmeler yap\u0131lmaktad\u0131r. \u00d6zellikle <strong>T\u00dcB\u0130TAK 2209-A \u00dcniversite \u00d6\u011frencileri Ara\u015ft\u0131rma Projeleri Destekleme Program\u0131<\/strong> ve <strong>T\u00dcB\u0130TAK 2209-B \u00dcniversite \u00d6\u011frencileri Sanayiye Y\u00f6nelik Ara\u015ft\u0131rma Projeleri Destekleme Program\u0131<\/strong> kapsam\u0131nda \u00f6\u011frencilerimizin proje geli\u015ftirmeleri te\u015fvik edilmekte ve ba\u015fvuru s\u00fcre\u00e7leri hakk\u0131nda akademik dan\u0131\u015fmanl\u0131k sa\u011flanmaktad\u0131r. Bu sayede \u00f6\u011frencilerin ara\u015ft\u0131rma k\u00fclt\u00fcr\u00fc kazanmalar\u0131 ve bilimsel \u00fcretime erken a\u015famada kat\u0131lmalar\u0131 desteklenmektedir.<\/p>\n\n\n\n<p>B\u00f6l\u00fcm\u00fcm\u00fczde ayr\u0131ca lisans ve lisans\u00fcst\u00fc d\u00fczeyde y\u00fcr\u00fct\u00fclen ara\u015ft\u0131rma faaliyetleri i\u00e7in \u00e7e\u015fitli proje destek mekanizmalar\u0131ndan yararlan\u0131lmaktad\u0131r. Bu kapsamda \u00fcniversite b\u00fcnyesinde y\u00fcr\u00fct\u00fclen <strong>L\u0130KAP (L\u0130SANS \u00d6\u011eRENC\u0130S\u0130 KATILIMLI ARA\u015eTIRMA PROJELER\u0130)<\/strong> gibi destek programlar\u0131 arac\u0131l\u0131\u011f\u0131yla akademik ara\u015ft\u0131rmalar\u0131n geli\u015ftirilmesi ve ara\u015ft\u0131rma s\u00fcre\u00e7lerine \u00f6\u011frencilerin aktif kat\u0131l\u0131m\u0131n\u0131n sa\u011flanmas\u0131 te\u015fvik edilmektedir.<\/p>\n\n\n\n<p>B\u00f6l\u00fcm\u00fcm\u00fczde y\u00fcr\u00fct\u00fclen ara\u015ft\u0131rma faaliyetleri yaln\u0131zca proje destekleri ile s\u0131n\u0131rl\u0131 olmay\u0131p, ayn\u0131 zamanda \u00fcniversitenin sa\u011flad\u0131\u011f\u0131 akademik altyap\u0131, laboratuvar olanaklar\u0131, k\u00fct\u00fcphane kaynaklar\u0131 ve dijital veri tabanlar\u0131 arac\u0131l\u0131\u011f\u0131yla da desteklenmektedir. Bu kapsamda \u00f6\u011frenciler ve \u00f6\u011fretim elemanlar\u0131; bilimsel veri tabanlar\u0131, elektronik kaynaklar ve ara\u015ft\u0131rma altyap\u0131s\u0131ndan etkin bir \u015fekilde yararlanabilmektedir.<\/p>\n\n\n\n<p>Bu kurumsal destek ve finansal kaynaklar sayesinde Y\u00f6netim Bili\u015fim Sistemleri B\u00f6l\u00fcm\u00fc\u2019nde ara\u015ft\u0131rma faaliyetleri te\u015fvik edilmekte, \u00f6\u011frencilerin ara\u015ft\u0131rma projelerine kat\u0131l\u0131m\u0131 art\u0131r\u0131lmakta ve b\u00f6l\u00fcm\u00fcn akademik \u00fcretkenli\u011finin s\u00fcrd\u00fcr\u00fclebilir \u015fekilde geli\u015ftirilmesi ama\u00e7lanmaktad\u0131r.<\/p>\n","protected":false},"excerpt":{"rendered":"<p>Atat\u00fcrk \u00dcniversitesi Y\u00f6netim Bili\u015fim Sistemleri B\u00f6l\u00fcm\u00fc, e\u011fitim-\u00f6\u011fretim, ara\u015ft\u0131rma ve toplumsal katk\u0131 faaliyetlerini s\u00fcrd\u00fcrebilmek amac\u0131yla \u00fcniversite taraf\u0131ndan sa\u011flanan kurumsal desteklerden ve \u00e7e\u015fitli finansal kaynaklardan yararlanmaktad\u0131r. B\u00f6l\u00fcm\u00fcm\u00fczde y\u00fcr\u00fct\u00fclen akademik \u00e7al\u0131\u015fmalar, Atat\u00fcrk \u00dcniversitesi\u2019nin ara\u015ft\u0131rma odakl\u0131 \u00fcniversite vizyonu do\u011frultusunda farkl\u0131 proje ve destek mekanizmalar\u0131 arac\u0131l\u0131\u011f\u0131yla desteklenmektedir. B\u00f6l\u00fcm \u00f6\u011fretim elemanlar\u0131 ve \u00f6\u011frencileri taraf\u0131ndan ger\u00e7ekle\u015ftirilen bilimsel ara\u015ft\u0131rma faaliyetleri, ba\u015fta Atat\u00fcrk \u00dcniversitesi [&hellip;]<\/p>\n","protected":false},"author":586,"featured_media":0,"parent":0,"menu_order":0,"comment_status":"closed","ping_status":"closed","template":"","meta":{"footnotes":""},"class_list":["post-7115","page","type-page","status-publish","hentry"],"_links":{"self":[{"href":"https:\/\/atauni.edu.tr\/yonetim-bilisim-sistemleri-bolumu\/wp-json\/wp\/v2\/pages\/7115","targetHints":{"allow":["GET"]}}],"collection":[{"href":"https:\/\/atauni.edu.tr\/yonetim-bilisim-sistemleri-bolumu\/wp-json\/wp\/v2\/pages"}],"about":[{"href":"https:\/\/atauni.edu.tr\/yonetim-bilisim-sistemleri-bolumu\/wp-json\/wp\/v2\/types\/page"}],"author":[{"embeddable":true,"href":"https:\/\/atauni.edu.tr\/yonetim-bilisim-sistemleri-bolumu\/wp-json\/wp\/v2\/users\/586"}],"replies":[{"embeddable":true,"href":"https:\/\/atauni.edu.tr\/yonetim-bilisim-sistemleri-bolumu\/wp-json\/wp\/v2\/comments?post=7115"}],"version-history":[{"count":1,"href":"https:\/\/atauni.edu.tr\/yonetim-bilisim-sistemleri-bolumu\/wp-json\/wp\/v2\/pages\/7115\/revisions"}],"predecessor-version":[{"id":7116,"href":"https:\/\/atauni.edu.tr\/yonetim-bilisim-sistemleri-bolumu\/wp-json\/wp\/v2\/pages\/7115\/revisions\/7116"}],"wp:attachment":[{"href":"https:\/\/atauni.edu.tr\/yonetim-bilisim-sistemleri-bolumu\/wp-json\/wp\/v2\/media?parent=7115"}],"curies":[{"name":"wp","href":"https:\/\/api.w.org\/{rel}","templated":true}]}}