{"id":7121,"date":"2026-03-04T11:12:11","date_gmt":"2026-03-04T08:12:11","guid":{"rendered":"https:\/\/atauni.edu.tr\/yonetim-bilisim-sistemleri-bolumu\/?page_id=7121"},"modified":"2026-03-04T11:12:11","modified_gmt":"2026-03-04T08:12:11","slug":"programa-ozgu-olcutler","status":"publish","type":"page","link":"https:\/\/atauni.edu.tr\/yonetim-bilisim-sistemleri-bolumu\/programa-ozgu-olcutler\/","title":{"rendered":"Programa \u00d6zg\u00fc \u00d6l\u00e7\u00fctler"},"content":{"rendered":"\n<p><strong>P\u00d6\u00d6 1: Stratejik Y\u00f6netim, Karar Verme ve Kurumsal Uyumluluk Yetkinli\u011fi<\/strong> \u0130\u015fletme ve y\u00f6netim fonksiyonlar\u0131n\u0131 multidisipliner bir perspektifle analiz ederek; ekonomik trendleri, teknolojik geli\u015fmeleri ve hukuki d\u00fczenlemeleri stratejik karar alma s\u00fcre\u00e7lerine entegre etme, teknoloji politikalar\u0131n\u0131 kurumsal hedefler do\u011frultusunda y\u00f6netme yetkinli\u011fine sahip olmal\u0131d\u0131r.<\/p>\n\n\n\n<ul class=\"wp-block-list\">\n<li><strong>\u0130li\u015fkili Dersler:<\/strong> ISL104 \u0130\u015fletme Bilimlerine Giri\u015f, ISL106 Y\u00f6netim ve Organizasyon, ISL103 Genel Muhasebe, FMT153 Genel Matematik, FMT154 Genel Matematik II, IEK101 \u0130statistik, HUK136 Hukukun Temel Kavramlar\u0131, IYB408 Teknoloji Y\u00f6netimi, IYB101 Y\u00f6netim Bili\u015fim Sistemleri.<\/li>\n<\/ul>\n\n\n\n<p><strong>P\u00d6\u00d6 2: Bili\u015fim Altyap\u0131s\u0131, Yaz\u0131l\u0131m Mimarisi ve \u00c7evik Geli\u015ftirme Yetkinli\u011fi<\/strong> Karma\u015f\u0131k algoritmik problemleri \u00e7\u00f6z\u00fcmleme, nesne tabanl\u0131 ve g\u00fcncel programlama dillerini kullanarak \u00f6l\u00e7eklenebilir yaz\u0131l\u0131m \u00e7\u00f6z\u00fcmleri \u00fcretme; bulut tabanl\u0131 a\u011f mimarilerini ve internet teknolojilerini kullanarak u\u00e7tan uca bili\u015fim sistemleri tasarlama ve geli\u015ftirme yetkinli\u011fine sahip olmal\u0131d\u0131r.<\/p>\n\n\n\n<ul class=\"wp-block-list\">\n<li><strong>\u0130li\u015fkili Dersler:<\/strong> IYB103 Bilgisayara Giri\u015f, IYB104 Bilgisayar Donan\u0131m\u0131, IYB201 Algoritmalar ve Programlamaya Giri\u015f, IYB204 G\u00f6rsel Programlama, IYB303 \u0130nternet Programlama, IYB305 Web Tasar\u0131m\u0131, IYB307 Bilgisayar A\u011flar\u0131, IYB304 Nesne Tabanl\u0131 Programlama, IYB306 Mobil Programlama.<\/li>\n<\/ul>\n\n\n\n<p><strong>P\u00d6\u00d6 3: Veri M\u00fchendisli\u011fi, Ak\u0131ll\u0131 Sistemler ve \u0130\u015f Analiti\u011fi Yetkinli\u011fi<\/strong> B\u00fcy\u00fck \u00f6l\u00e7ekli veri setlerini y\u00f6netmek i\u00e7in ileri d\u00fczey veri taban\u0131 mimarileri tasarlama; makine \u00f6\u011frenmesi, derin \u00f6\u011frenme ve yapay zeka tekniklerini kullanarak veriden anlaml\u0131 i\u00e7g\u00f6r\u00fcler \u00fcretme ve bu \u00e7\u00f6z\u00fcmleri i\u015fletme performans\u0131n\u0131 art\u0131racak ak\u0131ll\u0131 sistemlere d\u00f6n\u00fc\u015ft\u00fcrme yetkinli\u011fine sahip olmal\u0131d\u0131r.<\/p>\n\n\n\n<ul class=\"wp-block-list\">\n<li><strong>\u0130li\u015fkili Dersler:<\/strong> IYB202 Veri Taban\u0131 Y\u00f6netim Sistemleri, IYB308 Yap\u0131sal Sorgulama Dili, IYB401 Yapay Zek\u00e2, IYB404 Veri Madencili\u011fi.<\/li>\n<\/ul>\n\n\n\n<p><strong>P\u00d6\u00d6 4: Sistem Analizi, Proje Y\u00f6netimi ve Etik Liderlik Yetkinli\u011fi<\/strong> Bili\u015fim sistemlerinin t\u00fcm ya\u015fam d\u00f6ng\u00fcs\u00fcn\u00fc (SDLC) analiz edip tasarlama; projeleri uluslararas\u0131 standartlar, siber g\u00fcvenlik protokolleri, bili\u015fim hukuku ve etik ilkeler \u00e7er\u00e7evesinde y\u00f6neterek karma\u015f\u0131k kurumsal problemlere yenilik\u00e7i ve sorumlu \u00e7\u00f6z\u00fcmler \u00fcretme yetkinli\u011fine sahip olmal\u0131d\u0131r.<\/p>\n\n\n\n<ul class=\"wp-block-list\">\n<li><strong>\u0130li\u015fkili Dersler:<\/strong> IYB203 Sistem Analizi ve Tasar\u0131m\u0131, IYB406 Kurumsal Sistemler, IYB403 Siber G\u00fcvenlik, IYB405 Bili\u015fim Eti\u011fi, IYB402 YBS Bitirme Projesi, IYB205 \u0130\u015fletim Sistemleri.<\/li>\n<\/ul>\n","protected":false},"excerpt":{"rendered":"<p>P\u00d6\u00d6 1: Stratejik Y\u00f6netim, Karar Verme ve Kurumsal Uyumluluk Yetkinli\u011fi \u0130\u015fletme ve y\u00f6netim fonksiyonlar\u0131n\u0131 multidisipliner bir perspektifle analiz ederek; ekonomik trendleri, teknolojik geli\u015fmeleri ve hukuki d\u00fczenlemeleri stratejik karar alma s\u00fcre\u00e7lerine entegre etme, teknoloji politikalar\u0131n\u0131 kurumsal hedefler do\u011frultusunda y\u00f6netme yetkinli\u011fine sahip olmal\u0131d\u0131r. P\u00d6\u00d6 2: Bili\u015fim Altyap\u0131s\u0131, Yaz\u0131l\u0131m Mimarisi ve \u00c7evik Geli\u015ftirme Yetkinli\u011fi Karma\u015f\u0131k algoritmik problemleri \u00e7\u00f6z\u00fcmleme, [&hellip;]<\/p>\n","protected":false},"author":586,"featured_media":0,"parent":0,"menu_order":0,"comment_status":"closed","ping_status":"closed","template":"","meta":{"footnotes":""},"class_list":["post-7121","page","type-page","status-publish","hentry"],"_links":{"self":[{"href":"https:\/\/atauni.edu.tr\/yonetim-bilisim-sistemleri-bolumu\/wp-json\/wp\/v2\/pages\/7121","targetHints":{"allow":["GET"]}}],"collection":[{"href":"https:\/\/atauni.edu.tr\/yonetim-bilisim-sistemleri-bolumu\/wp-json\/wp\/v2\/pages"}],"about":[{"href":"https:\/\/atauni.edu.tr\/yonetim-bilisim-sistemleri-bolumu\/wp-json\/wp\/v2\/types\/page"}],"author":[{"embeddable":true,"href":"https:\/\/atauni.edu.tr\/yonetim-bilisim-sistemleri-bolumu\/wp-json\/wp\/v2\/users\/586"}],"replies":[{"embeddable":true,"href":"https:\/\/atauni.edu.tr\/yonetim-bilisim-sistemleri-bolumu\/wp-json\/wp\/v2\/comments?post=7121"}],"version-history":[{"count":1,"href":"https:\/\/atauni.edu.tr\/yonetim-bilisim-sistemleri-bolumu\/wp-json\/wp\/v2\/pages\/7121\/revisions"}],"predecessor-version":[{"id":7122,"href":"https:\/\/atauni.edu.tr\/yonetim-bilisim-sistemleri-bolumu\/wp-json\/wp\/v2\/pages\/7121\/revisions\/7122"}],"wp:attachment":[{"href":"https:\/\/atauni.edu.tr\/yonetim-bilisim-sistemleri-bolumu\/wp-json\/wp\/v2\/media?parent=7121"}],"curies":[{"name":"wp","href":"https:\/\/api.w.org\/{rel}","templated":true}]}}