{"id":7151,"date":"2026-04-20T13:09:50","date_gmt":"2026-04-20T10:09:50","guid":{"rendered":"https:\/\/atauni.edu.tr\/yonetim-bilisim-sistemleri-bolumu\/?page_id=7151"},"modified":"2026-04-20T13:09:50","modified_gmt":"2026-04-20T10:09:50","slug":"staj-bilgilendirme-oturumu","status":"publish","type":"page","link":"https:\/\/atauni.edu.tr\/yonetim-bilisim-sistemleri-bolumu\/staj-bilgilendirme-oturumu\/","title":{"rendered":"Staj Bilgilendirme Oturumu"},"content":{"rendered":"\n<p>YBS Kariyer Haftas\u0131 2026 | Staj Bilgilendirme Oturumu<\/p>\n\n\n\n<p>&#8220;YBS Kariyer Haftas\u0131 2026&#8221; etkinlikleri kapsam\u0131nda ger\u00e7ekle\u015ftirilen \u201cStaj Bilgilendirme Oturumu\u201d ile b\u00f6l\u00fcm\u00fcm\u00fczde y\u00fcr\u00fct\u00fclen g\u00f6n\u00fcll\u00fc staj uygulamas\u0131 hakk\u0131nda \u00f6\u011frencilerimize kapsaml\u0131 bilgilendirme yap\u0131lm\u0131\u015ft\u0131r.<br>\ud83d\udccc Oturumda:<br>B\u00f6l\u00fcm\u00fcm\u00fcz\u00fcn staj i\u015f birlikleri tan\u0131t\u0131lm\u0131\u015f ve kontenjanlar hakk\u0131nda bilgi verilmi\u015f,<br>Staj s\u00fcrecine ili\u015fkin temel ad\u0131mlar payla\u015f\u0131lm\u0131\u015f,<br>Staj ba\u015fvuru takvimi \u00f6\u011frencilerimize duyurulmu\u015ftur.<\/p>\n\n\n\n<p>Bu s\u00fcre\u00e7le birlikte, \u00f6\u011frencilerimizin kariyer planlamalar\u0131na erken d\u00f6nemde y\u00f6n verebilmeleri hedeflenmi\u015ftir.<\/p>\n\n\n\n<figure class=\"wp-block-image size-large\"><img fetchpriority=\"high\" decoding=\"async\" width=\"1024\" height=\"768\" src=\"https:\/\/atauni.edu.tr\/yonetim-bilisim-sistemleri-bolumu\/wp-content\/uploads\/sites\/174\/2026\/04\/WhatsApp-Image-2026-04-18-at-16.45.14-1024x768.jpeg\" alt=\"\" class=\"wp-image-7152\" srcset=\"https:\/\/atauni.edu.tr\/yonetim-bilisim-sistemleri-bolumu\/wp-content\/uploads\/sites\/174\/2026\/04\/WhatsApp-Image-2026-04-18-at-16.45.14-1024x768.jpeg 1024w, https:\/\/atauni.edu.tr\/yonetim-bilisim-sistemleri-bolumu\/wp-content\/uploads\/sites\/174\/2026\/04\/WhatsApp-Image-2026-04-18-at-16.45.14-300x225.jpeg 300w, https:\/\/atauni.edu.tr\/yonetim-bilisim-sistemleri-bolumu\/wp-content\/uploads\/sites\/174\/2026\/04\/WhatsApp-Image-2026-04-18-at-16.45.14-768x576.jpeg 768w, https:\/\/atauni.edu.tr\/yonetim-bilisim-sistemleri-bolumu\/wp-content\/uploads\/sites\/174\/2026\/04\/WhatsApp-Image-2026-04-18-at-16.45.14-1536x1152.jpeg 1536w, https:\/\/atauni.edu.tr\/yonetim-bilisim-sistemleri-bolumu\/wp-content\/uploads\/sites\/174\/2026\/04\/WhatsApp-Image-2026-04-18-at-16.45.14-600x450.jpeg 600w, https:\/\/atauni.edu.tr\/yonetim-bilisim-sistemleri-bolumu\/wp-content\/uploads\/sites\/174\/2026\/04\/WhatsApp-Image-2026-04-18-at-16.45.14-560x420.jpeg 560w, https:\/\/atauni.edu.tr\/yonetim-bilisim-sistemleri-bolumu\/wp-content\/uploads\/sites\/174\/2026\/04\/WhatsApp-Image-2026-04-18-at-16.45.14.jpeg 1600w\" sizes=\"(max-width: 1024px) 100vw, 1024px\" \/><\/figure>\n","protected":false},"excerpt":{"rendered":"<p>YBS Kariyer Haftas\u0131 2026 | Staj Bilgilendirme Oturumu &#8220;YBS Kariyer Haftas\u0131 2026&#8221; etkinlikleri kapsam\u0131nda ger\u00e7ekle\u015ftirilen \u201cStaj Bilgilendirme Oturumu\u201d ile b\u00f6l\u00fcm\u00fcm\u00fczde y\u00fcr\u00fct\u00fclen g\u00f6n\u00fcll\u00fc staj uygulamas\u0131 hakk\u0131nda \u00f6\u011frencilerimize kapsaml\u0131 bilgilendirme yap\u0131lm\u0131\u015ft\u0131r.\ud83d\udccc Oturumda:B\u00f6l\u00fcm\u00fcm\u00fcz\u00fcn staj i\u015f birlikleri tan\u0131t\u0131lm\u0131\u015f ve kontenjanlar hakk\u0131nda bilgi verilmi\u015f,Staj s\u00fcrecine ili\u015fkin temel ad\u0131mlar payla\u015f\u0131lm\u0131\u015f,Staj ba\u015fvuru takvimi \u00f6\u011frencilerimize duyurulmu\u015ftur. Bu s\u00fcre\u00e7le birlikte, \u00f6\u011frencilerimizin kariyer planlamalar\u0131na erken [&hellip;]<\/p>\n","protected":false},"author":586,"featured_media":7152,"parent":0,"menu_order":0,"comment_status":"closed","ping_status":"closed","template":"","meta":{"footnotes":""},"class_list":["post-7151","page","type-page","status-publish","has-post-thumbnail","hentry"],"_links":{"self":[{"href":"https:\/\/atauni.edu.tr\/yonetim-bilisim-sistemleri-bolumu\/wp-json\/wp\/v2\/pages\/7151","targetHints":{"allow":["GET"]}}],"collection":[{"href":"https:\/\/atauni.edu.tr\/yonetim-bilisim-sistemleri-bolumu\/wp-json\/wp\/v2\/pages"}],"about":[{"href":"https:\/\/atauni.edu.tr\/yonetim-bilisim-sistemleri-bolumu\/wp-json\/wp\/v2\/types\/page"}],"author":[{"embeddable":true,"href":"https:\/\/atauni.edu.tr\/yonetim-bilisim-sistemleri-bolumu\/wp-json\/wp\/v2\/users\/586"}],"replies":[{"embeddable":true,"href":"https:\/\/atauni.edu.tr\/yonetim-bilisim-sistemleri-bolumu\/wp-json\/wp\/v2\/comments?post=7151"}],"version-history":[{"count":1,"href":"https:\/\/atauni.edu.tr\/yonetim-bilisim-sistemleri-bolumu\/wp-json\/wp\/v2\/pages\/7151\/revisions"}],"predecessor-version":[{"id":7153,"href":"https:\/\/atauni.edu.tr\/yonetim-bilisim-sistemleri-bolumu\/wp-json\/wp\/v2\/pages\/7151\/revisions\/7153"}],"wp:featuredmedia":[{"embeddable":true,"href":"https:\/\/atauni.edu.tr\/yonetim-bilisim-sistemleri-bolumu\/wp-json\/wp\/v2\/media\/7152"}],"wp:attachment":[{"href":"https:\/\/atauni.edu.tr\/yonetim-bilisim-sistemleri-bolumu\/wp-json\/wp\/v2\/media?parent=7151"}],"curies":[{"name":"wp","href":"https:\/\/api.w.org\/{rel}","templated":true}]}}