{"id":12506,"date":"2025-07-29T15:46:34","date_gmt":"2025-07-29T12:46:34","guid":{"rendered":"https:\/\/birimler.atauni.edu.tr\/ziraat-fakultesi\/?page_id=12506"},"modified":"2025-07-29T15:46:40","modified_gmt":"2025-07-29T12:46:40","slug":"haberler","status":"publish","type":"page","link":"https:\/\/atauni.edu.tr\/ziraat-fakultesi\/haberler\/","title":{"rendered":"Haberler"},"content":{"rendered":"<form method=\"get\" class=\"row g-3\" style=\"margin-bottom: 20px;\"><div class=\"col-md-3\"><input type=\"text\" name=\"haber_ara\" class=\"form-control\" placeholder=\"Haber ara...\" value=\"\"><\/div><div class=\"col-md-3\"><input type=\"date\" name=\"baslangic_tarihi\" class=\"form-control\" value=\"\"><\/div><div class=\"col-md-3\"><input type=\"date\" name=\"bitis_tarihi\" class=\"form-control\" value=\"\"><\/div><div class=\"col-md-3\"><button type=\"submit\" class=\"btn btn-secondary w-50\">Filtrele<\/button><\/div><\/form><ul class=\"kategori-yazilari-liste\"><li style=\"display: flex; margin-bottom: 10px; align-items: center;\"><div class=\"post-thumbnail\" style=\"margin-right: 15px;\"><a href=\"https:\/\/atauni.edu.tr\/ziraat-fakultesi\/2024\/10\/01\/ataturk-universitesinden-28-bilim-insani-dunyanin-en-etkili-bilim-insanlari-listesinde-yer-aldi\/\"><img decoding=\"async\" width=\"150\" height=\"150\" src=\"https:\/\/atauni.edu.tr\/ziraat-fakultesi\/wp-content\/uploads\/sites\/77\/2024\/10\/23846edaf220100a4873a0072ffb0759-150x150.jpg\" class=\"attachment-thumbnail size-thumbnail wp-post-image\" alt=\"\" \/><\/a><\/div><div class=\"post-content\" style=\"flex-grow: 1;\"><span class=\"post-date habertarih\" style=\"display: block; font-weight: bold; margin-bottom: 5px;\">1 Ekim 2024<\/span><a class=\"haberbaslik\" href=\"https:\/\/atauni.edu.tr\/ziraat-fakultesi\/2024\/10\/01\/ataturk-universitesinden-28-bilim-insani-dunyanin-en-etkili-bilim-insanlari-listesinde-yer-aldi\/\">ATAT\u00dcRK \u00dcN\u0130VERS\u0130TES\u0130NDEN 28 B\u0130L\u0130M \u0130NSANI \u201cD\u00dcNYANIN EN ETK\u0130L\u0130 B\u0130L\u0130M \u0130NSANLARI\u201d L\u0130STES\u0130NDE YER ALDI<\/a><\/div><\/li><li style=\"display: flex; margin-bottom: 10px; align-items: center;\"><div class=\"post-thumbnail\" style=\"margin-right: 15px;\"><a href=\"https:\/\/atauni.edu.tr\/ziraat-fakultesi\/2024\/09\/26\/fakultemizde-5-bolum-daha-akredite-oldu\/\"><img decoding=\"async\" width=\"150\" height=\"150\" src=\"https:\/\/atauni.edu.tr\/ziraat-fakultesi\/wp-content\/uploads\/sites\/77\/2024\/10\/DSC_0015-150x150.jpg\" class=\"attachment-thumbnail size-thumbnail wp-post-image\" alt=\"\" \/><\/a><\/div><div class=\"post-content\" style=\"flex-grow: 1;\"><span class=\"post-date habertarih\" style=\"display: block; font-weight: bold; margin-bottom: 5px;\">26 Eyl\u00fcl 2024<\/span><a class=\"haberbaslik\" href=\"https:\/\/atauni.edu.tr\/ziraat-fakultesi\/2024\/09\/26\/fakultemizde-5-bolum-daha-akredite-oldu\/\">Fak\u00fcltemizde 5 B\u00f6l\u00fcm Daha Akredite Oldu<\/a><\/div><\/li><\/ul>\n\n\n\n<p><\/p>\n","protected":false},"excerpt":{"rendered":"","protected":false},"author":1,"featured_media":0,"parent":0,"menu_order":0,"comment_status":"closed","ping_status":"closed","template":"","meta":{"footnotes":""},"class_list":["post-12506","page","type-page","status-publish","hentry"],"_links":{"self":[{"href":"https:\/\/atauni.edu.tr\/ziraat-fakultesi\/wp-json\/wp\/v2\/pages\/12506","targetHints":{"allow":["GET"]}}],"collection":[{"href":"https:\/\/atauni.edu.tr\/ziraat-fakultesi\/wp-json\/wp\/v2\/pages"}],"about":[{"href":"https:\/\/atauni.edu.tr\/ziraat-fakultesi\/wp-json\/wp\/v2\/types\/page"}],"author":[{"embeddable":true,"href":"https:\/\/atauni.edu.tr\/ziraat-fakultesi\/wp-json\/wp\/v2\/users\/1"}],"replies":[{"embeddable":true,"href":"https:\/\/atauni.edu.tr\/ziraat-fakultesi\/wp-json\/wp\/v2\/comments?post=12506"}],"version-history":[{"count":1,"href":"https:\/\/atauni.edu.tr\/ziraat-fakultesi\/wp-json\/wp\/v2\/pages\/12506\/revisions"}],"predecessor-version":[{"id":12509,"href":"https:\/\/atauni.edu.tr\/ziraat-fakultesi\/wp-json\/wp\/v2\/pages\/12506\/revisions\/12509"}],"wp:attachment":[{"href":"https:\/\/atauni.edu.tr\/ziraat-fakultesi\/wp-json\/wp\/v2\/media?parent=12506"}],"curies":[{"name":"wp","href":"https:\/\/api.w.org\/{rel}","templated":true}]}}