{"id":12507,"date":"2025-07-29T15:46:51","date_gmt":"2025-07-29T12:46:51","guid":{"rendered":"https:\/\/birimler.atauni.edu.tr\/ziraat-fakultesi\/?page_id=12507"},"modified":"2025-12-03T09:42:46","modified_gmt":"2025-12-03T06:42:46","slug":"etkinlikler","status":"publish","type":"page","link":"https:\/\/atauni.edu.tr\/ziraat-fakultesi\/etkinlikler\/","title":{"rendered":"Etkinlikler"},"content":{"rendered":"\t\t<div data-elementor-type=\"wp-page\" data-elementor-id=\"12507\" class=\"elementor elementor-12507\" data-elementor-post-type=\"page\">\n\t\t\t\t\t\t<section class=\"elementor-section elementor-top-section elementor-element elementor-element-384d8abb elementor-section-boxed elementor-section-height-default elementor-section-height-default\" data-id=\"384d8abb\" data-element_type=\"section\">\n\t\t\t\t\t\t<div class=\"elementor-container elementor-column-gap-default\">\n\t\t\t\t\t<div class=\"elementor-column elementor-col-100 elementor-top-column elementor-element elementor-element-4c5c4cce\" data-id=\"4c5c4cce\" data-element_type=\"column\">\n\t\t\t<div class=\"elementor-widget-wrap elementor-element-populated\">\n\t\t\t\t\t\t<div class=\"elementor-element elementor-element-763e2af7 elementor-widget elementor-widget-text-editor\" data-id=\"763e2af7\" data-element_type=\"widget\" data-widget_type=\"text-editor.default\">\n\t\t\t\t<div class=\"elementor-widget-container\">\n\t\t\t\t\t\t\t\t\t<p><\/p>\n<p>D\u00fcnya Toprak G\u00fcn\u00fc<\/p>\n<p>\n<\/p>\n<p><\/p>\t\t\t\t\t\t\t\t<\/div>\n\t\t\t\t<\/div>\n\t\t\t\t\t<\/div>\n\t\t<\/div>\n\t\t\t\t\t<\/div>\n\t\t<\/section>\n\t\t\t\t<section class=\"elementor-section elementor-top-section elementor-element elementor-element-768d026 elementor-section-boxed elementor-section-height-default elementor-section-height-default\" data-id=\"768d026\" data-element_type=\"section\">\n\t\t\t\t\t\t<div class=\"elementor-container elementor-column-gap-default\">\n\t\t\t\t\t<div class=\"elementor-column elementor-col-100 elementor-top-column elementor-element elementor-element-b437d93\" data-id=\"b437d93\" data-element_type=\"column\">\n\t\t\t<div class=\"elementor-widget-wrap elementor-element-populated\">\n\t\t\t\t\t\t<div class=\"elementor-element elementor-element-26210b3 elementor-widget elementor-widget-image\" data-id=\"26210b3\" data-element_type=\"widget\" data-widget_type=\"image.default\">\n\t\t\t\t<div class=\"elementor-widget-container\">\n\t\t\t\t\t\t\t\t\t\t\t\t\t\t\t<img decoding=\"async\" src=\"http:\/\/birimler.atauni.edu.tr\/ziraat-fakultesi\/wp-content\/uploads\/sites\/77\/2025\/12\/Dunya-Toprak-Gunu-Etkinligi-Afis-4.pdf\" title=\"\" alt=\"\" loading=\"lazy\" \/>\t\t\t\t\t\t\t\t\t\t\t\t\t\t\t<\/div>\n\t\t\t\t<\/div>\n\t\t\t\t\t<\/div>\n\t\t<\/div>\n\t\t\t\t\t<\/div>\n\t\t<\/section>\n\t\t\t\t<\/div>\n\t\t","protected":false},"excerpt":{"rendered":"","protected":false},"author":1,"featured_media":0,"parent":0,"menu_order":0,"comment_status":"closed","ping_status":"closed","template":"","meta":{"footnotes":""},"class_list":["post-12507","page","type-page","status-publish","hentry"],"_links":{"self":[{"href":"https:\/\/atauni.edu.tr\/ziraat-fakultesi\/wp-json\/wp\/v2\/pages\/12507","targetHints":{"allow":["GET"]}}],"collection":[{"href":"https:\/\/atauni.edu.tr\/ziraat-fakultesi\/wp-json\/wp\/v2\/pages"}],"about":[{"href":"https:\/\/atauni.edu.tr\/ziraat-fakultesi\/wp-json\/wp\/v2\/types\/page"}],"author":[{"embeddable":true,"href":"https:\/\/atauni.edu.tr\/ziraat-fakultesi\/wp-json\/wp\/v2\/users\/1"}],"replies":[{"embeddable":true,"href":"https:\/\/atauni.edu.tr\/ziraat-fakultesi\/wp-json\/wp\/v2\/comments?post=12507"}],"version-history":[{"count":5,"href":"https:\/\/atauni.edu.tr\/ziraat-fakultesi\/wp-json\/wp\/v2\/pages\/12507\/revisions"}],"predecessor-version":[{"id":12717,"href":"https:\/\/atauni.edu.tr\/ziraat-fakultesi\/wp-json\/wp\/v2\/pages\/12507\/revisions\/12717"}],"wp:attachment":[{"href":"https:\/\/atauni.edu.tr\/ziraat-fakultesi\/wp-json\/wp\/v2\/media?parent=12507"}],"curies":[{"name":"wp","href":"https:\/\/api.w.org\/{rel}","templated":true}]}}