{"id":5674,"date":"2021-07-13T10:47:12","date_gmt":"2021-07-13T07:47:12","guid":{"rendered":"https:\/\/portaltest.atauni.edu.tr\/muhendislik-fakultesi\/?page_id=5674"},"modified":"2025-09-22T11:53:59","modified_gmt":"2025-09-22T08:53:59","slug":"fakulte-kurulu","status":"publish","type":"page","link":"https:\/\/atauni.edu.tr\/ziraat-fakultesi\/fakulte-kurulu\/","title":{"rendered":"Fak\u00fclte Kurulu"},"content":{"rendered":"\t\t<div data-elementor-type=\"wp-page\" data-elementor-id=\"5674\" class=\"elementor elementor-5674\" data-elementor-post-type=\"page\">\n\t\t\t\t\t\t<section class=\"elementor-section elementor-top-section elementor-element elementor-element-46c2cb5d elementor-section-boxed elementor-section-height-default elementor-section-height-default\" data-id=\"46c2cb5d\" data-element_type=\"section\">\n\t\t\t\t\t\t<div class=\"elementor-container elementor-column-gap-default\">\n\t\t\t\t\t<div class=\"elementor-column elementor-col-100 elementor-top-column elementor-element elementor-element-299813e7\" data-id=\"299813e7\" data-element_type=\"column\">\n\t\t\t<div class=\"elementor-widget-wrap elementor-element-populated\">\n\t\t\t\t\t\t<div class=\"elementor-element elementor-element-3ec495a9 elementor-widget elementor-widget-heading\" data-id=\"3ec495a9\" data-element_type=\"widget\" data-widget_type=\"heading.default\">\n\t\t\t\t<div class=\"elementor-widget-container\">\n\t\t\t\t\t<h2 class=\"elementor-heading-title elementor-size-default\">Fak\u00fclte Kurulu<\/h2>\t\t\t\t<\/div>\n\t\t\t\t<\/div>\n\t\t\t\t<div class=\"elementor-element elementor-element-2092e3b3 elementor-widget-divider--view-line elementor-widget elementor-widget-divider\" data-id=\"2092e3b3\" data-element_type=\"widget\" data-widget_type=\"divider.default\">\n\t\t\t\t<div class=\"elementor-widget-container\">\n\t\t\t\t\t\t\t<div class=\"elementor-divider\">\n\t\t\t<span class=\"elementor-divider-separator\">\n\t\t\t\t\t\t<\/span>\n\t\t<\/div>\n\t\t\t\t\t\t<\/div>\n\t\t\t\t<\/div>\n\t\t\t\t\t<\/div>\n\t\t<\/div>\n\t\t\t\t\t<\/div>\n\t\t<\/section>\n\t\t\t\t<section class=\"elementor-section elementor-top-section elementor-element elementor-element-66714c5 elementor-section-boxed elementor-section-height-default elementor-section-height-default\" data-id=\"66714c5\" data-element_type=\"section\">\n\t\t\t\t\t\t<div class=\"elementor-container elementor-column-gap-default\">\n\t\t\t\t\t<div class=\"elementor-column elementor-col-33 elementor-top-column elementor-element elementor-element-81ad44c\" data-id=\"81ad44c\" data-element_type=\"column\">\n\t\t\t<div class=\"elementor-widget-wrap\">\n\t\t\t\t\t\t\t<\/div>\n\t\t<\/div>\n\t\t\t\t<div class=\"elementor-column elementor-col-33 elementor-top-column elementor-element elementor-element-8e363ed\" data-id=\"8e363ed\" data-element_type=\"column\">\n\t\t\t<div class=\"elementor-widget-wrap elementor-element-populated\">\n\t\t\t\t\t\t<div class=\"elementor-element elementor-element-c28616e elementor-widget elementor-widget-text-editor\" data-id=\"c28616e\" data-element_type=\"widget\" data-widget_type=\"text-editor.default\">\n\t\t\t\t<div class=\"elementor-widget-container\">\n\t\t\t\t\t\t\t\t\t<h6 style=\"text-align: center\">Prof. Dr. \u00d6nder \u00c7ALMA\u015eUR (Ba\u015fkan)<\/h6><p style=\"text-align: center\">Dekan<\/p>\t\t\t\t\t\t\t\t<\/div>\n\t\t\t\t<\/div>\n\t\t\t\t\t<\/div>\n\t\t<\/div>\n\t\t\t\t<div class=\"elementor-column elementor-col-33 elementor-top-column elementor-element elementor-element-3baca46\" data-id=\"3baca46\" data-element_type=\"column\">\n\t\t\t<div class=\"elementor-widget-wrap\">\n\t\t\t\t\t\t\t<\/div>\n\t\t<\/div>\n\t\t\t\t\t<\/div>\n\t\t<\/section>\n\t\t\t\t<section class=\"elementor-section elementor-top-section elementor-element elementor-element-6c2b05b elementor-section-boxed elementor-section-height-default elementor-section-height-default\" data-id=\"6c2b05b\" data-element_type=\"section\">\n\t\t\t\t\t\t<div class=\"elementor-container elementor-column-gap-default\">\n\t\t\t\t\t<div class=\"elementor-column elementor-col-33 elementor-top-column elementor-element elementor-element-a071177\" data-id=\"a071177\" data-element_type=\"column\">\n\t\t\t<div class=\"elementor-widget-wrap elementor-element-populated\">\n\t\t\t\t\t\t<div class=\"elementor-element elementor-element-33e5683 elementor-widget elementor-widget-text-editor\" data-id=\"33e5683\" data-element_type=\"widget\" data-widget_type=\"text-editor.default\">\n\t\t\t\t<div class=\"elementor-widget-container\">\n\t\t\t\t\t\t\t\t\t<h5 style=\"text-align: center\">\u00a0<span style=\"letter-spacing: 0px\">Prof. Dr. Tecer ATSAN (\u00dcye)\u00a0<\/span><\/h5><p style=\"margin: 0px 0px 2rem;line-height: inherit;color: #7a7a7a;font-family: Ubuntu;font-size: 17px;font-style: normal;font-weight: 400;letter-spacing: normal;text-indent: 0px;text-transform: none;background-color: #ffffff;text-align: center\"><span style=\"letter-spacing: 0px\">Tar\u0131m Ekonomisi B\u00f6l\u00fcm Ba\u015fkan\u0131<\/span><\/p>\t\t\t\t\t\t\t\t<\/div>\n\t\t\t\t<\/div>\n\t\t\t\t\t<\/div>\n\t\t<\/div>\n\t\t\t\t<div class=\"elementor-column elementor-col-33 elementor-top-column elementor-element elementor-element-fe55576\" data-id=\"fe55576\" data-element_type=\"column\">\n\t\t\t<div class=\"elementor-widget-wrap elementor-element-populated\">\n\t\t\t\t\t\t<div class=\"elementor-element elementor-element-ad6343e elementor-widget elementor-widget-text-editor\" data-id=\"ad6343e\" data-element_type=\"widget\" data-widget_type=\"text-editor.default\">\n\t\t\t\t<div class=\"elementor-widget-container\">\n\t\t\t\t\t\t\t\t\t<h5 style=\"text-align: center\">\u00a0<span style=\"letter-spacing: 0px\">Prof. Dr. R\u0131dvan KO\u00c7Y\u0130\u011e\u0130T (\u00dcye)\u00a0<\/span><\/h5><p style=\"margin: 0px 0px 2rem;line-height: inherit;color: #7a7a7a;font-family: Ubuntu;font-size: 17px;font-style: normal;font-weight: 400;letter-spacing: normal;text-indent: 0px;text-transform: none;background-color: #ffffff;text-align: center\"><span style=\"letter-spacing: 0px\"><span style=\"letter-spacing: 0px;text-align: left\">Zootekni<\/span><span style=\"letter-spacing: 0px;text-align: left\">\u00a0<\/span>B\u00f6l\u00fcm Ba\u015fkan\u0131<\/span><\/p>\t\t\t\t\t\t\t\t<\/div>\n\t\t\t\t<\/div>\n\t\t\t\t\t<\/div>\n\t\t<\/div>\n\t\t\t\t<div class=\"elementor-column elementor-col-33 elementor-top-column elementor-element elementor-element-1696da1\" data-id=\"1696da1\" data-element_type=\"column\">\n\t\t\t<div class=\"elementor-widget-wrap elementor-element-populated\">\n\t\t\t\t\t\t<div class=\"elementor-element elementor-element-f4afc4a elementor-widget elementor-widget-text-editor\" data-id=\"f4afc4a\" data-element_type=\"widget\" data-widget_type=\"text-editor.default\">\n\t\t\t\t<div class=\"elementor-widget-container\">\n\t\t\t\t\t\t\t\t\t<h5 style=\"text-align: center\">\u00a0<span style=\"letter-spacing: 0px\">Prof. Dr. Mustafa Y\u0131ld\u0131r\u0131m CANBOLAT\u00a0(\u00dcye)\u00a0<\/span><\/h5><p style=\"margin: 0px 0px 2rem;line-height: inherit;color: #7a7a7a;font-family: Ubuntu;font-size: 17px;font-style: normal;font-weight: 400;letter-spacing: normal;text-indent: 0px;text-transform: none;background-color: #ffffff;text-align: center\"><span style=\"letter-spacing: 0px\"><span style=\"letter-spacing: 0px;text-align: left\">Toprak Bilimi ve Bitki Besleme<\/span>\u00a0B\u00f6l\u00fcm Ba\u015fkan\u0131<\/span><\/p>\t\t\t\t\t\t\t\t<\/div>\n\t\t\t\t<\/div>\n\t\t\t\t\t<\/div>\n\t\t<\/div>\n\t\t\t\t\t<\/div>\n\t\t<\/section>\n\t\t\t\t<section class=\"elementor-section elementor-top-section elementor-element elementor-element-d018e42 elementor-section-boxed elementor-section-height-default elementor-section-height-default\" data-id=\"d018e42\" data-element_type=\"section\">\n\t\t\t\t\t\t<div class=\"elementor-container elementor-column-gap-default\">\n\t\t\t\t\t<div class=\"elementor-column elementor-col-33 elementor-top-column elementor-element elementor-element-d36fef3\" data-id=\"d36fef3\" data-element_type=\"column\">\n\t\t\t<div class=\"elementor-widget-wrap elementor-element-populated\">\n\t\t\t\t\t\t<div class=\"elementor-element elementor-element-687e0cd elementor-widget elementor-widget-text-editor\" data-id=\"687e0cd\" data-element_type=\"widget\" data-widget_type=\"text-editor.default\">\n\t\t\t\t<div class=\"elementor-widget-container\">\n\t\t\t\t\t\t\t\t\t<h5 style=\"text-align: center\">\u00a0<span style=\"letter-spacing: 0px\">Prof. Dr. Metin TOSUN (\u00dcye)\u00a0<\/span><\/h5><p style=\"margin: 0px 0px 2rem;line-height: inherit;color: #7a7a7a;font-family: Ubuntu;font-size: 17px;font-style: normal;font-weight: 400;letter-spacing: normal;text-indent: 0px;text-transform: none;background-color: #ffffff;text-align: center\"><span style=\"letter-spacing: 0px\">Tarla Bitkileri B\u00f6l\u00fcm Ba\u015fkan\u0131<\/span><\/p>\t\t\t\t\t\t\t\t<\/div>\n\t\t\t\t<\/div>\n\t\t\t\t\t<\/div>\n\t\t<\/div>\n\t\t\t\t<div class=\"elementor-column elementor-col-33 elementor-top-column elementor-element elementor-element-2303513\" data-id=\"2303513\" data-element_type=\"column\">\n\t\t\t<div class=\"elementor-widget-wrap elementor-element-populated\">\n\t\t\t\t\t\t<div class=\"elementor-element elementor-element-fab9af6 elementor-widget elementor-widget-text-editor\" data-id=\"fab9af6\" data-element_type=\"widget\" data-widget_type=\"text-editor.default\">\n\t\t\t\t<div class=\"elementor-widget-container\">\n\t\t\t\t\t\t\t\t\t<h5 style=\"text-align: center\">\u00a0<span style=\"letter-spacing: 0px\">Prof. Dr. Saliha \u00c7ORUH (\u00dcye)\u00a0<\/span><\/h5><p style=\"margin: 0px 0px 2rem;line-height: inherit;color: #7a7a7a;font-family: Ubuntu;font-size: 17px;font-style: normal;font-weight: 400;letter-spacing: normal;text-indent: 0px;text-transform: none;background-color: #ffffff;text-align: center\"><span style=\"letter-spacing: 0px\">Bitki Koruma B\u00f6l\u00fcm Ba\u015fkan\u0131<\/span><\/p>\t\t\t\t\t\t\t\t<\/div>\n\t\t\t\t<\/div>\n\t\t\t\t\t<\/div>\n\t\t<\/div>\n\t\t\t\t<div class=\"elementor-column elementor-col-33 elementor-top-column elementor-element elementor-element-455eb33\" data-id=\"455eb33\" data-element_type=\"column\">\n\t\t\t<div class=\"elementor-widget-wrap elementor-element-populated\">\n\t\t\t\t\t\t<div class=\"elementor-element elementor-element-1bf34d4 elementor-widget elementor-widget-text-editor\" data-id=\"1bf34d4\" data-element_type=\"widget\" data-widget_type=\"text-editor.default\">\n\t\t\t\t<div class=\"elementor-widget-container\">\n\t\t\t\t\t\t\t\t\t<h5 style=\"text-align: center\">\u00a0<span style=\"letter-spacing: 0px\">Prof. Dr. Bahar KOCAMAN (\u00dcye)\u00a0<\/span><\/h5><p style=\"margin: 0px 0px 2rem;line-height: inherit;color: #7a7a7a;font-family: Ubuntu;font-size: 17px;font-style: normal;font-weight: 400;letter-spacing: normal;text-indent: 0px;text-transform: none;background-color: #ffffff;text-align: center\"><span style=\"letter-spacing: 0px\"><span style=\"letter-spacing: 0px;text-align: left\">Tar\u0131msal Yap\u0131lar ve Sulama<\/span>\u00a0B\u00f6l\u00fcm Ba\u015fkan\u0131<\/span><\/p>\t\t\t\t\t\t\t\t<\/div>\n\t\t\t\t<\/div>\n\t\t\t\t\t<\/div>\n\t\t<\/div>\n\t\t\t\t\t<\/div>\n\t\t<\/section>\n\t\t\t\t<section class=\"elementor-section elementor-top-section elementor-element elementor-element-09189d1 elementor-section-boxed elementor-section-height-default elementor-section-height-default\" data-id=\"09189d1\" data-element_type=\"section\">\n\t\t\t\t\t\t<div class=\"elementor-container elementor-column-gap-default\">\n\t\t\t\t\t<div class=\"elementor-column elementor-col-33 elementor-top-column elementor-element elementor-element-472047a\" data-id=\"472047a\" data-element_type=\"column\">\n\t\t\t<div class=\"elementor-widget-wrap elementor-element-populated\">\n\t\t\t\t\t\t<div class=\"elementor-element elementor-element-b6cf5bf elementor-widget elementor-widget-text-editor\" data-id=\"b6cf5bf\" data-element_type=\"widget\" data-widget_type=\"text-editor.default\">\n\t\t\t\t<div class=\"elementor-widget-container\">\n\t\t\t\t\t\t\t\t\t<h5 style=\"text-align: center\">\u00a0<span style=\"letter-spacing: 0px\">Prof. Dr. Y\u0131ld\u0131ran YILDIRIM (\u00dcye)\u00a0<\/span><\/h5><p style=\"margin: 0px 0px 2rem;line-height: inherit;color: #7a7a7a;font-family: Ubuntu;font-size: 17px;font-style: normal;font-weight: 400;letter-spacing: normal;text-indent: 0px;text-transform: none;background-color: #ffffff;text-align: center\"><span style=\"letter-spacing: 0px\"><span style=\"letter-spacing: 0px;text-align: left\">Tar\u0131m Makinalar\u0131 ve Teknolojileri M\u00fchendisli\u011fi<\/span>\u00a0B\u00f6l\u00fcm Ba\u015fkan\u0131<\/span><\/p>\t\t\t\t\t\t\t\t<\/div>\n\t\t\t\t<\/div>\n\t\t\t\t\t<\/div>\n\t\t<\/div>\n\t\t\t\t<div class=\"elementor-column elementor-col-33 elementor-top-column elementor-element elementor-element-a84e36f\" data-id=\"a84e36f\" data-element_type=\"column\">\n\t\t\t<div class=\"elementor-widget-wrap elementor-element-populated\">\n\t\t\t\t\t\t<div class=\"elementor-element elementor-element-bc5a34d elementor-widget elementor-widget-text-editor\" data-id=\"bc5a34d\" data-element_type=\"widget\" data-widget_type=\"text-editor.default\">\n\t\t\t\t<div class=\"elementor-widget-container\">\n\t\t\t\t\t\t\t\t\t<h5 style=\"text-align: center\">\u00a0<span style=\"letter-spacing: 0px\">Prof. Dr. Sezai ERC\u0130\u015eL\u0130 (\u00dcye)\u00a0<\/span><\/h5><p style=\"margin: 0px 0px 2rem;line-height: inherit;color: #7a7a7a;font-family: Ubuntu;font-size: 17px;font-style: normal;font-weight: 400;letter-spacing: normal;text-indent: 0px;text-transform: none;background-color: #ffffff;text-align: center\"><span style=\"letter-spacing: 0px\">Bah\u00e7e Bitkileri B\u00f6l\u00fcm Ba\u015fkan\u0131<\/span><\/p>\t\t\t\t\t\t\t\t<\/div>\n\t\t\t\t<\/div>\n\t\t\t\t\t<\/div>\n\t\t<\/div>\n\t\t\t\t<div class=\"elementor-column elementor-col-33 elementor-top-column elementor-element elementor-element-1d3eea1\" data-id=\"1d3eea1\" data-element_type=\"column\">\n\t\t\t<div class=\"elementor-widget-wrap elementor-element-populated\">\n\t\t\t\t\t\t<div class=\"elementor-element elementor-element-64841f8 elementor-widget elementor-widget-text-editor\" data-id=\"64841f8\" data-element_type=\"widget\" data-widget_type=\"text-editor.default\">\n\t\t\t\t<div class=\"elementor-widget-container\">\n\t\t\t\t\t\t\t\t\t<h5 style=\"text-align: center\">\u00a0<span style=\"letter-spacing: 0px\">Prof. Dr. Mustafa \u015eENG\u00dcL (\u00dcye)\u00a0<\/span><\/h5><p style=\"margin: 0px 0px 2rem;line-height: inherit;color: #7a7a7a;font-family: Ubuntu;font-size: 17px;font-style: normal;font-weight: 400;letter-spacing: normal;text-indent: 0px;text-transform: none;background-color: #ffffff;text-align: center\"><span style=\"letter-spacing: 0px\"><span style=\"letter-spacing: 0px;text-align: left\">G\u0131da M\u00fchendisli\u011fi<\/span>\u00a0B\u00f6l\u00fcm Ba\u015fkan\u0131<\/span><\/p>\t\t\t\t\t\t\t\t<\/div>\n\t\t\t\t<\/div>\n\t\t\t\t\t<\/div>\n\t\t<\/div>\n\t\t\t\t\t<\/div>\n\t\t<\/section>\n\t\t\t\t<section class=\"elementor-section elementor-top-section elementor-element elementor-element-6133e8c elementor-section-boxed elementor-section-height-default elementor-section-height-default\" data-id=\"6133e8c\" data-element_type=\"section\">\n\t\t\t\t\t\t<div class=\"elementor-container elementor-column-gap-default\">\n\t\t\t\t\t<div class=\"elementor-column elementor-col-33 elementor-top-column elementor-element elementor-element-d04561a\" data-id=\"d04561a\" data-element_type=\"column\">\n\t\t\t<div class=\"elementor-widget-wrap elementor-element-populated\">\n\t\t\t\t\t\t<div class=\"elementor-element elementor-element-fdc5b89 elementor-widget elementor-widget-text-editor\" data-id=\"fdc5b89\" data-element_type=\"widget\" data-widget_type=\"text-editor.default\">\n\t\t\t\t<div class=\"elementor-widget-container\">\n\t\t\t\t\t\t\t\t\t<h5 style=\"text-align: center\">\u00a0<span style=\"letter-spacing: 0px\">Prof. Dr. Mahmut Sinan TA\u015ePINAR\u00a0(\u00dcye)\u00a0<\/span><\/h5><p style=\"margin: 0px 0px 2rem;line-height: inherit;color: #7a7a7a;font-family: Ubuntu;font-size: 17px;font-style: normal;font-weight: 400;letter-spacing: normal;text-indent: 0px;text-transform: none;background-color: #ffffff;text-align: center\"><span style=\"letter-spacing: 0px\"><span style=\"letter-spacing: 0px;text-align: left\">Tar\u0131msal Biyoteknoloji<\/span>\u00a0B\u00f6l\u00fcm Ba\u015fkan\u0131<\/span><\/p>\t\t\t\t\t\t\t\t<\/div>\n\t\t\t\t<\/div>\n\t\t\t\t\t<\/div>\n\t\t<\/div>\n\t\t\t\t<div class=\"elementor-column elementor-col-33 elementor-top-column elementor-element elementor-element-8798c75\" data-id=\"8798c75\" data-element_type=\"column\">\n\t\t\t<div class=\"elementor-widget-wrap elementor-element-populated\">\n\t\t\t\t\t\t<div class=\"elementor-element elementor-element-d87bcb4 elementor-widget elementor-widget-text-editor\" data-id=\"d87bcb4\" data-element_type=\"widget\" data-widget_type=\"text-editor.default\">\n\t\t\t\t<div class=\"elementor-widget-container\">\n\t\t\t\t\t\t\t\t\t<h5 style=\"text-align: center\">\u00a0<span style=\"letter-spacing: 0px\">Prof. Dr. Haluk \u00c7a\u011flar KAYMAK (\u00dcye)\u00a0<\/span><\/h5><p style=\"margin: 0px 0px 2rem;line-height: inherit;color: #7a7a7a;font-family: Ubuntu;font-size: 17px;font-style: normal;font-weight: 400;letter-spacing: normal;text-indent: 0px;text-transform: none;background-color: #ffffff;text-align: center\"><span style=\"letter-spacing: 0px\">Profes\u00f6r Temsilcisi<\/span><\/p>\t\t\t\t\t\t\t\t<\/div>\n\t\t\t\t<\/div>\n\t\t\t\t\t<\/div>\n\t\t<\/div>\n\t\t\t\t<div class=\"elementor-column elementor-col-33 elementor-top-column elementor-element elementor-element-76a22e5\" data-id=\"76a22e5\" data-element_type=\"column\">\n\t\t\t<div class=\"elementor-widget-wrap elementor-element-populated\">\n\t\t\t\t\t\t<div class=\"elementor-element elementor-element-8e6eaa4 elementor-widget elementor-widget-text-editor\" data-id=\"8e6eaa4\" data-element_type=\"widget\" data-widget_type=\"text-editor.default\">\n\t\t\t\t<div class=\"elementor-widget-container\">\n\t\t\t\t\t\t\t\t\t<h5 style=\"text-align: center\">\u00a0<span style=\"letter-spacing: 0px\">Prof. Dr. Kenan BAR\u0130K (\u00dcye)\u00a0<\/span><\/h5><p style=\"margin: 0px 0px 2rem;line-height: inherit;color: #7a7a7a;font-family: Ubuntu;font-size: 17px;font-style: normal;font-weight: 400;letter-spacing: normal;text-indent: 0px;text-transform: none;background-color: #ffffff;text-align: center\">Profes\u00f6r Temsilcisi<\/p>\t\t\t\t\t\t\t\t<\/div>\n\t\t\t\t<\/div>\n\t\t\t\t\t<\/div>\n\t\t<\/div>\n\t\t\t\t\t<\/div>\n\t\t<\/section>\n\t\t\t\t<section class=\"elementor-section elementor-top-section elementor-element elementor-element-d371187 elementor-section-boxed elementor-section-height-default elementor-section-height-default\" data-id=\"d371187\" data-element_type=\"section\">\n\t\t\t\t\t\t<div class=\"elementor-container elementor-column-gap-default\">\n\t\t\t\t\t<div class=\"elementor-column elementor-col-33 elementor-top-column elementor-element elementor-element-a3956c2\" data-id=\"a3956c2\" data-element_type=\"column\">\n\t\t\t<div class=\"elementor-widget-wrap elementor-element-populated\">\n\t\t\t\t\t\t<div class=\"elementor-element elementor-element-f253090 elementor-widget elementor-widget-text-editor\" data-id=\"f253090\" data-element_type=\"widget\" data-widget_type=\"text-editor.default\">\n\t\t\t\t<div class=\"elementor-widget-container\">\n\t\t\t\t\t\t\t\t\t<h5 style=\"text-align: center\">\u00a0<span style=\"letter-spacing: 0px\">Prof. Dr. B\u00fclent \u00c7ET\u0130N (\u00dcye)\u00a0<\/span><\/h5><p style=\"margin: 0px 0px 2rem;line-height: inherit;color: #7a7a7a;font-family: Ubuntu;font-size: 17px;font-style: normal;font-weight: 400;letter-spacing: normal;text-indent: 0px;text-transform: none;background-color: #ffffff;text-align: center\">Profes\u00f6r \u00dcye Temsilcisi<\/p>\t\t\t\t\t\t\t\t<\/div>\n\t\t\t\t<\/div>\n\t\t\t\t\t<\/div>\n\t\t<\/div>\n\t\t\t\t<div class=\"elementor-column elementor-col-33 elementor-top-column elementor-element elementor-element-afa397f\" data-id=\"afa397f\" data-element_type=\"column\">\n\t\t\t<div class=\"elementor-widget-wrap elementor-element-populated\">\n\t\t\t\t\t\t<div class=\"elementor-element elementor-element-f337575 elementor-widget elementor-widget-text-editor\" data-id=\"f337575\" data-element_type=\"widget\" data-widget_type=\"text-editor.default\">\n\t\t\t\t<div class=\"elementor-widget-container\">\n\t\t\t\t\t\t\t\t\t<h5 style=\"text-align: center\">\u00a0Do\u00e7<span style=\"letter-spacing: 0px\">. Dr. Cihat YILDIZ (\u00dcye)\u00a0<\/span><\/h5><p style=\"margin: 0px 0px 2rem;line-height: inherit;color: #7a7a7a;font-family: Ubuntu;font-size: 17px;font-style: normal;font-weight: 400;letter-spacing: normal;text-indent: 0px;text-transform: none;background-color: #ffffff;text-align: center\"><span style=\"letter-spacing: 0px\">Do\u00e7ent Temsilcisi<\/span><\/p>\t\t\t\t\t\t\t\t<\/div>\n\t\t\t\t<\/div>\n\t\t\t\t\t<\/div>\n\t\t<\/div>\n\t\t\t\t<div class=\"elementor-column elementor-col-33 elementor-top-column elementor-element elementor-element-02338cb\" data-id=\"02338cb\" data-element_type=\"column\">\n\t\t\t<div class=\"elementor-widget-wrap elementor-element-populated\">\n\t\t\t\t\t\t<div class=\"elementor-element elementor-element-46c04f6 elementor-widget elementor-widget-text-editor\" data-id=\"46c04f6\" data-element_type=\"widget\" data-widget_type=\"text-editor.default\">\n\t\t\t\t<div class=\"elementor-widget-container\">\n\t\t\t\t\t\t\t\t\t<h5 style=\"text-align: center\">\u00a0<span style=\"letter-spacing: 0px\">Do\u00e7. Dr. \u015eeyma \u015e\u0130\u015e\u0130K O\u011eRA\u015e (\u00dcye)\u00a0<\/span><\/h5><p style=\"margin: 0px 0px 2rem;line-height: inherit;color: #7a7a7a;font-family: Ubuntu;font-size: 17px;font-style: normal;font-weight: 400;letter-spacing: normal;text-indent: 0px;text-transform: none;background-color: #ffffff;text-align: center\">Do\u00e7ent \u00dcye Temsilcisi<\/p>\t\t\t\t\t\t\t\t<\/div>\n\t\t\t\t<\/div>\n\t\t\t\t\t<\/div>\n\t\t<\/div>\n\t\t\t\t\t<\/div>\n\t\t<\/section>\n\t\t\t\t<section class=\"elementor-section elementor-top-section elementor-element elementor-element-b4c285f elementor-section-boxed elementor-section-height-default elementor-section-height-default\" data-id=\"b4c285f\" data-element_type=\"section\">\n\t\t\t\t\t\t<div class=\"elementor-container elementor-column-gap-default\">\n\t\t\t\t\t<div class=\"elementor-column elementor-col-33 elementor-top-column elementor-element elementor-element-658643b\" data-id=\"658643b\" data-element_type=\"column\">\n\t\t\t<div class=\"elementor-widget-wrap elementor-element-populated\">\n\t\t\t\t\t\t<div class=\"elementor-element elementor-element-de656c1 elementor-widget elementor-widget-text-editor\" data-id=\"de656c1\" data-element_type=\"widget\" data-widget_type=\"text-editor.default\">\n\t\t\t\t<div class=\"elementor-widget-container\">\n\t\t\t\t\t\t\t\t\t<h5 style=\"text-align: center\">\u00a0<span style=\"letter-spacing: 0px\">Dr. \u00d6\u011fr.Sel\u00e7uk KODAZ (\u00dcye)\u00a0<\/span><\/h5><p style=\"margin: 0px 0px 2rem;line-height: inherit;color: #7a7a7a;font-family: Ubuntu;font-size: 17px;font-style: normal;font-weight: 400;letter-spacing: normal;text-indent: 0px;text-transform: none;background-color: #ffffff;text-align: center\">Dr. \u00d6\u011fr. \u00dcyesi Temsilcisi<\/p>\t\t\t\t\t\t\t\t<\/div>\n\t\t\t\t<\/div>\n\t\t\t\t\t<\/div>\n\t\t<\/div>\n\t\t\t\t<div class=\"elementor-column elementor-col-33 elementor-top-column elementor-element elementor-element-2a4e172\" data-id=\"2a4e172\" data-element_type=\"column\">\n\t\t\t<div class=\"elementor-widget-wrap elementor-element-populated\">\n\t\t\t\t\t\t<div class=\"elementor-element elementor-element-87542ce elementor-widget elementor-widget-text-editor\" data-id=\"87542ce\" data-element_type=\"widget\" data-widget_type=\"text-editor.default\">\n\t\t\t\t<div class=\"elementor-widget-container\">\n\t\t\t\t\t\t\t\t\t<h5 style=\"text-align: center\">&nbsp;M\u00fccahit DEM\u0130R<span style=\"letter-spacing: 0px\">&nbsp;(Raport\u00f6r)&nbsp;<\/span><\/h5>\n<p style=\"margin: 0px 0px 2rem;line-height: inherit;color: #7a7a7a;font-family: Ubuntu;font-size: 17px;font-style: normal;font-weight: 400;letter-spacing: normal;text-indent: 0px;text-transform: none;background-color: #ffffff;text-align: center\"><span style=\"letter-spacing: 0px\">Fak\u00fclte Sekreteri<\/span><\/p>\t\t\t\t\t\t\t\t<\/div>\n\t\t\t\t<\/div>\n\t\t\t\t\t<\/div>\n\t\t<\/div>\n\t\t\t\t<div class=\"elementor-column elementor-col-33 elementor-top-column elementor-element elementor-element-bdb1fa2\" data-id=\"bdb1fa2\" data-element_type=\"column\">\n\t\t\t<div class=\"elementor-widget-wrap\">\n\t\t\t\t\t\t\t<\/div>\n\t\t<\/div>\n\t\t\t\t\t<\/div>\n\t\t<\/section>\n\t\t\t\t<section class=\"elementor-section elementor-top-section elementor-element elementor-element-7727b5a elementor-section-boxed elementor-section-height-default elementor-section-height-default\" data-id=\"7727b5a\" data-element_type=\"section\">\n\t\t\t\t\t\t<div class=\"elementor-container elementor-column-gap-default\">\n\t\t\t\t\t<div class=\"elementor-column elementor-col-100 elementor-top-column elementor-element elementor-element-ed0e6a0\" data-id=\"ed0e6a0\" data-element_type=\"column\">\n\t\t\t<div class=\"elementor-widget-wrap\">\n\t\t\t\t\t\t\t<\/div>\n\t\t<\/div>\n\t\t\t\t\t<\/div>\n\t\t<\/section>\n\t\t\t\t<\/div>\n\t\t","protected":false},"excerpt":{"rendered":"<p>Fak\u00fclte Kurulu Prof. Dr. \u00d6nder \u00c7ALMA\u015eUR (Ba\u015fkan) Dekan \u00a0Prof. Dr. Tecer ATSAN (\u00dcye)\u00a0 Tar\u0131m Ekonomisi B\u00f6l\u00fcm Ba\u015fkan\u0131 \u00a0Prof. Dr. R\u0131dvan KO\u00c7Y\u0130\u011e\u0130T (\u00dcye)\u00a0 Zootekni\u00a0B\u00f6l\u00fcm Ba\u015fkan\u0131 \u00a0Prof. Dr. Mustafa Y\u0131ld\u0131r\u0131m CANBOLAT\u00a0(\u00dcye)\u00a0 Toprak Bilimi ve Bitki Besleme\u00a0B\u00f6l\u00fcm Ba\u015fkan\u0131 \u00a0Prof. Dr. Metin TOSUN (\u00dcye)\u00a0 Tarla Bitkileri B\u00f6l\u00fcm Ba\u015fkan\u0131 \u00a0Prof. Dr. Saliha \u00c7ORUH (\u00dcye)\u00a0 Bitki Koruma B\u00f6l\u00fcm Ba\u015fkan\u0131 \u00a0Prof. Dr. [&hellip;]<\/p>\n","protected":false},"author":1,"featured_media":0,"parent":0,"menu_order":0,"comment_status":"closed","ping_status":"closed","template":"elementor_header_footer","meta":{"footnotes":""},"class_list":["post-5674","page","type-page","status-publish","hentry"],"_links":{"self":[{"href":"https:\/\/atauni.edu.tr\/ziraat-fakultesi\/wp-json\/wp\/v2\/pages\/5674","targetHints":{"allow":["GET"]}}],"collection":[{"href":"https:\/\/atauni.edu.tr\/ziraat-fakultesi\/wp-json\/wp\/v2\/pages"}],"about":[{"href":"https:\/\/atauni.edu.tr\/ziraat-fakultesi\/wp-json\/wp\/v2\/types\/page"}],"author":[{"embeddable":true,"href":"https:\/\/atauni.edu.tr\/ziraat-fakultesi\/wp-json\/wp\/v2\/users\/1"}],"replies":[{"embeddable":true,"href":"https:\/\/atauni.edu.tr\/ziraat-fakultesi\/wp-json\/wp\/v2\/comments?post=5674"}],"version-history":[{"count":74,"href":"https:\/\/atauni.edu.tr\/ziraat-fakultesi\/wp-json\/wp\/v2\/pages\/5674\/revisions"}],"predecessor-version":[{"id":12611,"href":"https:\/\/atauni.edu.tr\/ziraat-fakultesi\/wp-json\/wp\/v2\/pages\/5674\/revisions\/12611"}],"wp:attachment":[{"href":"https:\/\/atauni.edu.tr\/ziraat-fakultesi\/wp-json\/wp\/v2\/media?parent=5674"}],"curies":[{"name":"wp","href":"https:\/\/api.w.org\/{rel}","templated":true}]}}