{"id":6985,"date":"2021-11-25T11:36:56","date_gmt":"2021-11-25T08:36:56","guid":{"rendered":"https:\/\/birimler.atauni.edu.tr\/ziraat-fakultesi\/?page_id=6985"},"modified":"2021-11-25T11:58:25","modified_gmt":"2021-11-25T08:58:25","slug":"staj-komisyonlari","status":"publish","type":"page","link":"https:\/\/atauni.edu.tr\/ziraat-fakultesi\/staj-komisyonlari\/","title":{"rendered":"Staj Komisyonlar\u0131"},"content":{"rendered":"\n<figure class=\"wp-block-table\"><table><tbody><tr><td>B\u00f6l\u00fcm\u00fc<\/td><td>Staj Komisyonu<\/td><\/tr><tr><td>Zootekni<\/td><td>Ba\u015fkan  Do\u00e7.Dr.Adem Kaya<br>\u00dcye       Do\u00e7.Dr.R\u0131dvan Ko\u00e7yi\u011fit<br>\u00dcye       Dr.\u00d6\u011fr.\u00dcyesi Aycan Mutlu Ya\u011fano\u011flu<\/td><\/tr><tr><td>Tar\u0131m Ekonomisi<\/td><td>Ba\u015fkan  Prof.Dr. Yavuz Top\u00e7u<br>\u00dcye       Prof.Dr.  Murat K\u00fclek\u00e7i<br>\u00dcye       Dr.\u00d6\u011fr.\u00dcyesi Nur Ertek   <\/td><\/tr><tr><td><br>Tarla Bitkileri<br><br><\/td><td>Ba\u015fkan  Prof.Dr. Ta\u015fk\u0131n POLAT<br>\u00dcye       Do\u00e7.Dr. Mehmet Kerim G\u00dcLLAP<br>\u00dcye       Dr.\u00d6\u011fr.\u00dcyesi Esin DADA\u015eO\u011eLU<\/td><\/tr><tr><td><br>Tar\u0131msal Yap\u0131lar ve Sulama<\/td><td>Ba\u015fkan  Do\u00e7.Dr. Selda \u00d6RS CIRIK<br>\u00dcye       Dr.\u00d6\u011fr.\u00dcyesi Recep YANIK<br>\u00dcye       Ar\u015f.G\u00f6r. Mehmet ALTUN<\/td><\/tr><tr><td>Bitki Koruma<\/td><td>Ba\u015fkan  Do\u00e7.Dr. Elif TOZLU<br>\u00dcye       Do\u00e7.Dr. Fatih DADA\u015eO\u011eLU<br>\u00dcye       Dr.\u00d6\u011fr.\u00dcyesi Ye\u015fim BULAK KORKMAZ<\/td><\/tr><tr><td>Bah\u00e7e Bitkileri<\/td><td>Ba\u015fkan  Dr.\u00d6\u011fr.\u00dcyesi Muhammed K\u00dcPE<br>\u00dcye       Dr.\u00d6\u011fr.\u00dcyesi Fazilet PARKALOVA KARAG\u00d6Z<br>\u00dcye       Dr.\u00d6\u011fr.\u00dcyesi Raziye KUL<\/td><\/tr><tr><td>G\u0131da M\u00fchendisli\u011fi<\/td><td>Ba\u015fkan  Prof.Dr. Mehmet Murat KARAO\u011eLU<br>\u00dcye       Prof.Dr. \u0130hsan G\u00fcng\u00f6r \u015eAT<br>\u00dcye       Ar\u015f.G\u00f6r. Haktan AKTA\u015e<\/td><\/tr><tr><td>Tar\u0131msal Biyoteknoloji<\/td><td>Ba\u015fkan  Dr.\u00d6\u011fr.\u00dcyesi Mehtap BAYIR<br>\u00dcye       Dr.\u00d6\u011fr.\u00dcyesi Feyza \u0130\u00c7O\u011eLU AKSAKAL<br>\u00dcye       Dr.\u00d6\u011fr.\u00dcyesi Merve \u015eENOL KOTAN<\/td><\/tr><tr><td>Toprak Bilimi ve Bitki Besleme<\/td><td>Ba\u015fkan  Do\u00e7.Dr. Ekrem L\u00fctfi AKSAKAL<br>\u00dcye       Dr.\u00d6\u011fr.\u00dcyesi Adil AYDIN<br>\u00dcye       Dr.Ar\u015f.G\u00f6r. Faz\u0131l HACIM\u00dcFT\u00dcO\u011eLU<\/td><\/tr><tr><td>Tar\u0131m Makineleri ve Teknolojileri M\u00fchendisli\u011fi<\/td><td>Ba\u015fkan  Prof.Dr. Ahmet \u00c7EL\u0130K<br>\u00dcye       Prof.Dr. Mustafa G\u00f6kalp BOYDA\u015e<br>\u00dcye       Do\u00e7.Dr. Cihat YILDIZ<\/td><\/tr><\/tbody><\/table><\/figure>\n\n\n\n<p><\/p>\n","protected":false},"excerpt":{"rendered":"<p>B\u00f6l\u00fcm\u00fc Staj Komisyonu Zootekni Ba\u015fkan Do\u00e7.Dr.Adem Kaya\u00dcye Do\u00e7.Dr.R\u0131dvan Ko\u00e7yi\u011fit\u00dcye Dr.\u00d6\u011fr.\u00dcyesi Aycan Mutlu Ya\u011fano\u011flu Tar\u0131m Ekonomisi Ba\u015fkan Prof.Dr. Yavuz Top\u00e7u\u00dcye Prof.Dr. Murat K\u00fclek\u00e7i\u00dcye Dr.\u00d6\u011fr.\u00dcyesi Nur Ertek Tarla Bitkileri Ba\u015fkan Prof.Dr. Ta\u015fk\u0131n POLAT\u00dcye Do\u00e7.Dr. Mehmet Kerim G\u00dcLLAP\u00dcye Dr.\u00d6\u011fr.\u00dcyesi Esin DADA\u015eO\u011eLU Tar\u0131msal Yap\u0131lar ve Sulama Ba\u015fkan Do\u00e7.Dr. Selda \u00d6RS CIRIK\u00dcye Dr.\u00d6\u011fr.\u00dcyesi Recep YANIK\u00dcye Ar\u015f.G\u00f6r. Mehmet ALTUN Bitki Koruma [&hellip;]<\/p>\n","protected":false},"author":66,"featured_media":0,"parent":0,"menu_order":0,"comment_status":"closed","ping_status":"closed","template":"","meta":{"footnotes":""},"class_list":["post-6985","page","type-page","status-publish","hentry"],"_links":{"self":[{"href":"https:\/\/atauni.edu.tr\/ziraat-fakultesi\/wp-json\/wp\/v2\/pages\/6985","targetHints":{"allow":["GET"]}}],"collection":[{"href":"https:\/\/atauni.edu.tr\/ziraat-fakultesi\/wp-json\/wp\/v2\/pages"}],"about":[{"href":"https:\/\/atauni.edu.tr\/ziraat-fakultesi\/wp-json\/wp\/v2\/types\/page"}],"author":[{"embeddable":true,"href":"https:\/\/atauni.edu.tr\/ziraat-fakultesi\/wp-json\/wp\/v2\/users\/66"}],"replies":[{"embeddable":true,"href":"https:\/\/atauni.edu.tr\/ziraat-fakultesi\/wp-json\/wp\/v2\/comments?post=6985"}],"version-history":[{"count":2,"href":"https:\/\/atauni.edu.tr\/ziraat-fakultesi\/wp-json\/wp\/v2\/pages\/6985\/revisions"}],"predecessor-version":[{"id":6988,"href":"https:\/\/atauni.edu.tr\/ziraat-fakultesi\/wp-json\/wp\/v2\/pages\/6985\/revisions\/6988"}],"wp:attachment":[{"href":"https:\/\/atauni.edu.tr\/ziraat-fakultesi\/wp-json\/wp\/v2\/media?parent=6985"}],"curies":[{"name":"wp","href":"https:\/\/api.w.org\/{rel}","templated":true}]}}