{"id":5638,"date":"2021-07-13T09:49:25","date_gmt":"2021-07-13T06:49:25","guid":{"rendered":"https:\/\/portaltest.atauni.edu.tr\/bilgisayar-muhendisligi\/?page_id=5638"},"modified":"2021-09-27T11:39:23","modified_gmt":"2021-09-27T08:39:23","slug":"tarihce","status":"publish","type":"page","link":"https:\/\/atauni.edu.tr\/zootekni-bolumu\/tarihce\/","title":{"rendered":"Tarih\u00e7e"},"content":{"rendered":"\t\t<div data-elementor-type=\"wp-page\" data-elementor-id=\"5638\" class=\"elementor elementor-5638\" data-elementor-post-type=\"page\">\n\t\t\t\t\t\t<section class=\"elementor-section elementor-top-section elementor-element elementor-element-730d320 elementor-section-boxed elementor-section-height-default elementor-section-height-default\" data-id=\"730d320\" data-element_type=\"section\">\n\t\t\t\t\t\t<div class=\"elementor-container elementor-column-gap-default\">\n\t\t\t\t\t<div class=\"elementor-column elementor-col-100 elementor-top-column elementor-element elementor-element-753d0860\" data-id=\"753d0860\" data-element_type=\"column\">\n\t\t\t<div class=\"elementor-widget-wrap\">\n\t\t\t\t\t\t\t<\/div>\n\t\t<\/div>\n\t\t\t\t\t<\/div>\n\t\t<\/section>\n\t\t\t\t<section class=\"elementor-section elementor-top-section elementor-element elementor-element-9be811a elementor-section-boxed elementor-section-height-default elementor-section-height-default\" data-id=\"9be811a\" data-element_type=\"section\">\n\t\t\t\t\t\t<div class=\"elementor-container elementor-column-gap-default\">\n\t\t\t\t\t<div class=\"elementor-column elementor-col-100 elementor-top-column elementor-element elementor-element-1ed847b7\" data-id=\"1ed847b7\" data-element_type=\"column\">\n\t\t\t<div class=\"elementor-widget-wrap elementor-element-populated\">\n\t\t\t\t\t\t<div class=\"elementor-element elementor-element-4ce0d07f elementor-widget elementor-widget-heading\" data-id=\"4ce0d07f\" data-element_type=\"widget\" data-widget_type=\"heading.default\">\n\t\t\t\t<div class=\"elementor-widget-container\">\n\t\t\t\t\t<h2 class=\"elementor-heading-title elementor-size-default\">Tarih\u00e7e<\/h2>\t\t\t\t<\/div>\n\t\t\t\t<\/div>\n\t\t\t\t<div class=\"elementor-element elementor-element-63260862 elementor-widget-divider--view-line elementor-widget elementor-widget-divider\" data-id=\"63260862\" data-element_type=\"widget\" data-widget_type=\"divider.default\">\n\t\t\t\t<div class=\"elementor-widget-container\">\n\t\t\t\t\t\t\t<div class=\"elementor-divider\">\n\t\t\t<span class=\"elementor-divider-separator\">\n\t\t\t\t\t\t<\/span>\n\t\t<\/div>\n\t\t\t\t\t\t<\/div>\n\t\t\t\t<\/div>\n\t\t\t\t\t<\/div>\n\t\t<\/div>\n\t\t\t\t\t<\/div>\n\t\t<\/section>\n\t\t\t\t<section class=\"elementor-section elementor-top-section elementor-element elementor-element-946ce32 elementor-section-boxed elementor-section-height-default elementor-section-height-default\" data-id=\"946ce32\" data-element_type=\"section\">\n\t\t\t\t\t\t<div class=\"elementor-container elementor-column-gap-default\">\n\t\t\t\t\t<div class=\"elementor-column elementor-col-100 elementor-top-column elementor-element elementor-element-f6a3dfb\" data-id=\"f6a3dfb\" data-element_type=\"column\">\n\t\t\t<div class=\"elementor-widget-wrap elementor-element-populated\">\n\t\t\t\t\t\t<div class=\"elementor-element elementor-element-2e8b249 elementor-widget elementor-widget-text-editor\" data-id=\"2e8b249\" data-element_type=\"widget\" data-widget_type=\"text-editor.default\">\n\t\t\t\t<div class=\"elementor-widget-container\">\n\t\t\t\t\t\t\t\t\t<h2>Zootekni B\u00f6l\u00fcm\u00fc,<\/h2><p>Atat\u00fcrk \u00dcniversitesi\u2019nin kurulu\u015f kanununun 31.05.1957 y\u0131l\u0131nda \u00e7\u0131kmas\u0131ndan sonra, Ziraat Fak\u00fcltesinde a\u00e7\u0131lmas\u0131 planlanan b\u00f6l\u00fcmlerden biri olarak 18 kas\u0131m 1958\u2019de e\u011fitim ve \u00f6\u011fretim faaliyetine ba\u015flam\u0131\u015ft\u0131r.\u00a0<\/p><p><span style=\"text-align: -webkit-match-parent;letter-spacing: 0px\">Kurulu\u015f s\u00fcresinde;\u00a0<\/span><\/p><ul><li>Hayvan \u0131slah\u0131,\u00a0<\/li><li>Yemler ve Hayvan Besleme,\u00a0<\/li><li>B\u00fcy\u00fck ve K\u00fc\u00e7\u00fckba\u015f Hayvan yeti\u015ftiricili\u011fi,\u00a0<\/li><li>Su \u00fcr\u00fcnleri,\u00a0<\/li><li>Ar\u0131c\u0131l\u0131k,\u00a0<\/li><li>\u0130statistik,\u00a0<\/li><li>S\u00fct ve S\u00fct \u00dcr\u00fcnleri Teknolojisi\u00a0<\/li><\/ul><p><span style=\"text-align: -webkit-match-parent;letter-spacing: 0px\">bilim dallar\u0131n\u0131 b\u00fcnyesinde toplayan Zootekni B\u00f6l\u00fcm\u00fcnden 1977\u2019 de S\u00fct Teknolojisi K\u00fcrs\u00fcs\u00fc, 1988\u2019de ise Su \u00fcr\u00fcnleri Bilim Dal\u0131 ayr\u0131lm\u0131\u015ft\u0131r.\u00a0<\/span><\/p><p><span style=\"text-align: -webkit-match-parent;letter-spacing: 0px\">B\u00f6l\u00fcm\u00fcn kurulu\u015f ve geli\u015fmesinde;\u00a0<\/span><\/p><ul><li><span style=\"text-align: -webkit-match-parent;letter-spacing: 0px\"><b>Prof. Dr. Marten. A. Alexander<\/b>,\u00a0<\/span><\/li><li><span style=\"text-align: -webkit-match-parent;letter-spacing: 0px\"><b>Prof. Dr. C.T. Blunn<\/b>,\u00a0<\/span><\/li><li><span style=\"text-align: -webkit-match-parent;letter-spacing: 0px\"><b>Prof. Dr. Marvel L. Baker<\/b>,<\/span><\/li><li><span style=\"text-align: -webkit-match-parent;letter-spacing: 0px\"><b>Prof. Dr. \u0130. Esat Kadester<\/b>,<b>\u00a0<\/b><\/span><\/li><li><span style=\"text-align: -webkit-match-parent;letter-spacing: 0px\"><b>Prof. Dr. Orhan D\u00fczg\u00fcne\u015f<\/b>,\u00a0<\/span><\/li><li><span style=\"text-align: -webkit-match-parent;letter-spacing: 0px\"><b>Prof. Dr. Re\u015fit S\u00f6nmez<\/b>,\u00a0<\/span><\/li><li><span style=\"text-align: -webkit-match-parent;letter-spacing: 0px\"><b>Prof. Dr. Macit Eker<\/b>\u00a0<\/span><\/li><li><span style=\"text-align: -webkit-match-parent;letter-spacing: 0px\"><b>Prof. Dr. \u0130brahim Yark\u0131n<\/b>\u00a0<\/span><\/li><\/ul><p><span style=\"text-align: -webkit-match-parent;letter-spacing: 0px\">gibi bilim insanlar\u0131 \u00f6nemli katk\u0131larda bulunmu\u015flard\u0131r.<\/span><\/p>\t\t\t\t\t\t\t\t<\/div>\n\t\t\t\t<\/div>\n\t\t\t\t\t<\/div>\n\t\t<\/div>\n\t\t\t\t\t<\/div>\n\t\t<\/section>\n\t\t\t\t<section class=\"elementor-section elementor-top-section elementor-element elementor-element-3e6b653 elementor-section-boxed elementor-section-height-default elementor-section-height-default\" data-id=\"3e6b653\" data-element_type=\"section\">\n\t\t\t\t\t\t<div class=\"elementor-container elementor-column-gap-default\">\n\t\t\t\t\t<div class=\"elementor-column elementor-col-100 elementor-top-column elementor-element elementor-element-2ed9a53\" data-id=\"2ed9a53\" data-element_type=\"column\">\n\t\t\t<div class=\"elementor-widget-wrap elementor-element-populated\">\n\t\t\t\t\t\t<div class=\"elementor-element elementor-element-decda19 elementor-widget elementor-widget-spacer\" data-id=\"decda19\" data-element_type=\"widget\" data-widget_type=\"spacer.default\">\n\t\t\t\t<div class=\"elementor-widget-container\">\n\t\t\t\t\t\t\t<div class=\"elementor-spacer\">\n\t\t\t<div class=\"elementor-spacer-inner\"><\/div>\n\t\t<\/div>\n\t\t\t\t\t\t<\/div>\n\t\t\t\t<\/div>\n\t\t\t\t\t<\/div>\n\t\t<\/div>\n\t\t\t\t\t<\/div>\n\t\t<\/section>\n\t\t\t\t<\/div>\n\t\t","protected":false},"excerpt":{"rendered":"<p>Tarih\u00e7e Zootekni B\u00f6l\u00fcm\u00fc, Atat\u00fcrk \u00dcniversitesi\u2019nin kurulu\u015f kanununun 31.05.1957 y\u0131l\u0131nda \u00e7\u0131kmas\u0131ndan sonra, Ziraat Fak\u00fcltesinde a\u00e7\u0131lmas\u0131 planlanan b\u00f6l\u00fcmlerden biri olarak 18 kas\u0131m 1958\u2019de e\u011fitim ve \u00f6\u011fretim faaliyetine ba\u015flam\u0131\u015ft\u0131r.\u00a0 Kurulu\u015f s\u00fcresinde;\u00a0 Hayvan \u0131slah\u0131,\u00a0 Yemler ve Hayvan Besleme,\u00a0 B\u00fcy\u00fck ve K\u00fc\u00e7\u00fckba\u015f Hayvan yeti\u015ftiricili\u011fi,\u00a0 Su \u00fcr\u00fcnleri,\u00a0 Ar\u0131c\u0131l\u0131k,\u00a0 \u0130statistik,\u00a0 S\u00fct ve S\u00fct \u00dcr\u00fcnleri Teknolojisi\u00a0 bilim dallar\u0131n\u0131 b\u00fcnyesinde toplayan Zootekni B\u00f6l\u00fcm\u00fcnden 1977\u2019 [&hellip;]<\/p>\n","protected":false},"author":1,"featured_media":0,"parent":0,"menu_order":0,"comment_status":"closed","ping_status":"closed","template":"","meta":{"footnotes":""},"class_list":["post-5638","page","type-page","status-publish","hentry"],"_links":{"self":[{"href":"https:\/\/atauni.edu.tr\/zootekni-bolumu\/wp-json\/wp\/v2\/pages\/5638","targetHints":{"allow":["GET"]}}],"collection":[{"href":"https:\/\/atauni.edu.tr\/zootekni-bolumu\/wp-json\/wp\/v2\/pages"}],"about":[{"href":"https:\/\/atauni.edu.tr\/zootekni-bolumu\/wp-json\/wp\/v2\/types\/page"}],"author":[{"embeddable":true,"href":"https:\/\/atauni.edu.tr\/zootekni-bolumu\/wp-json\/wp\/v2\/users\/1"}],"replies":[{"embeddable":true,"href":"https:\/\/atauni.edu.tr\/zootekni-bolumu\/wp-json\/wp\/v2\/comments?post=5638"}],"version-history":[{"count":47,"href":"https:\/\/atauni.edu.tr\/zootekni-bolumu\/wp-json\/wp\/v2\/pages\/5638\/revisions"}],"predecessor-version":[{"id":6967,"href":"https:\/\/atauni.edu.tr\/zootekni-bolumu\/wp-json\/wp\/v2\/pages\/5638\/revisions\/6967"}],"wp:attachment":[{"href":"https:\/\/atauni.edu.tr\/zootekni-bolumu\/wp-json\/wp\/v2\/media?parent=5638"}],"curies":[{"name":"wp","href":"https:\/\/api.w.org\/{rel}","templated":true}]}}