{"id":5682,"date":"2021-07-13T10:10:01","date_gmt":"2021-07-13T07:10:01","guid":{"rendered":"https:\/\/portaltest.atauni.edu.tr\/bilgisayar-muhendisligi\/?page_id=5682"},"modified":"2024-04-03T13:53:07","modified_gmt":"2024-04-03T10:53:07","slug":"misyon-vizyon-ve-temel-degerler","status":"publish","type":"page","link":"https:\/\/atauni.edu.tr\/zootekni-bolumu\/misyon-vizyon-ve-temel-degerler\/","title":{"rendered":"Program\u0131n Amac\u0131, Misyonu ve Vizyonu"},"content":{"rendered":"\t\t<div data-elementor-type=\"wp-page\" data-elementor-id=\"5682\" class=\"elementor elementor-5682\" data-elementor-post-type=\"page\">\n\t\t\t\t\t\t<section class=\"elementor-section elementor-top-section elementor-element elementor-element-730d320 elementor-section-boxed elementor-section-height-default elementor-section-height-default\" data-id=\"730d320\" data-element_type=\"section\">\n\t\t\t\t\t\t<div class=\"elementor-container elementor-column-gap-default\">\n\t\t\t\t\t<div class=\"elementor-column elementor-col-100 elementor-top-column elementor-element elementor-element-753d0860\" data-id=\"753d0860\" data-element_type=\"column\">\n\t\t\t<div class=\"elementor-widget-wrap\">\n\t\t\t\t\t\t\t<\/div>\n\t\t<\/div>\n\t\t\t\t\t<\/div>\n\t\t<\/section>\n\t\t\t\t<section class=\"elementor-section elementor-top-section elementor-element elementor-element-9be811a elementor-section-boxed elementor-section-height-default elementor-section-height-default\" data-id=\"9be811a\" data-element_type=\"section\">\n\t\t\t\t\t\t<div class=\"elementor-container elementor-column-gap-default\">\n\t\t\t\t\t<div class=\"elementor-column elementor-col-100 elementor-top-column elementor-element elementor-element-1ed847b7\" data-id=\"1ed847b7\" data-element_type=\"column\">\n\t\t\t<div class=\"elementor-widget-wrap elementor-element-populated\">\n\t\t\t\t\t\t<div class=\"elementor-element elementor-element-4ce0d07f elementor-widget elementor-widget-heading\" data-id=\"4ce0d07f\" data-element_type=\"widget\" data-widget_type=\"heading.default\">\n\t\t\t\t<div class=\"elementor-widget-container\">\n\t\t\t\t\t<h2 class=\"elementor-heading-title elementor-size-default\">Program\u0131n Amac\u0131, Misyonu ve Vizyonu<\/h2>\t\t\t\t<\/div>\n\t\t\t\t<\/div>\n\t\t\t\t<div class=\"elementor-element elementor-element-63260862 elementor-widget-divider--view-line elementor-widget elementor-widget-divider\" data-id=\"63260862\" data-element_type=\"widget\" data-widget_type=\"divider.default\">\n\t\t\t\t<div class=\"elementor-widget-container\">\n\t\t\t\t\t\t\t<div class=\"elementor-divider\">\n\t\t\t<span class=\"elementor-divider-separator\">\n\t\t\t\t\t\t<\/span>\n\t\t<\/div>\n\t\t\t\t\t\t<\/div>\n\t\t\t\t<\/div>\n\t\t\t\t\t<\/div>\n\t\t<\/div>\n\t\t\t\t\t<\/div>\n\t\t<\/section>\n\t\t\t\t<section class=\"elementor-section elementor-top-section elementor-element elementor-element-681db8b elementor-section-boxed elementor-section-height-default elementor-section-height-default\" data-id=\"681db8b\" data-element_type=\"section\">\n\t\t\t\t\t\t<div class=\"elementor-container elementor-column-gap-default\">\n\t\t\t\t\t<div class=\"elementor-column elementor-col-100 elementor-top-column elementor-element elementor-element-ad4dac5\" data-id=\"ad4dac5\" data-element_type=\"column\">\n\t\t\t<div class=\"elementor-widget-wrap elementor-element-populated\">\n\t\t\t\t\t\t<div class=\"elementor-element elementor-element-2f96b3d elementor-widget elementor-widget-text-editor\" data-id=\"2f96b3d\" data-element_type=\"widget\" data-widget_type=\"text-editor.default\">\n\t\t\t\t<div class=\"elementor-widget-container\">\n\t\t\t\t\t\t\t\t\t<div><h2><span style=\"color: #000000;font-family: Roboto, sans-serif\"><span style=\"font-size: 17px;font-weight: 400\">Zootekni Program\u0131n\u0131n amac\u0131, misyon, vizyonu ve stratejik hedeflere ula\u015fma modeli i\u00e7 ve d\u0131\u015f payda\u015flarlarla belirli tarihlerde yap\u0131lan toplant\u0131lar sonucunda g\u00fcncellenmektedir.\u00a0<\/span><\/span><\/h2><h2>Program\u0131n Amac\u0131<\/h2><p><span style=\"color: #000000\">Ekonomik olarak hayvan ve hayvansal \u00fcr\u00fcnler elde etmek \u00fczere evcil hayvanlar\u0131n bak\u0131m\u0131, beslenmesi, yeti\u015ftirilmesi ve \u0131slah\u0131 konular\u0131nda \u00f6\u011frencilere lisans ve lisans\u00fcst\u00fc d\u00fczeyde e\u011fitim, ara\u015ft\u0131rma ve uygulama yapt\u0131rmak, Hayvanc\u0131l\u0131k konusunda uzman, \u00fclke ve b\u00f6lge hayvanc\u0131l\u0131\u011f\u0131n\u0131 kalk\u0131nd\u0131rmada g\u00f6rev alacak insang\u00fcc\u00fcn\u00fc yeti\u015ftirmek ama\u00e7lanmaktad\u0131r.<\/span><\/p><h2>Misyonumuz<\/h2><p><span style=\"color: #333333\">\u00c7a\u011f\u0131n gerektirdi\u011fi bilgilerle donan\u0131ml\u0131, disiplinli, \u00f6z g\u00fcven sahibi Ziraat M\u00fchendisi Zooteknistler yeti\u015ftirmek. B\u00f6lge ve \u00fclke hayvanc\u0131l\u0131\u011f\u0131n\u0131n beklentilerine problem odakl\u0131 bilimsel ara\u015ft\u0131rma ve projeler ile cevap verebilmektir.<\/span><\/p><\/div><div><h2>Vizyonumuz<\/h2><p><span style=\"color: #333333\">G\u00fc\u00e7l\u00fc akademik kadrosuyla ve bilimsel etkinlikleri ile b\u00f6lgemizde \u00fclkemizde ve uluslar aras\u0131 d\u00fczeyde \u00f6rnek al\u0131nan akademik birim olmakt\u0131r. \u00a0B\u00f6lge ve \u00fclke \u00e7ift\u00e7ilerinin ihtiya\u00e7 duydu\u011fu bilgi, dan\u0131\u015fmanl\u0131k ve materyal ihtiyac\u0131na cevap verebilen bir birim olmakt\u0131r.<\/span><\/p><\/div>\t\t\t\t\t\t\t\t<\/div>\n\t\t\t\t<\/div>\n\t\t\t\t\t<\/div>\n\t\t<\/div>\n\t\t\t\t\t<\/div>\n\t\t<\/section>\n\t\t\t\t<section class=\"elementor-section elementor-top-section elementor-element elementor-element-9b7d2c0 elementor-section-boxed elementor-section-height-default elementor-section-height-default\" data-id=\"9b7d2c0\" data-element_type=\"section\">\n\t\t\t\t\t\t<div class=\"elementor-container elementor-column-gap-default\">\n\t\t\t\t\t<div class=\"elementor-column elementor-col-100 elementor-top-column elementor-element elementor-element-5b4402f\" data-id=\"5b4402f\" data-element_type=\"column\">\n\t\t\t<div class=\"elementor-widget-wrap elementor-element-populated\">\n\t\t\t\t\t\t<div class=\"elementor-element elementor-element-c6e63a0 elementor-widget elementor-widget-spacer\" data-id=\"c6e63a0\" data-element_type=\"widget\" data-widget_type=\"spacer.default\">\n\t\t\t\t<div class=\"elementor-widget-container\">\n\t\t\t\t\t\t\t<div class=\"elementor-spacer\">\n\t\t\t<div class=\"elementor-spacer-inner\"><\/div>\n\t\t<\/div>\n\t\t\t\t\t\t<\/div>\n\t\t\t\t<\/div>\n\t\t\t\t\t<\/div>\n\t\t<\/div>\n\t\t\t\t\t<\/div>\n\t\t<\/section>\n\t\t\t\t<\/div>\n\t\t","protected":false},"excerpt":{"rendered":"<p>Program\u0131n Amac\u0131, Misyonu ve Vizyonu Zootekni Program\u0131n\u0131n amac\u0131, misyon, vizyonu ve stratejik hedeflere ula\u015fma modeli i\u00e7 ve d\u0131\u015f payda\u015flarlarla belirli tarihlerde yap\u0131lan toplant\u0131lar sonucunda g\u00fcncellenmektedir.\u00a0 Program\u0131n Amac\u0131 Ekonomik olarak hayvan ve hayvansal \u00fcr\u00fcnler elde etmek \u00fczere evcil hayvanlar\u0131n bak\u0131m\u0131, beslenmesi, yeti\u015ftirilmesi ve \u0131slah\u0131 konular\u0131nda \u00f6\u011frencilere lisans ve lisans\u00fcst\u00fc d\u00fczeyde e\u011fitim, ara\u015ft\u0131rma ve uygulama yapt\u0131rmak, Hayvanc\u0131l\u0131k [&hellip;]<\/p>\n","protected":false},"author":1,"featured_media":0,"parent":0,"menu_order":0,"comment_status":"closed","ping_status":"closed","template":"","meta":{"footnotes":""},"class_list":["post-5682","page","type-page","status-publish","hentry"],"_links":{"self":[{"href":"https:\/\/atauni.edu.tr\/zootekni-bolumu\/wp-json\/wp\/v2\/pages\/5682","targetHints":{"allow":["GET"]}}],"collection":[{"href":"https:\/\/atauni.edu.tr\/zootekni-bolumu\/wp-json\/wp\/v2\/pages"}],"about":[{"href":"https:\/\/atauni.edu.tr\/zootekni-bolumu\/wp-json\/wp\/v2\/types\/page"}],"author":[{"embeddable":true,"href":"https:\/\/atauni.edu.tr\/zootekni-bolumu\/wp-json\/wp\/v2\/users\/1"}],"replies":[{"embeddable":true,"href":"https:\/\/atauni.edu.tr\/zootekni-bolumu\/wp-json\/wp\/v2\/comments?post=5682"}],"version-history":[{"count":34,"href":"https:\/\/atauni.edu.tr\/zootekni-bolumu\/wp-json\/wp\/v2\/pages\/5682\/revisions"}],"predecessor-version":[{"id":6968,"href":"https:\/\/atauni.edu.tr\/zootekni-bolumu\/wp-json\/wp\/v2\/pages\/5682\/revisions\/6968"}],"wp:attachment":[{"href":"https:\/\/atauni.edu.tr\/zootekni-bolumu\/wp-json\/wp\/v2\/media?parent=5682"}],"curies":[{"name":"wp","href":"https:\/\/api.w.org\/{rel}","templated":true}]}}