{"id":5751,"date":"2021-07-13T12:50:27","date_gmt":"2021-07-13T09:50:27","guid":{"rendered":"https:\/\/portaltest.atauni.edu.tr\/bilgisayar-muhendisligi\/?page_id=5751"},"modified":"2021-09-27T12:36:52","modified_gmt":"2021-09-27T09:36:52","slug":"lisansustu-ders-listesi","status":"publish","type":"page","link":"https:\/\/atauni.edu.tr\/zootekni-bolumu\/lisansustu-ders-listesi\/","title":{"rendered":"Lisan\u00fcst\u00fc Ders Listesi"},"content":{"rendered":"\t\t<div data-elementor-type=\"wp-page\" data-elementor-id=\"5751\" class=\"elementor elementor-5751\" data-elementor-post-type=\"page\">\n\t\t\t\t\t\t<section class=\"elementor-section elementor-top-section elementor-element elementor-element-730d320 elementor-section-boxed elementor-section-height-default elementor-section-height-default\" data-id=\"730d320\" data-element_type=\"section\">\n\t\t\t\t\t\t<div class=\"elementor-container elementor-column-gap-default\">\n\t\t\t\t\t<div class=\"elementor-column elementor-col-100 elementor-top-column elementor-element elementor-element-753d0860\" data-id=\"753d0860\" data-element_type=\"column\">\n\t\t\t<div class=\"elementor-widget-wrap\">\n\t\t\t\t\t\t\t<\/div>\n\t\t<\/div>\n\t\t\t\t\t<\/div>\n\t\t<\/section>\n\t\t\t\t<section class=\"elementor-section elementor-top-section elementor-element elementor-element-9be811a elementor-section-boxed elementor-section-height-default elementor-section-height-default\" data-id=\"9be811a\" data-element_type=\"section\">\n\t\t\t\t\t\t<div class=\"elementor-container elementor-column-gap-default\">\n\t\t\t\t\t<div class=\"elementor-column elementor-col-100 elementor-top-column elementor-element elementor-element-1ed847b7\" data-id=\"1ed847b7\" data-element_type=\"column\">\n\t\t\t<div class=\"elementor-widget-wrap elementor-element-populated\">\n\t\t\t\t\t\t<div class=\"elementor-element elementor-element-4ce0d07f elementor-widget elementor-widget-heading\" data-id=\"4ce0d07f\" data-element_type=\"widget\" data-widget_type=\"heading.default\">\n\t\t\t\t<div class=\"elementor-widget-container\">\n\t\t\t\t\t<h2 class=\"elementor-heading-title elementor-size-default\">Lisans\u00fcst\u00fc Ders Listesi<\/h2>\t\t\t\t<\/div>\n\t\t\t\t<\/div>\n\t\t\t\t<div class=\"elementor-element elementor-element-63260862 elementor-widget-divider--view-line elementor-widget elementor-widget-divider\" data-id=\"63260862\" data-element_type=\"widget\" data-widget_type=\"divider.default\">\n\t\t\t\t<div class=\"elementor-widget-container\">\n\t\t\t\t\t\t\t<div class=\"elementor-divider\">\n\t\t\t<span class=\"elementor-divider-separator\">\n\t\t\t\t\t\t<\/span>\n\t\t<\/div>\n\t\t\t\t\t\t<\/div>\n\t\t\t\t<\/div>\n\t\t\t\t\t<\/div>\n\t\t<\/div>\n\t\t\t\t\t<\/div>\n\t\t<\/section>\n\t\t\t\t<section class=\"elementor-section elementor-top-section elementor-element elementor-element-49a45ad elementor-section-boxed elementor-section-height-default elementor-section-height-default\" data-id=\"49a45ad\" data-element_type=\"section\">\n\t\t\t\t\t\t<div class=\"elementor-container elementor-column-gap-default\">\n\t\t\t\t\t<div class=\"elementor-column elementor-col-100 elementor-top-column elementor-element elementor-element-6e2b27a\" data-id=\"6e2b27a\" data-element_type=\"column\">\n\t\t\t<div class=\"elementor-widget-wrap elementor-element-populated\">\n\t\t\t\t\t\t<div class=\"elementor-element elementor-element-ed86159 elementor-align-left elementor-widget elementor-widget-button\" data-id=\"ed86159\" data-element_type=\"widget\" data-widget_type=\"button.default\">\n\t\t\t\t<div class=\"elementor-widget-container\">\n\t\t\t\t\t\t\t\t\t<div class=\"elementor-button-wrapper\">\n\t\t\t\t\t<a class=\"elementor-button elementor-button-link elementor-size-lg\" href=\"https:\/\/obs.atauni.edu.tr\/moduller\/dbp\/eobs\/birimDetay\/3752\/Zootekni%20-%20Bilim%20Dal%C4%B1%20-%20Tezli%20Y%C3%BCksek%20Lisans%20Program%C4%B1%20(3752)?\">\n\t\t\t\t\t\t<span class=\"elementor-button-content-wrapper\">\n\t\t\t\t\t\t<span class=\"elementor-button-icon\">\n\t\t\t\t<svg xmlns=\"http:\/\/www.w3.org\/2000\/svg\" xmlns:xlink=\"http:\/\/www.w3.org\/1999\/xlink\" width=\"33px\" height=\"35px\" viewBox=\"0 0 33 35\"><defs><polygon id=\"path-1\" points=\"0.59455 0.666603039 10.4454536 0.666603039 10.4454536 12 0.59455 12\"><\/polygon><polygon id=\"path-3\" points=\"0 0.0954124441 11.3094904 0.0954124441 11.3094904 9.05368578 0 9.05368578\"><\/polygon><polygon id=\"path-5\" points=\"0.307672445 0.0954124441 11.689 0.0954124441 11.689 9.05395417 0.307672445 9.05395417\"><\/polygon><\/defs><g id=\"Website\" stroke=\"none\" stroke-width=\"1\" fill=\"none\" fill-rule=\"evenodd\"><g id=\"Homepage-v4\" transform=\"translate(-815.000000, -639.000000)\"><g id=\"Category-List\" transform=\"translate(0.000000, 622.000000)\"><g id=\"Group-8\" transform=\"translate(230.000000, 0.000000)\"><g id=\"Group-14\"><g id=\"Group-19\" transform=\"translate(567.000000, 0.000000)\"><g id=\"Group-14\" transform=\"translate(18.000000, 17.000000)\"><path d=\"M12.3745,1.1398 L15.7955,10.2618 C15.9095,10.6038 16.1375,10.7178 16.4795,10.8318 L16.5935,10.8318 L16.7075,10.8318 C17.3925,10.9458 17.7345,10.4908 17.8475,10.1478 L21.2685,1.1398 C21.4965,0.5708 21.0405,-0.0002 20.4705,-0.0002 L20.2425,-0.0002 C19.9005,-0.0002 19.5585,0.2278 19.4445,0.5708 L18.8745,2.0518 C18.7605,2.3938 18.4185,2.6218 18.0755,2.6218 L15.5675,2.6218 C15.2255,2.6218 14.8835,2.3938 14.7695,2.0518 L14.1985,0.5708 C14.0845,0.2278 13.7435,-0.0002 13.4005,-0.0002 L13.1725,-0.0002 L12.9445,-0.0002 C12.4885,0.2278 12.2605,0.6838 12.3745,1.1398\" id=\"Fill-1\" fill=\"#0D1461\"><\/path><g id=\"Group-5\" transform=\"translate(3.000000, 22.663700)\"><mask id=\"mask-2\" fill=\"white\"><use xlink:href=\"#path-1\"><\/use><\/mask><g id=\"Clip-4\"><\/g><path d=\"M8.2343,11.3154 L10.4003,1.7374 C10.5153,1.3954 10.4003,1.1684 10.1723,0.9394 L10.0583,0.9394 C9.4883,0.4834 9.0333,0.7114 8.6903,0.8254 L0.9373,6.4124 C0.4803,6.7544 0.4803,7.4394 0.9373,7.7804 L1.1653,7.8954 C1.5063,8.1234 1.8493,8.1234 2.0763,7.8954 L3.3313,6.9824 C3.6733,6.7544 4.0153,6.7544 4.2433,6.9824 L6.2963,8.3514 C6.6383,8.5794 6.7513,8.9204 6.6383,9.2634 L6.2963,10.8594 C6.1823,11.2014 6.4103,11.5444 6.6383,11.7724 L6.8653,11.8854 C6.9803,11.8854 6.9803,12.0004 7.0943,12.0004 C7.6643,12.0004 8.1203,11.7724 8.2343,11.3154\" id=\"Fill-3\" fill=\"#0D1461\" mask=\"url(#mask-2)\"><\/path><\/g><g id=\"Group-8\" transform=\"translate(0.000000, 9.663700)\"><mask id=\"mask-4\" fill=\"white\"><use xlink:href=\"#path-3\"><\/use><\/mask><g id=\"Clip-7\"><\/g><path d=\"M0.8583,9.0361 L10.5503,7.7821 C10.8923,7.7821 11.1203,7.5541 11.2343,7.2121 L11.2343,7.0981 L11.2343,6.9841 C11.4623,6.2991 11.1203,5.9571 10.8923,5.7291 L3.0243,0.2561 C2.5683,-0.0859 1.8843,0.1421 1.7703,0.7121 L1.6563,0.9401 C1.5423,1.2821 1.6563,1.6241 1.9983,1.8521 L3.3663,2.7651 C3.7083,2.9931 3.8233,3.3351 3.7083,3.6771 L3.1383,6.0721 C3.0243,6.4131 2.7963,6.6411 2.4543,6.7561 L0.8583,6.9841 C0.5153,6.9841 0.1743,7.3261 0.1743,7.6681 L0.0603,7.8961 L0.0603,8.1241 C-0.1687,8.6941 0.2883,9.1501 0.8583,9.0361\" id=\"Fill-6\" fill=\"#0D1461\" mask=\"url(#mask-4)\"><\/path><\/g><g id=\"Group-11\" transform=\"translate(21.000000, 9.663700)\"><mask id=\"mask-6\" fill=\"white\"><use xlink:href=\"#path-5\"><\/use><\/mask><g id=\"Clip-10\"><\/g><path d=\"M10.759,9.0361 L1.067,7.7821 C0.724,7.7821 0.496,7.5541 0.383,7.2121 L0.383,7.0981 L0.383,6.9841 C0.155,6.2991 0.496,5.9571 0.724,5.7291 L8.592,0.2561 C9.049,-0.0859 9.733,0.1421 9.847,0.7121 L9.961,0.9401 C10.075,1.2821 9.961,1.6241 9.619,1.8521 L8.364,2.9931 C8.022,3.2211 7.908,3.5631 8.022,3.9051 L8.592,6.2991 C8.707,6.6411 8.935,6.8701 9.277,6.9841 L10.873,7.2121 C11.215,7.2121 11.557,7.5541 11.557,7.8961 L11.672,8.1241 L11.672,8.3521 C11.785,8.6941 11.329,9.1501 10.759,9.0361\" id=\"Fill-9\" fill=\"#0D1461\" mask=\"url(#mask-6)\"><\/path><\/g><path d=\"M23.3208,33.9791 L21.1548,24.4011 C21.0408,24.0591 21.1548,23.8321 21.3828,23.6031 L21.4968,23.6031 C22.0668,23.1471 22.5228,23.3751 22.8658,23.4891 L30.6188,29.0761 C31.0748,29.4181 31.0748,30.1031 30.6188,30.4441 L30.3908,30.5591 C30.0488,30.7871 29.7068,30.7871 29.4778,30.5591 L28.2248,29.6461 C27.8818,29.4181 27.5398,29.4181 27.3118,29.6461 L25.2598,30.9001 C24.9178,31.1291 24.8028,31.4711 24.9178,31.8121 L25.2598,33.4091 C25.3728,33.7511 25.1458,34.0931 24.9178,34.3211 L24.6898,34.4361 C24.5758,34.4361 24.5758,34.5491 24.4618,34.5491 C24.0048,34.6641 23.4358,34.4361 23.3208,33.9791\" id=\"Fill-12\" fill=\"#0D1461\"><\/path><\/g><\/g><\/g><\/g><\/g><\/g><\/g><\/svg>\t\t\t<\/span>\n\t\t\t\t\t\t\t\t\t<span class=\"elementor-button-text\">Y\u00fcksek Lisans Program\u0131<\/span>\n\t\t\t\t\t<\/span>\n\t\t\t\t\t<\/a>\n\t\t\t\t<\/div>\n\t\t\t\t\t\t\t\t<\/div>\n\t\t\t\t<\/div>\n\t\t\t\t<div class=\"elementor-element elementor-element-881f6c3 elementor-align-left elementor-widget elementor-widget-button\" data-id=\"881f6c3\" data-element_type=\"widget\" data-widget_type=\"button.default\">\n\t\t\t\t<div class=\"elementor-widget-container\">\n\t\t\t\t\t\t\t\t\t<div class=\"elementor-button-wrapper\">\n\t\t\t\t\t<a class=\"elementor-button elementor-button-link elementor-size-lg\" href=\"https:\/\/obs.atauni.edu.tr\/moduller\/dbp\/eobs\/birimDetay\/3751\/Zootekni%20-%20Bilim%20Dal%C4%B1%20-%20Doktora%20Program%C4%B1%20(3751)?\">\n\t\t\t\t\t\t<span class=\"elementor-button-content-wrapper\">\n\t\t\t\t\t\t<span class=\"elementor-button-icon\">\n\t\t\t\t<svg xmlns=\"http:\/\/www.w3.org\/2000\/svg\" xmlns:xlink=\"http:\/\/www.w3.org\/1999\/xlink\" width=\"33px\" height=\"35px\" viewBox=\"0 0 33 35\"><defs><polygon id=\"path-1\" points=\"0.59455 0.666603039 10.4454536 0.666603039 10.4454536 12 0.59455 12\"><\/polygon><polygon id=\"path-3\" points=\"0 0.0954124441 11.3094904 0.0954124441 11.3094904 9.05368578 0 9.05368578\"><\/polygon><polygon id=\"path-5\" points=\"0.307672445 0.0954124441 11.689 0.0954124441 11.689 9.05395417 0.307672445 9.05395417\"><\/polygon><\/defs><g id=\"Website\" stroke=\"none\" stroke-width=\"1\" fill=\"none\" fill-rule=\"evenodd\"><g id=\"Homepage-v4\" transform=\"translate(-815.000000, -639.000000)\"><g id=\"Category-List\" transform=\"translate(0.000000, 622.000000)\"><g id=\"Group-8\" transform=\"translate(230.000000, 0.000000)\"><g id=\"Group-14\"><g id=\"Group-19\" transform=\"translate(567.000000, 0.000000)\"><g id=\"Group-14\" transform=\"translate(18.000000, 17.000000)\"><path d=\"M12.3745,1.1398 L15.7955,10.2618 C15.9095,10.6038 16.1375,10.7178 16.4795,10.8318 L16.5935,10.8318 L16.7075,10.8318 C17.3925,10.9458 17.7345,10.4908 17.8475,10.1478 L21.2685,1.1398 C21.4965,0.5708 21.0405,-0.0002 20.4705,-0.0002 L20.2425,-0.0002 C19.9005,-0.0002 19.5585,0.2278 19.4445,0.5708 L18.8745,2.0518 C18.7605,2.3938 18.4185,2.6218 18.0755,2.6218 L15.5675,2.6218 C15.2255,2.6218 14.8835,2.3938 14.7695,2.0518 L14.1985,0.5708 C14.0845,0.2278 13.7435,-0.0002 13.4005,-0.0002 L13.1725,-0.0002 L12.9445,-0.0002 C12.4885,0.2278 12.2605,0.6838 12.3745,1.1398\" id=\"Fill-1\" fill=\"#0D1461\"><\/path><g id=\"Group-5\" transform=\"translate(3.000000, 22.663700)\"><mask id=\"mask-2\" fill=\"white\"><use xlink:href=\"#path-1\"><\/use><\/mask><g id=\"Clip-4\"><\/g><path d=\"M8.2343,11.3154 L10.4003,1.7374 C10.5153,1.3954 10.4003,1.1684 10.1723,0.9394 L10.0583,0.9394 C9.4883,0.4834 9.0333,0.7114 8.6903,0.8254 L0.9373,6.4124 C0.4803,6.7544 0.4803,7.4394 0.9373,7.7804 L1.1653,7.8954 C1.5063,8.1234 1.8493,8.1234 2.0763,7.8954 L3.3313,6.9824 C3.6733,6.7544 4.0153,6.7544 4.2433,6.9824 L6.2963,8.3514 C6.6383,8.5794 6.7513,8.9204 6.6383,9.2634 L6.2963,10.8594 C6.1823,11.2014 6.4103,11.5444 6.6383,11.7724 L6.8653,11.8854 C6.9803,11.8854 6.9803,12.0004 7.0943,12.0004 C7.6643,12.0004 8.1203,11.7724 8.2343,11.3154\" id=\"Fill-3\" fill=\"#0D1461\" mask=\"url(#mask-2)\"><\/path><\/g><g id=\"Group-8\" transform=\"translate(0.000000, 9.663700)\"><mask id=\"mask-4\" fill=\"white\"><use xlink:href=\"#path-3\"><\/use><\/mask><g id=\"Clip-7\"><\/g><path d=\"M0.8583,9.0361 L10.5503,7.7821 C10.8923,7.7821 11.1203,7.5541 11.2343,7.2121 L11.2343,7.0981 L11.2343,6.9841 C11.4623,6.2991 11.1203,5.9571 10.8923,5.7291 L3.0243,0.2561 C2.5683,-0.0859 1.8843,0.1421 1.7703,0.7121 L1.6563,0.9401 C1.5423,1.2821 1.6563,1.6241 1.9983,1.8521 L3.3663,2.7651 C3.7083,2.9931 3.8233,3.3351 3.7083,3.6771 L3.1383,6.0721 C3.0243,6.4131 2.7963,6.6411 2.4543,6.7561 L0.8583,6.9841 C0.5153,6.9841 0.1743,7.3261 0.1743,7.6681 L0.0603,7.8961 L0.0603,8.1241 C-0.1687,8.6941 0.2883,9.1501 0.8583,9.0361\" id=\"Fill-6\" fill=\"#0D1461\" mask=\"url(#mask-4)\"><\/path><\/g><g id=\"Group-11\" transform=\"translate(21.000000, 9.663700)\"><mask id=\"mask-6\" fill=\"white\"><use xlink:href=\"#path-5\"><\/use><\/mask><g id=\"Clip-10\"><\/g><path d=\"M10.759,9.0361 L1.067,7.7821 C0.724,7.7821 0.496,7.5541 0.383,7.2121 L0.383,7.0981 L0.383,6.9841 C0.155,6.2991 0.496,5.9571 0.724,5.7291 L8.592,0.2561 C9.049,-0.0859 9.733,0.1421 9.847,0.7121 L9.961,0.9401 C10.075,1.2821 9.961,1.6241 9.619,1.8521 L8.364,2.9931 C8.022,3.2211 7.908,3.5631 8.022,3.9051 L8.592,6.2991 C8.707,6.6411 8.935,6.8701 9.277,6.9841 L10.873,7.2121 C11.215,7.2121 11.557,7.5541 11.557,7.8961 L11.672,8.1241 L11.672,8.3521 C11.785,8.6941 11.329,9.1501 10.759,9.0361\" id=\"Fill-9\" fill=\"#0D1461\" mask=\"url(#mask-6)\"><\/path><\/g><path d=\"M23.3208,33.9791 L21.1548,24.4011 C21.0408,24.0591 21.1548,23.8321 21.3828,23.6031 L21.4968,23.6031 C22.0668,23.1471 22.5228,23.3751 22.8658,23.4891 L30.6188,29.0761 C31.0748,29.4181 31.0748,30.1031 30.6188,30.4441 L30.3908,30.5591 C30.0488,30.7871 29.7068,30.7871 29.4778,30.5591 L28.2248,29.6461 C27.8818,29.4181 27.5398,29.4181 27.3118,29.6461 L25.2598,30.9001 C24.9178,31.1291 24.8028,31.4711 24.9178,31.8121 L25.2598,33.4091 C25.3728,33.7511 25.1458,34.0931 24.9178,34.3211 L24.6898,34.4361 C24.5758,34.4361 24.5758,34.5491 24.4618,34.5491 C24.0048,34.6641 23.4358,34.4361 23.3208,33.9791\" id=\"Fill-12\" fill=\"#0D1461\"><\/path><\/g><\/g><\/g><\/g><\/g><\/g><\/g><\/svg>\t\t\t<\/span>\n\t\t\t\t\t\t\t\t\t<span class=\"elementor-button-text\">Doktora Program\u0131<\/span>\n\t\t\t\t\t<\/span>\n\t\t\t\t\t<\/a>\n\t\t\t\t<\/div>\n\t\t\t\t\t\t\t\t<\/div>\n\t\t\t\t<\/div>\n\t\t\t\t\t<\/div>\n\t\t<\/div>\n\t\t\t\t\t<\/div>\n\t\t<\/section>\n\t\t\t\t<\/div>\n\t\t","protected":false},"excerpt":{"rendered":"<p>Lisans\u00fcst\u00fc Ders Listesi Y\u00fcksek Lisans Program\u0131 Doktora Program\u0131<\/p>\n","protected":false},"author":1,"featured_media":0,"parent":0,"menu_order":0,"comment_status":"closed","ping_status":"closed","template":"elementor_header_footer","meta":{"footnotes":""},"class_list":["post-5751","page","type-page","status-publish","hentry"],"_links":{"self":[{"href":"https:\/\/atauni.edu.tr\/zootekni-bolumu\/wp-json\/wp\/v2\/pages\/5751","targetHints":{"allow":["GET"]}}],"collection":[{"href":"https:\/\/atauni.edu.tr\/zootekni-bolumu\/wp-json\/wp\/v2\/pages"}],"about":[{"href":"https:\/\/atauni.edu.tr\/zootekni-bolumu\/wp-json\/wp\/v2\/types\/page"}],"author":[{"embeddable":true,"href":"https:\/\/atauni.edu.tr\/zootekni-bolumu\/wp-json\/wp\/v2\/users\/1"}],"replies":[{"embeddable":true,"href":"https:\/\/atauni.edu.tr\/zootekni-bolumu\/wp-json\/wp\/v2\/comments?post=5751"}],"version-history":[{"count":27,"href":"https:\/\/atauni.edu.tr\/zootekni-bolumu\/wp-json\/wp\/v2\/pages\/5751\/revisions"}],"predecessor-version":[{"id":6391,"href":"https:\/\/atauni.edu.tr\/zootekni-bolumu\/wp-json\/wp\/v2\/pages\/5751\/revisions\/6391"}],"wp:attachment":[{"href":"https:\/\/atauni.edu.tr\/zootekni-bolumu\/wp-json\/wp\/v2\/media?parent=5751"}],"curies":[{"name":"wp","href":"https:\/\/api.w.org\/{rel}","templated":true}]}}