{"id":6071,"date":"2021-08-27T15:45:02","date_gmt":"2021-08-27T12:45:02","guid":{"rendered":"http:\/\/birimler.atauni.edu.tr\/zootekni-bolumu\/?page_id=6071"},"modified":"2026-03-12T10:41:41","modified_gmt":"2026-03-12T07:41:41","slug":"bolum-komisyon-kurullari","status":"publish","type":"page","link":"https:\/\/atauni.edu.tr\/zootekni-bolumu\/bolum-komisyon-kurullari\/","title":{"rendered":"B\u00f6l\u00fcm Komisyon Kurullar\u0131"},"content":{"rendered":"\t\t<div data-elementor-type=\"wp-page\" data-elementor-id=\"6071\" class=\"elementor elementor-6071\" data-elementor-post-type=\"page\">\n\t\t\t\t\t\t<section class=\"elementor-section elementor-top-section elementor-element elementor-element-ffd9c24 elementor-section-boxed elementor-section-height-default elementor-section-height-default\" data-id=\"ffd9c24\" data-element_type=\"section\">\n\t\t\t\t\t\t<div class=\"elementor-container elementor-column-gap-default\">\n\t\t\t\t\t<div class=\"elementor-column elementor-col-100 elementor-top-column elementor-element elementor-element-63467e2\" data-id=\"63467e2\" data-element_type=\"column\">\n\t\t\t<div class=\"elementor-widget-wrap elementor-element-populated\">\n\t\t\t\t\t\t<div class=\"elementor-element elementor-element-b5049eb elementor-widget elementor-widget-heading\" data-id=\"b5049eb\" data-element_type=\"widget\" data-widget_type=\"heading.default\">\n\t\t\t\t<div class=\"elementor-widget-container\">\n\t\t\t\t\t<h2 class=\"elementor-heading-title elementor-size-default\">B\u00f6l\u00fcm Komisyon Kurullar\u0131<\/h2>\t\t\t\t<\/div>\n\t\t\t\t<\/div>\n\t\t\t\t<div class=\"elementor-element elementor-element-83182ca elementor-widget-divider--view-line elementor-widget elementor-widget-divider\" data-id=\"83182ca\" data-element_type=\"widget\" data-widget_type=\"divider.default\">\n\t\t\t\t<div class=\"elementor-widget-container\">\n\t\t\t\t\t\t\t<div class=\"elementor-divider\">\n\t\t\t<span class=\"elementor-divider-separator\">\n\t\t\t\t\t\t<\/span>\n\t\t<\/div>\n\t\t\t\t\t\t<\/div>\n\t\t\t\t<\/div>\n\t\t\t\t\t<\/div>\n\t\t<\/div>\n\t\t\t\t\t<\/div>\n\t\t<\/section>\n\t\t\t\t<section class=\"elementor-section elementor-top-section elementor-element elementor-element-840f10f elementor-section-boxed elementor-section-height-default elementor-section-height-default\" data-id=\"840f10f\" data-element_type=\"section\">\n\t\t\t\t\t\t<div class=\"elementor-container elementor-column-gap-default\">\n\t\t\t\t\t<div class=\"elementor-column elementor-col-100 elementor-top-column elementor-element elementor-element-44128ff\" data-id=\"44128ff\" data-element_type=\"column\">\n\t\t\t<div class=\"elementor-widget-wrap elementor-element-populated\">\n\t\t\t\t\t\t<div class=\"elementor-element elementor-element-54e92f5 elementor-align-left elementor-widget elementor-widget-button\" data-id=\"54e92f5\" data-element_type=\"widget\" data-widget_type=\"button.default\">\n\t\t\t\t<div class=\"elementor-widget-container\">\n\t\t\t\t\t\t\t\t\t<div class=\"elementor-button-wrapper\">\n\t\t\t\t\t<a class=\"elementor-button elementor-button-link elementor-size-lg\" href=\"http:\/\/atauni.edu.tr\/zootekni-bolumu\/wp-content\/uploads\/sites\/175\/2026\/03\/Komisyonlar-Guncel-2026-12.03.2026.pdf\" target=\"_blank\">\n\t\t\t\t\t\t<span class=\"elementor-button-content-wrapper\">\n\t\t\t\t\t\t<span class=\"elementor-button-icon\">\n\t\t\t\t<i aria-hidden=\"true\" class=\"fas fa-file-download\"><\/i>\t\t\t<\/span>\n\t\t\t\t\t\t\t\t\t<span class=\"elementor-button-text\">Zootekni B\u00f6l\u00fcm\u00fc Komisyon Kurullar\u0131 (G\u00fcncellenme tarihi: 12.03.2026)<\/span>\n\t\t\t\t\t<\/span>\n\t\t\t\t\t<\/a>\n\t\t\t\t<\/div>\n\t\t\t\t\t\t\t\t<\/div>\n\t\t\t\t<\/div>\n\t\t\t\t\t<\/div>\n\t\t<\/div>\n\t\t\t\t\t<\/div>\n\t\t<\/section>\n\t\t\t\t<\/div>\n\t\t","protected":false},"excerpt":{"rendered":"<p>B\u00f6l\u00fcm Komisyon Kurullar\u0131 Zootekni B\u00f6l\u00fcm\u00fc Komisyon Kurullar\u0131 (G\u00fcncellenme tarihi: 12.03.2026)<\/p>\n","protected":false},"author":1,"featured_media":0,"parent":0,"menu_order":0,"comment_status":"closed","ping_status":"closed","template":"elementor_header_footer","meta":{"footnotes":""},"class_list":["post-6071","page","type-page","status-publish","hentry"],"_links":{"self":[{"href":"https:\/\/atauni.edu.tr\/zootekni-bolumu\/wp-json\/wp\/v2\/pages\/6071","targetHints":{"allow":["GET"]}}],"collection":[{"href":"https:\/\/atauni.edu.tr\/zootekni-bolumu\/wp-json\/wp\/v2\/pages"}],"about":[{"href":"https:\/\/atauni.edu.tr\/zootekni-bolumu\/wp-json\/wp\/v2\/types\/page"}],"author":[{"embeddable":true,"href":"https:\/\/atauni.edu.tr\/zootekni-bolumu\/wp-json\/wp\/v2\/users\/1"}],"replies":[{"embeddable":true,"href":"https:\/\/atauni.edu.tr\/zootekni-bolumu\/wp-json\/wp\/v2\/comments?post=6071"}],"version-history":[{"count":44,"href":"https:\/\/atauni.edu.tr\/zootekni-bolumu\/wp-json\/wp\/v2\/pages\/6071\/revisions"}],"predecessor-version":[{"id":7306,"href":"https:\/\/atauni.edu.tr\/zootekni-bolumu\/wp-json\/wp\/v2\/pages\/6071\/revisions\/7306"}],"wp:attachment":[{"href":"https:\/\/atauni.edu.tr\/zootekni-bolumu\/wp-json\/wp\/v2\/media?parent=6071"}],"curies":[{"name":"wp","href":"https:\/\/api.w.org\/{rel}","templated":true}]}}