{"id":6338,"date":"2021-09-27T11:59:46","date_gmt":"2021-09-27T08:59:46","guid":{"rendered":"http:\/\/birimler.atauni.edu.tr\/zootekni-bolumu\/?page_id=6338"},"modified":"2024-10-10T15:53:27","modified_gmt":"2024-10-10T12:53:27","slug":"laboratuvarlar","status":"publish","type":"page","link":"https:\/\/atauni.edu.tr\/zootekni-bolumu\/laboratuvarlar\/","title":{"rendered":"Laboratuvarlar"},"content":{"rendered":"\t\t<div data-elementor-type=\"wp-page\" data-elementor-id=\"6338\" class=\"elementor elementor-6338\" data-elementor-post-type=\"page\">\n\t\t\t\t\t\t<section class=\"elementor-section elementor-top-section elementor-element elementor-element-f752cff elementor-section-boxed elementor-section-height-default elementor-section-height-default\" data-id=\"f752cff\" data-element_type=\"section\">\n\t\t\t\t\t\t<div class=\"elementor-container elementor-column-gap-default\">\n\t\t\t\t\t<div class=\"elementor-column elementor-col-100 elementor-top-column elementor-element elementor-element-675c74b\" data-id=\"675c74b\" data-element_type=\"column\">\n\t\t\t<div class=\"elementor-widget-wrap elementor-element-populated\">\n\t\t\t\t\t\t<div class=\"elementor-element elementor-element-c66c807 elementor-widget elementor-widget-heading\" data-id=\"c66c807\" data-element_type=\"widget\" data-widget_type=\"heading.default\">\n\t\t\t\t<div class=\"elementor-widget-container\">\n\t\t\t\t\t<h2 class=\"elementor-heading-title elementor-size-default\">S\u0131n\u0131f, Laboratuvarlar ve At\u00f6lye \u0130mkanlar\u0131<\/h2>\t\t\t\t<\/div>\n\t\t\t\t<\/div>\n\t\t\t\t<div class=\"elementor-element elementor-element-acde321 elementor-widget-divider--view-line elementor-widget elementor-widget-divider\" data-id=\"acde321\" data-element_type=\"widget\" data-widget_type=\"divider.default\">\n\t\t\t\t<div class=\"elementor-widget-container\">\n\t\t\t\t\t\t\t<div class=\"elementor-divider\">\n\t\t\t<span class=\"elementor-divider-separator\">\n\t\t\t\t\t\t<\/span>\n\t\t<\/div>\n\t\t\t\t\t\t<\/div>\n\t\t\t\t<\/div>\n\t\t\t\t\t<\/div>\n\t\t<\/div>\n\t\t\t\t\t<\/div>\n\t\t<\/section>\n\t\t\t\t<section class=\"elementor-section elementor-top-section elementor-element elementor-element-0b6d99e elementor-section-boxed elementor-section-height-default elementor-section-height-default\" data-id=\"0b6d99e\" data-element_type=\"section\">\n\t\t\t\t\t\t<div class=\"elementor-container elementor-column-gap-default\">\n\t\t\t\t\t<div class=\"elementor-column elementor-col-100 elementor-top-column elementor-element elementor-element-2591b98\" data-id=\"2591b98\" data-element_type=\"column\">\n\t\t\t<div class=\"elementor-widget-wrap elementor-element-populated\">\n\t\t\t\t\t\t<div class=\"elementor-element elementor-element-e7544d9 elementor-skin-carousel elementor-arrows-yes elementor-pagination-type-bullets elementor-pagination-position-outside elementor-widget elementor-widget-media-carousel\" data-id=\"e7544d9\" data-element_type=\"widget\" data-settings=\"{&quot;slides_per_view&quot;:&quot;1&quot;,&quot;autoplay_speed&quot;:&quot;1500&quot;,&quot;skin&quot;:&quot;carousel&quot;,&quot;effect&quot;:&quot;slide&quot;,&quot;show_arrows&quot;:&quot;yes&quot;,&quot;pagination&quot;:&quot;bullets&quot;,&quot;speed&quot;:500,&quot;autoplay&quot;:&quot;yes&quot;,&quot;loop&quot;:&quot;yes&quot;,&quot;pause_on_hover&quot;:&quot;yes&quot;,&quot;pause_on_interaction&quot;:&quot;yes&quot;,&quot;space_between&quot;:{&quot;unit&quot;:&quot;px&quot;,&quot;size&quot;:10,&quot;sizes&quot;:[]},&quot;space_between_tablet&quot;:{&quot;unit&quot;:&quot;px&quot;,&quot;size&quot;:10,&quot;sizes&quot;:[]},&quot;space_between_mobile&quot;:{&quot;unit&quot;:&quot;px&quot;,&quot;size&quot;:10,&quot;sizes&quot;:[]}}\" data-widget_type=\"media-carousel.default\">\n\t\t\t\t<div class=\"elementor-widget-container\">\n\t\t\t\t\t\t\t\t\t<div class=\"elementor-swiper\">\n\t\t\t\t\t<div class=\"elementor-main-swiper swiper\" role=\"region\" aria-roledescription=\"carousel\" aria-label=\"Slides\">\n\t\t\t\t<div class=\"swiper-wrapper\">\n\t\t\t\t\t\t\t\t\t\t\t<div class=\"swiper-slide\" role=\"group\" aria-roledescription=\"slide\">\n\t\t\t\t\t\t\t\t\t<div class=\"elementor-carousel-image\" role=\"img\" aria-label=\"20210326_140548\" style=\"background-image: url(&#039;https:\/\/atauni.edu.tr\/zootekni-bolumu\/wp-content\/uploads\/sites\/175\/2021\/09\/20210326_140548.jpg&#039;)\">\n\n\t\t\t\n\t\t\t\t\t<\/div>\n\t\t\t\t\t\t\t\t<\/div>\n\t\t\t\t\t\t\t\t\t\t\t<div class=\"swiper-slide\" role=\"group\" aria-roledescription=\"slide\">\n\t\t\t\t\t\t\t\t\t<div class=\"elementor-carousel-image\" role=\"img\" aria-label=\"20210326_140600\" style=\"background-image: url(&#039;https:\/\/atauni.edu.tr\/zootekni-bolumu\/wp-content\/uploads\/sites\/175\/2021\/09\/20210326_140600.jpg&#039;)\">\n\n\t\t\t\n\t\t\t\t\t<\/div>\n\t\t\t\t\t\t\t\t<\/div>\n\t\t\t\t\t\t\t\t\t\t\t<div class=\"swiper-slide\" role=\"group\" aria-roledescription=\"slide\">\n\t\t\t\t\t\t\t\t\t<div class=\"elementor-carousel-image\" role=\"img\" aria-label=\"20210326_140627\" style=\"background-image: url(&#039;https:\/\/atauni.edu.tr\/zootekni-bolumu\/wp-content\/uploads\/sites\/175\/2021\/09\/20210326_140627.jpg&#039;)\">\n\n\t\t\t\n\t\t\t\t\t<\/div>\n\t\t\t\t\t\t\t\t<\/div>\n\t\t\t\t\t\t\t\t\t\t\t<div class=\"swiper-slide\" role=\"group\" aria-roledescription=\"slide\">\n\t\t\t\t\t\t\t\t\t<div class=\"elementor-carousel-image\" role=\"img\" aria-label=\"20210326_140655\" style=\"background-image: url(&#039;https:\/\/atauni.edu.tr\/zootekni-bolumu\/wp-content\/uploads\/sites\/175\/2021\/09\/20210326_140655.jpg&#039;)\">\n\n\t\t\t\n\t\t\t\t\t<\/div>\n\t\t\t\t\t\t\t\t<\/div>\n\t\t\t\t\t\t\t\t\t\t\t<div class=\"swiper-slide\" role=\"group\" aria-roledescription=\"slide\">\n\t\t\t\t\t\t\t\t\t<div class=\"elementor-carousel-image\" role=\"img\" aria-label=\"20210326_140717\" style=\"background-image: url(&#039;https:\/\/atauni.edu.tr\/zootekni-bolumu\/wp-content\/uploads\/sites\/175\/2021\/09\/20210326_140717.jpg&#039;)\">\n\n\t\t\t\n\t\t\t\t\t<\/div>\n\t\t\t\t\t\t\t\t<\/div>\n\t\t\t\t\t\t\t\t\t\t\t<div class=\"swiper-slide\" role=\"group\" aria-roledescription=\"slide\">\n\t\t\t\t\t\t\t\t\t<div class=\"elementor-carousel-image\" role=\"img\" aria-label=\"IMG-4376\" style=\"background-image: url(&#039;https:\/\/atauni.edu.tr\/zootekni-bolumu\/wp-content\/uploads\/sites\/175\/2021\/09\/IMG-4376.jpg&#039;)\">\n\n\t\t\t\n\t\t\t\t\t<\/div>\n\t\t\t\t\t\t\t\t<\/div>\n\t\t\t\t\t\t\t\t\t<\/div>\n\t\t\t\t\t\t\t\t\t\t\t\t\t\t\t<div class=\"elementor-swiper-button elementor-swiper-button-prev\" role=\"button\" tabindex=\"0\" aria-label=\"Previous\">\n\t\t\t\t\t\t\t<i aria-hidden=\"true\" class=\"eicon-chevron-left\"><\/i>\t\t\t\t\t\t<\/div>\n\t\t\t\t\t\t<div class=\"elementor-swiper-button elementor-swiper-button-next\" role=\"button\" tabindex=\"0\" aria-label=\"Next\">\n\t\t\t\t\t\t\t<i aria-hidden=\"true\" class=\"eicon-chevron-right\"><\/i>\t\t\t\t\t\t<\/div>\n\t\t\t\t\t\t\t\t\t\t\t\t\t\t\t\t<div class=\"swiper-pagination\"><\/div>\n\t\t\t\t\t\t\t\t\t\t\t\t<\/div>\n\t\t\t\t<\/div>\n\t\t\t\t\t\t\t\t<\/div>\n\t\t\t\t<\/div>\n\t\t\t\t\t<\/div>\n\t\t<\/div>\n\t\t\t\t\t<\/div>\n\t\t<\/section>\n\t\t\t\t<section class=\"elementor-section elementor-top-section elementor-element elementor-element-299c5d0 elementor-section-boxed elementor-section-height-default elementor-section-height-default\" data-id=\"299c5d0\" data-element_type=\"section\">\n\t\t\t\t\t\t<div class=\"elementor-container elementor-column-gap-default\">\n\t\t\t\t\t<div class=\"elementor-column elementor-col-100 elementor-top-column elementor-element elementor-element-4d127ff\" data-id=\"4d127ff\" data-element_type=\"column\">\n\t\t\t<div class=\"elementor-widget-wrap elementor-element-populated\">\n\t\t\t\t\t\t<div class=\"elementor-element elementor-element-ee76731 elementor-widget elementor-widget-text-editor\" data-id=\"ee76731\" data-element_type=\"widget\" data-widget_type=\"text-editor.default\">\n\t\t\t\t<div class=\"elementor-widget-container\">\n\t\t\t\t\t\t\t\t\t<p>Zootekni B\u00f6l\u00fcm\u00fcnde Anatomi-S\u00fct-Yem Analiz-Biyoteknoloji-Ar\u0131c\u0131l\u0131k ve uygulama laboratuarlar\u0131 ile Bilgisayar kullan\u0131m\u0131 laboratuarlar\u0131 mevcuttur.<br \/>B\u00f6l\u00fcm laboratuvarlar\u0131nda \u00f6\u011frenci uygulamalar\u0131 ve ara\u015ft\u0131rmalarda \u00f6ng\u00f6r\u00fclen \u00e7e\u015fitli analizler yap\u0131lmaktad\u0131r.<\/p>\t\t\t\t\t\t\t\t<\/div>\n\t\t\t\t<\/div>\n\t\t\t\t\t<\/div>\n\t\t<\/div>\n\t\t\t\t\t<\/div>\n\t\t<\/section>\n\t\t\t\t<section class=\"elementor-section elementor-top-section elementor-element elementor-element-0901d5c elementor-section-boxed elementor-section-height-default elementor-section-height-default\" data-id=\"0901d5c\" data-element_type=\"section\">\n\t\t\t\t\t\t<div class=\"elementor-container elementor-column-gap-default\">\n\t\t\t\t\t<div class=\"elementor-column elementor-col-100 elementor-top-column elementor-element elementor-element-54cb3ec\" data-id=\"54cb3ec\" data-element_type=\"column\">\n\t\t\t<div class=\"elementor-widget-wrap elementor-element-populated\">\n\t\t\t\t\t\t<div class=\"elementor-element elementor-element-f4835e3 elementor-tabs-view-vertical elementor-widget elementor-widget-tabs\" data-id=\"f4835e3\" data-element_type=\"widget\" data-widget_type=\"tabs.default\">\n\t\t\t\t<div class=\"elementor-widget-container\">\n\t\t\t\t\t\t\t<div class=\"elementor-tabs\">\n\t\t\t<div class=\"elementor-tabs-wrapper\" role=\"tablist\" >\n\t\t\t\t\t\t\t\t\t<div id=\"elementor-tab-title-2561\" class=\"elementor-tab-title elementor-tab-desktop-title\" aria-selected=\"true\" data-tab=\"1\" role=\"tab\" tabindex=\"0\" aria-controls=\"elementor-tab-content-2561\" aria-expanded=\"false\">Biyoteknoloji Laboratuvar\u0131<\/div>\n\t\t\t\t\t\t\t\t\t<div id=\"elementor-tab-title-2562\" class=\"elementor-tab-title elementor-tab-desktop-title\" aria-selected=\"false\" data-tab=\"2\" role=\"tab\" tabindex=\"-1\" aria-controls=\"elementor-tab-content-2562\" aria-expanded=\"false\">Genetik Laboratuvar\u0131<\/div>\n\t\t\t\t\t\t\t\t\t<div id=\"elementor-tab-title-2563\" class=\"elementor-tab-title elementor-tab-desktop-title\" aria-selected=\"false\" data-tab=\"3\" role=\"tab\" tabindex=\"-1\" aria-controls=\"elementor-tab-content-2563\" aria-expanded=\"false\">Yem Analiz Laboratuvar\u0131<\/div>\n\t\t\t\t\t\t\t\t\t<div id=\"elementor-tab-title-2564\" class=\"elementor-tab-title elementor-tab-desktop-title\" aria-selected=\"false\" data-tab=\"4\" role=\"tab\" tabindex=\"-1\" aria-controls=\"elementor-tab-content-2564\" aria-expanded=\"false\">Ar\u0131c\u0131l\u0131k Laboratuvar\u0131<\/div>\n\t\t\t\t\t\t\t\t\t<div id=\"elementor-tab-title-2565\" class=\"elementor-tab-title elementor-tab-desktop-title\" aria-selected=\"false\" data-tab=\"5\" role=\"tab\" tabindex=\"-1\" aria-controls=\"elementor-tab-content-2565\" aria-expanded=\"false\">S\u00fct Analiz Laboratuvar\u0131<\/div>\n\t\t\t\t\t\t\t\t\t<div id=\"elementor-tab-title-2566\" class=\"elementor-tab-title elementor-tab-desktop-title\" aria-selected=\"false\" data-tab=\"6\" role=\"tab\" tabindex=\"-1\" aria-controls=\"elementor-tab-content-2566\" aria-expanded=\"false\">Anatomi Laboratuvar\u0131<\/div>\n\t\t\t\t\t\t\t\t\t<div id=\"elementor-tab-title-2567\" class=\"elementor-tab-title elementor-tab-desktop-title\" aria-selected=\"false\" data-tab=\"7\" role=\"tab\" tabindex=\"-1\" aria-controls=\"elementor-tab-content-2567\" aria-expanded=\"false\">Bilgisayar Laboratuvar\u0131<\/div>\n\t\t\t\t\t\t\t<\/div>\n\t\t\t<div class=\"elementor-tabs-content-wrapper\" role=\"tablist\" aria-orientation=\"vertical\">\n\t\t\t\t\t\t\t\t\t<div class=\"elementor-tab-title elementor-tab-mobile-title\" aria-selected=\"true\" data-tab=\"1\" role=\"tab\" tabindex=\"0\" aria-controls=\"elementor-tab-content-2561\" aria-expanded=\"false\">Biyoteknoloji Laboratuvar\u0131<\/div>\n\t\t\t\t\t<div id=\"elementor-tab-content-2561\" class=\"elementor-tab-content elementor-clearfix\" data-tab=\"1\" role=\"tabpanel\" aria-labelledby=\"elementor-tab-title-2561\" tabindex=\"0\" hidden=\"false\"><p><img fetchpriority=\"high\" decoding=\"async\" class=\"alignnone size-medium\" src=\"http:\/\/birimler.atauni.edu.tr\/zootekni-bolumu\/wp-content\/uploads\/sites\/175\/2021\/09\/20210326_140627.jpg\" width=\"1280\" height=\"606\" \/>Laboratuvar\u0131m\u0131zda 20 ki\u015filik e\u011fitim \u00f6\u011fretim faaliyetleri ger\u00e7ekle\u015ftirilebilmektedir. Biyoteknoloji laboratuvar\u0131nda ya\u011f asidi analizleri yap\u0131lmaktad\u0131r.<\/p><\/div>\n\t\t\t\t\t\t\t\t\t<div class=\"elementor-tab-title elementor-tab-mobile-title\" aria-selected=\"false\" data-tab=\"2\" role=\"tab\" tabindex=\"-1\" aria-controls=\"elementor-tab-content-2562\" aria-expanded=\"false\">Genetik Laboratuvar\u0131<\/div>\n\t\t\t\t\t<div id=\"elementor-tab-content-2562\" class=\"elementor-tab-content elementor-clearfix\" data-tab=\"2\" role=\"tabpanel\" aria-labelledby=\"elementor-tab-title-2562\" tabindex=\"0\" hidden=\"hidden\"><p>Laboratuvar\u0131m\u0131zda 20 ki\u015filik e\u011fitim \u00f6\u011fretim faaliyetleri ger\u00e7ekle\u015ftirilebilmektedir. Genetik laboratuvar\u0131 molek\u00fcler genetik \u00e7al\u0131\u015fman\u0131n y\u00fcr\u00fct\u00fclebilmesine olanak sa\u011flamaktad\u0131r.<\/p><\/div>\n\t\t\t\t\t\t\t\t\t<div class=\"elementor-tab-title elementor-tab-mobile-title\" aria-selected=\"false\" data-tab=\"3\" role=\"tab\" tabindex=\"-1\" aria-controls=\"elementor-tab-content-2563\" aria-expanded=\"false\">Yem Analiz Laboratuvar\u0131<\/div>\n\t\t\t\t\t<div id=\"elementor-tab-content-2563\" class=\"elementor-tab-content elementor-clearfix\" data-tab=\"3\" role=\"tabpanel\" aria-labelledby=\"elementor-tab-title-2563\" tabindex=\"0\" hidden=\"hidden\"><p>Laboratuvar\u0131m\u0131zda 20 ki\u015filik e\u011fitim \u00f6\u011fretim faaliyetleri ger\u00e7ekle\u015ftirilebilmektedir. Yem analiz laboratuvar\u0131nda ise temel yem analizleri yap\u0131larak kamu ve \u00f6zel sekt\u00f6re hizmet sunulmaktad\u0131r.<br \/>Bunlar; Weende analizleri (kuru madde, ham protein, ham ya\u011f\u0131, ham k\u00fcl, ham sel\u00fcloz), NDF, ADF ve ADL analizleri, glukoz, \u015feker ve ni\u015fasta analizleridir.<\/p><\/div>\n\t\t\t\t\t\t\t\t\t<div class=\"elementor-tab-title elementor-tab-mobile-title\" aria-selected=\"false\" data-tab=\"4\" role=\"tab\" tabindex=\"-1\" aria-controls=\"elementor-tab-content-2564\" aria-expanded=\"false\">Ar\u0131c\u0131l\u0131k Laboratuvar\u0131<\/div>\n\t\t\t\t\t<div id=\"elementor-tab-content-2564\" class=\"elementor-tab-content elementor-clearfix\" data-tab=\"4\" role=\"tabpanel\" aria-labelledby=\"elementor-tab-title-2564\" tabindex=\"0\" hidden=\"hidden\"><p>Laboratuvar\u0131m\u0131zda 20 ki\u015filik e\u011fitim \u00f6\u011fretim faaliyetleri ger\u00e7ekle\u015ftirilebilmektedir. Ar\u0131c\u0131l\u0131k laboratuvar\u0131nda ana ar\u0131 yeti\u015ftirme ve yapay tohumlama alanlar\u0131nda e\u011fitim verilmektedir.<\/p><p><img decoding=\"async\" class=\"alignnone size-medium wp-image-6771\" src=\"http:\/\/birimler.atauni.edu.tr\/zootekni-bolumu\/wp-content\/uploads\/sites\/175\/2020\/07\/IMG-7246-225x300.jpg\" alt=\"\" width=\"225\" height=\"300\" srcset=\"https:\/\/atauni.edu.tr\/zootekni-bolumu\/wp-content\/uploads\/sites\/175\/2020\/07\/IMG-7246-225x300.jpg 225w, https:\/\/atauni.edu.tr\/zootekni-bolumu\/wp-content\/uploads\/sites\/175\/2020\/07\/IMG-7246-768x1024.jpg 768w, https:\/\/atauni.edu.tr\/zootekni-bolumu\/wp-content\/uploads\/sites\/175\/2020\/07\/IMG-7246-1152x1536.jpg 1152w, https:\/\/atauni.edu.tr\/zootekni-bolumu\/wp-content\/uploads\/sites\/175\/2020\/07\/IMG-7246-1536x2048.jpg 1536w, https:\/\/atauni.edu.tr\/zootekni-bolumu\/wp-content\/uploads\/sites\/175\/2020\/07\/IMG-7246-450x600.jpg 450w, https:\/\/atauni.edu.tr\/zootekni-bolumu\/wp-content\/uploads\/sites\/175\/2020\/07\/IMG-7246-420x560.jpg 420w, https:\/\/atauni.edu.tr\/zootekni-bolumu\/wp-content\/uploads\/sites\/175\/2020\/07\/IMG-7246-scaled.jpg 1920w\" sizes=\"(max-width: 225px) 100vw, 225px\" \/><\/p><\/div>\n\t\t\t\t\t\t\t\t\t<div class=\"elementor-tab-title elementor-tab-mobile-title\" aria-selected=\"false\" data-tab=\"5\" role=\"tab\" tabindex=\"-1\" aria-controls=\"elementor-tab-content-2565\" aria-expanded=\"false\">S\u00fct Analiz Laboratuvar\u0131<\/div>\n\t\t\t\t\t<div id=\"elementor-tab-content-2565\" class=\"elementor-tab-content elementor-clearfix\" data-tab=\"5\" role=\"tabpanel\" aria-labelledby=\"elementor-tab-title-2565\" tabindex=\"0\" hidden=\"hidden\"><p>Laboratuvar\u0131m\u0131zda 20 ki\u015filik e\u011fitim \u00f6\u011fretim faaliyetleri ger\u00e7ekle\u015ftirilebilmektedir. S\u00fct analiz laboratuvar\u0131nda bireysel olarak elde edilen s\u00fct n\u00fcmunelerinin s\u00fct kompozisyonu analizleri yap\u0131lmaktad\u0131r.<\/p><\/div>\n\t\t\t\t\t\t\t\t\t<div class=\"elementor-tab-title elementor-tab-mobile-title\" aria-selected=\"false\" data-tab=\"6\" role=\"tab\" tabindex=\"-1\" aria-controls=\"elementor-tab-content-2566\" aria-expanded=\"false\">Anatomi Laboratuvar\u0131<\/div>\n\t\t\t\t\t<div id=\"elementor-tab-content-2566\" class=\"elementor-tab-content elementor-clearfix\" data-tab=\"6\" role=\"tabpanel\" aria-labelledby=\"elementor-tab-title-2566\" tabindex=\"0\" hidden=\"hidden\"><p>Laboratuvar\u0131m\u0131zda 20 ki\u015filik e\u011fitim \u00f6\u011fretim faaliyetleri ger\u00e7ekle\u015ftirilebilmektedir. Anatomi laboratuvar\u0131nda etin fiziksel, duyusal organoleptik \u00f6zellikleri ara\u015ft\u0131r\u0131lmaktad\u0131r.<\/p><\/div>\n\t\t\t\t\t\t\t\t\t<div class=\"elementor-tab-title elementor-tab-mobile-title\" aria-selected=\"false\" data-tab=\"7\" role=\"tab\" tabindex=\"-1\" aria-controls=\"elementor-tab-content-2567\" aria-expanded=\"false\">Bilgisayar Laboratuvar\u0131<\/div>\n\t\t\t\t\t<div id=\"elementor-tab-content-2567\" class=\"elementor-tab-content elementor-clearfix\" data-tab=\"7\" role=\"tabpanel\" aria-labelledby=\"elementor-tab-title-2567\" tabindex=\"0\" hidden=\"hidden\"><p>B\u00f6l\u00fcm\u00fcm\u00fczde bulunan bilgisayar laboratuvar\u0131nda ofis ve istatistik programlar\u0131 ile ilgili e\u011fitim \u00f6\u011fretim faaliyetleri ger\u00e7ekle\u015ftirilmektedir. Ayr\u0131ca Atat\u00fcrk \u00dcniversitesinde geni\u015f kapasiteli Merkezi Bilgisayar Laboratuvar\u0131 bulunmaktad\u0131r.<\/p><p>\u00a0<\/p><\/div>\n\t\t\t\t\t\t\t<\/div>\n\t\t<\/div>\n\t\t\t\t\t\t<\/div>\n\t\t\t\t<\/div>\n\t\t\t\t\t<\/div>\n\t\t<\/div>\n\t\t\t\t\t<\/div>\n\t\t<\/section>\n\t\t\t\t<section class=\"elementor-section elementor-top-section elementor-element elementor-element-cb0df93 elementor-section-boxed elementor-section-height-default elementor-section-height-default\" data-id=\"cb0df93\" data-element_type=\"section\">\n\t\t\t\t\t\t<div class=\"elementor-container elementor-column-gap-default\">\n\t\t\t\t\t<div class=\"elementor-column elementor-col-100 elementor-top-column elementor-element elementor-element-2baee8f\" data-id=\"2baee8f\" data-element_type=\"column\">\n\t\t\t<div class=\"elementor-widget-wrap elementor-element-populated\">\n\t\t\t\t\t\t<div class=\"elementor-element elementor-element-32508ba elementor-widget elementor-widget-text-editor\" data-id=\"32508ba\" data-element_type=\"widget\" data-widget_type=\"text-editor.default\">\n\t\t\t\t<div class=\"elementor-widget-container\">\n\t\t\t\t\t\t\t\t\t<p><span style=\"color: var( --e-global-color-text );font-family: var( --e-global-typography-text-font-family ), Sans-serif;font-weight: var( --e-global-typography-text-font-weight );letter-spacing: 0px\">Atat\u00fcrk \u00dcniversitesi G\u0131da ve Hayvanc\u0131l\u0131k Uygulama ve Ara\u015ft\u0131rma Merkezine ba\u011fl\u0131 \u015fubelerde e\u011fitim \u00f6\u011fretim faaliyetleri ger\u00e7ekle\u015ftirilmekte ve bilimsel ara\u015ft\u0131rmalar yap\u0131lmaktad\u0131r.\u00a0<\/span><span style=\"color: var( --e-global-color-text );font-family: var( --e-global-typography-text-font-family ), Sans-serif;font-weight: var( --e-global-typography-text-font-weight );letter-spacing: 0px\"><a href=\"https:\/\/birimler.atauni.edu.tr\/gida-ve-hayvancilik-uygulama-ve-arastirma-merkezi\/\">G\u0131da ve Hayvanc\u0131l\u0131k Uygulama ve Ara\u015ft\u0131rma Merkezi sayfas\u0131na ula\u015fmak i\u00e7in t\u0131klay\u0131n\u0131z<\/a>.<\/span><\/p><p>\u00a0<\/p>\t\t\t\t\t\t\t\t<\/div>\n\t\t\t\t<\/div>\n\t\t\t\t\t<\/div>\n\t\t<\/div>\n\t\t\t\t\t<\/div>\n\t\t<\/section>\n\t\t\t\t<section class=\"elementor-section elementor-top-section elementor-element elementor-element-126064b elementor-section-boxed elementor-section-height-default elementor-section-height-default\" data-id=\"126064b\" data-element_type=\"section\">\n\t\t\t\t\t\t<div class=\"elementor-container elementor-column-gap-default\">\n\t\t\t\t\t<div class=\"elementor-column elementor-col-100 elementor-top-column elementor-element elementor-element-17d41ff\" data-id=\"17d41ff\" data-element_type=\"column\">\n\t\t\t<div class=\"elementor-widget-wrap elementor-element-populated\">\n\t\t\t\t\t\t<div class=\"elementor-element elementor-element-a391d0c elementor-widget elementor-widget-counter\" data-id=\"a391d0c\" data-element_type=\"widget\" data-widget_type=\"counter.default\">\n\t\t\t\t<div class=\"elementor-widget-container\">\n\t\t\t\t\t\t\t<div class=\"elementor-counter\">\n\t\t\t\t\t\t<div class=\"elementor-counter-number-wrapper\">\n\t\t\t\t<span class=\"elementor-counter-number-prefix\"><\/span>\n\t\t\t\t<span class=\"elementor-counter-number\" data-duration=\"100\" data-to-value=\"\" data-from-value=\"0\" data-delimiter=\".\">0<\/span>\n\t\t\t\t<span class=\"elementor-counter-number-suffix\"><\/span>\n\t\t\t<\/div>\n\t\t<\/div>\n\t\t\t\t\t\t<\/div>\n\t\t\t\t<\/div>\n\t\t\t\t\t<\/div>\n\t\t<\/div>\n\t\t\t\t\t<\/div>\n\t\t<\/section>\n\t\t\t\t<\/div>\n\t\t","protected":false},"excerpt":{"rendered":"<p>S\u0131n\u0131f, Laboratuvarlar ve At\u00f6lye \u0130mkanlar\u0131 Previous Next Zootekni B\u00f6l\u00fcm\u00fcnde Anatomi-S\u00fct-Yem Analiz-Biyoteknoloji-Ar\u0131c\u0131l\u0131k ve uygulama laboratuarlar\u0131 ile Bilgisayar kullan\u0131m\u0131 laboratuarlar\u0131 mevcuttur.B\u00f6l\u00fcm laboratuvarlar\u0131nda \u00f6\u011frenci uygulamalar\u0131 ve ara\u015ft\u0131rmalarda \u00f6ng\u00f6r\u00fclen \u00e7e\u015fitli analizler yap\u0131lmaktad\u0131r. Biyoteknoloji Laboratuvar\u0131 Genetik Laboratuvar\u0131 Yem Analiz Laboratuvar\u0131 Ar\u0131c\u0131l\u0131k Laboratuvar\u0131 S\u00fct Analiz Laboratuvar\u0131 Anatomi Laboratuvar\u0131 Bilgisayar Laboratuvar\u0131 Biyoteknoloji Laboratuvar\u0131 Laboratuvar\u0131m\u0131zda 20 ki\u015filik e\u011fitim \u00f6\u011fretim faaliyetleri ger\u00e7ekle\u015ftirilebilmektedir. Biyoteknoloji laboratuvar\u0131nda [&hellip;]<\/p>\n","protected":false},"author":157,"featured_media":0,"parent":0,"menu_order":0,"comment_status":"closed","ping_status":"closed","template":"","meta":{"footnotes":""},"class_list":["post-6338","page","type-page","status-publish","hentry"],"_links":{"self":[{"href":"https:\/\/atauni.edu.tr\/zootekni-bolumu\/wp-json\/wp\/v2\/pages\/6338","targetHints":{"allow":["GET"]}}],"collection":[{"href":"https:\/\/atauni.edu.tr\/zootekni-bolumu\/wp-json\/wp\/v2\/pages"}],"about":[{"href":"https:\/\/atauni.edu.tr\/zootekni-bolumu\/wp-json\/wp\/v2\/types\/page"}],"author":[{"embeddable":true,"href":"https:\/\/atauni.edu.tr\/zootekni-bolumu\/wp-json\/wp\/v2\/users\/157"}],"replies":[{"embeddable":true,"href":"https:\/\/atauni.edu.tr\/zootekni-bolumu\/wp-json\/wp\/v2\/comments?post=6338"}],"version-history":[{"count":45,"href":"https:\/\/atauni.edu.tr\/zootekni-bolumu\/wp-json\/wp\/v2\/pages\/6338\/revisions"}],"predecessor-version":[{"id":7145,"href":"https:\/\/atauni.edu.tr\/zootekni-bolumu\/wp-json\/wp\/v2\/pages\/6338\/revisions\/7145"}],"wp:attachment":[{"href":"https:\/\/atauni.edu.tr\/zootekni-bolumu\/wp-json\/wp\/v2\/media?parent=6338"}],"curies":[{"name":"wp","href":"https:\/\/api.w.org\/{rel}","templated":true}]}}