{"id":6415,"date":"2021-09-27T13:12:52","date_gmt":"2021-09-27T10:12:52","guid":{"rendered":"http:\/\/birimler.atauni.edu.tr\/zootekni-bolumu\/?page_id=6415"},"modified":"2024-10-10T15:58:13","modified_gmt":"2024-10-10T12:58:13","slug":"mezuniyet-sonrasi-egitim","status":"publish","type":"page","link":"https:\/\/atauni.edu.tr\/zootekni-bolumu\/mezuniyet-sonrasi-egitim\/","title":{"rendered":"Mezuniyet Sonras\u0131 E\u011fitim"},"content":{"rendered":"\t\t<div data-elementor-type=\"wp-page\" data-elementor-id=\"6415\" class=\"elementor elementor-6415\" data-elementor-post-type=\"page\">\n\t\t\t\t\t\t<section class=\"elementor-section elementor-top-section elementor-element elementor-element-ca0ee89 elementor-section-boxed elementor-section-height-default elementor-section-height-default\" data-id=\"ca0ee89\" data-element_type=\"section\">\n\t\t\t\t\t\t<div class=\"elementor-container elementor-column-gap-default\">\n\t\t\t\t\t<div class=\"elementor-column elementor-col-100 elementor-top-column elementor-element elementor-element-6ba5a92\" data-id=\"6ba5a92\" data-element_type=\"column\">\n\t\t\t<div class=\"elementor-widget-wrap elementor-element-populated\">\n\t\t\t\t\t\t<div class=\"elementor-element elementor-element-df38ad0 elementor-widget elementor-widget-heading\" data-id=\"df38ad0\" data-element_type=\"widget\" data-widget_type=\"heading.default\">\n\t\t\t\t<div class=\"elementor-widget-container\">\n\t\t\t\t\t<h2 class=\"elementor-heading-title elementor-size-default\">Mezuniyet Sonras\u0131 E\u011fitim Olanaklar\u0131<\/h2>\t\t\t\t<\/div>\n\t\t\t\t<\/div>\n\t\t\t\t<div class=\"elementor-element elementor-element-848b8a6 elementor-widget-divider--view-line elementor-widget elementor-widget-divider\" data-id=\"848b8a6\" data-element_type=\"widget\" data-widget_type=\"divider.default\">\n\t\t\t\t<div class=\"elementor-widget-container\">\n\t\t\t\t\t\t\t<div class=\"elementor-divider\">\n\t\t\t<span class=\"elementor-divider-separator\">\n\t\t\t\t\t\t<\/span>\n\t\t<\/div>\n\t\t\t\t\t\t<\/div>\n\t\t\t\t<\/div>\n\t\t\t\t\t<\/div>\n\t\t<\/div>\n\t\t\t\t\t<\/div>\n\t\t<\/section>\n\t\t\t\t<section class=\"elementor-section elementor-top-section elementor-element elementor-element-902c862 elementor-section-boxed elementor-section-height-default elementor-section-height-default\" data-id=\"902c862\" data-element_type=\"section\">\n\t\t\t\t\t\t<div class=\"elementor-container elementor-column-gap-default\">\n\t\t\t\t\t<div class=\"elementor-column elementor-col-100 elementor-top-column elementor-element elementor-element-89c209f\" data-id=\"89c209f\" data-element_type=\"column\">\n\t\t\t<div class=\"elementor-widget-wrap elementor-element-populated\">\n\t\t\t\t\t\t<div class=\"elementor-element elementor-element-20cc927 elementor-widget elementor-widget-text-editor\" data-id=\"20cc927\" data-element_type=\"widget\" data-widget_type=\"text-editor.default\">\n\t\t\t\t<div class=\"elementor-widget-container\">\n\t\t\t\t\t\t\t\t\t<p><strong>Y\u00fcksek Lisans Program\u0131:<\/strong> \u00d6\u011frenciye y\u00fcksek lisans derecesi sa\u011flar. \u00d6\u011frenci 24 kredi saatlik dersleri ge\u00e7er, kredisiz 1 adet seminer sunar. Y\u00fcksek lisans tezini haz\u0131rlar ve j\u00fcri \u00f6n\u00fcnde savunur.<\/p><p><strong>Doktora Program\u0131:<\/strong> Y\u00fcksek lisans derecesine sahip adaylar doktora program\u0131 i\u00e7in ba\u015fvururlar. Ba\u015fvuru i\u00e7in \u00d6SYM taraf\u0131ndan yap\u0131lan Yabanc\u0131 Dil s\u0131navlar\u0131ndan en az 55 Puan (veya denk) almalar\u0131 gerekir.\u00a0<span style=\"letter-spacing: 0px\">Doktora \u00f6\u011frencileri 24 kredi saat dersleri tamamlad\u0131ktan<\/span><span style=\"letter-spacing: 0px\">\u00a0<\/span><span style=\"letter-spacing: 0px\">sonra doktora yeterlilik s\u0131nav\u0131na girer. Ba\u015far\u0131l\u0131 olursa Doktora tezini haz\u0131rlay\u0131p j\u00fcri \u00f6n\u00fcnde savunurlar.<\/span><\/p>\t\t\t\t\t\t\t\t<\/div>\n\t\t\t\t<\/div>\n\t\t\t\t\t<\/div>\n\t\t<\/div>\n\t\t\t\t\t<\/div>\n\t\t<\/section>\n\t\t\t\t<section class=\"elementor-section elementor-top-section elementor-element elementor-element-67247c7 elementor-section-boxed elementor-section-height-default elementor-section-height-default\" data-id=\"67247c7\" data-element_type=\"section\">\n\t\t\t\t\t\t<div class=\"elementor-container elementor-column-gap-default\">\n\t\t\t\t\t<div class=\"elementor-column elementor-col-100 elementor-top-column elementor-element elementor-element-5e5350f\" data-id=\"5e5350f\" data-element_type=\"column\">\n\t\t\t<div class=\"elementor-widget-wrap elementor-element-populated\">\n\t\t\t\t\t\t<div class=\"elementor-element elementor-element-4934ed1 elementor-button-info elementor-align-left elementor-widget elementor-widget-button\" data-id=\"4934ed1\" data-element_type=\"widget\" data-widget_type=\"button.default\">\n\t\t\t\t<div class=\"elementor-widget-container\">\n\t\t\t\t\t\t\t\t\t<div class=\"elementor-button-wrapper\">\n\t\t\t\t\t<a class=\"elementor-button elementor-button-link elementor-size-sm elementor-animation-shrink\" href=\"https:\/\/birimler.atauni.edu.tr\/ogrenci-isleri-daire-baskanligi\/lisansustu-programlar\/\">\n\t\t\t\t\t\t<span class=\"elementor-button-content-wrapper\">\n\t\t\t\t\t\t\t\t\t<span class=\"elementor-button-text\">Lisans\u00fcst\u00fc Programlar\u0131<\/span>\n\t\t\t\t\t<\/span>\n\t\t\t\t\t<\/a>\n\t\t\t\t<\/div>\n\t\t\t\t\t\t\t\t<\/div>\n\t\t\t\t<\/div>\n\t\t\t\t\t<\/div>\n\t\t<\/div>\n\t\t\t\t\t<\/div>\n\t\t<\/section>\n\t\t\t\t<section class=\"elementor-section elementor-top-section elementor-element elementor-element-f85690e elementor-section-boxed elementor-section-height-default elementor-section-height-default\" data-id=\"f85690e\" data-element_type=\"section\">\n\t\t\t\t\t\t<div class=\"elementor-container elementor-column-gap-default\">\n\t\t\t\t\t<div class=\"elementor-column elementor-col-100 elementor-top-column elementor-element elementor-element-930056c\" data-id=\"930056c\" data-element_type=\"column\">\n\t\t\t<div class=\"elementor-widget-wrap elementor-element-populated\">\n\t\t\t\t\t\t<div class=\"elementor-element elementor-element-be4973a elementor-widget elementor-widget-spacer\" data-id=\"be4973a\" data-element_type=\"widget\" data-widget_type=\"spacer.default\">\n\t\t\t\t<div class=\"elementor-widget-container\">\n\t\t\t\t\t\t\t<div class=\"elementor-spacer\">\n\t\t\t<div class=\"elementor-spacer-inner\"><\/div>\n\t\t<\/div>\n\t\t\t\t\t\t<\/div>\n\t\t\t\t<\/div>\n\t\t\t\t\t<\/div>\n\t\t<\/div>\n\t\t\t\t\t<\/div>\n\t\t<\/section>\n\t\t\t\t<section class=\"elementor-section elementor-top-section elementor-element elementor-element-ca2c817 elementor-section-boxed elementor-section-height-default elementor-section-height-default\" data-id=\"ca2c817\" data-element_type=\"section\">\n\t\t\t\t\t\t<div class=\"elementor-container elementor-column-gap-default\">\n\t\t\t\t\t<div class=\"elementor-column elementor-col-100 elementor-top-column elementor-element elementor-element-9ae73b4\" data-id=\"9ae73b4\" data-element_type=\"column\">\n\t\t\t<div class=\"elementor-widget-wrap elementor-element-populated\">\n\t\t\t\t\t\t<div class=\"elementor-element elementor-element-9c0e817 elementor-widget elementor-widget-counter\" data-id=\"9c0e817\" data-element_type=\"widget\" data-widget_type=\"counter.default\">\n\t\t\t\t<div class=\"elementor-widget-container\">\n\t\t\t\t\t\t\t<div class=\"elementor-counter\">\n\t\t\t\t\t\t<div class=\"elementor-counter-number-wrapper\">\n\t\t\t\t<span class=\"elementor-counter-number-prefix\"><\/span>\n\t\t\t\t<span class=\"elementor-counter-number\" data-duration=\"100\" data-to-value=\"\" data-from-value=\"0\" data-delimiter=\".\">0<\/span>\n\t\t\t\t<span class=\"elementor-counter-number-suffix\"><\/span>\n\t\t\t<\/div>\n\t\t<\/div>\n\t\t\t\t\t\t<\/div>\n\t\t\t\t<\/div>\n\t\t\t\t\t<\/div>\n\t\t<\/div>\n\t\t\t\t\t<\/div>\n\t\t<\/section>\n\t\t\t\t<\/div>\n\t\t","protected":false},"excerpt":{"rendered":"<p>Mezuniyet Sonras\u0131 E\u011fitim Olanaklar\u0131 Y\u00fcksek Lisans Program\u0131: \u00d6\u011frenciye y\u00fcksek lisans derecesi sa\u011flar. \u00d6\u011frenci 24 kredi saatlik dersleri ge\u00e7er, kredisiz 1 adet seminer sunar. Y\u00fcksek lisans tezini haz\u0131rlar ve j\u00fcri \u00f6n\u00fcnde savunur. Doktora Program\u0131: Y\u00fcksek lisans derecesine sahip adaylar doktora program\u0131 i\u00e7in ba\u015fvururlar. Ba\u015fvuru i\u00e7in \u00d6SYM taraf\u0131ndan yap\u0131lan Yabanc\u0131 Dil s\u0131navlar\u0131ndan en az 55 Puan (veya [&hellip;]<\/p>\n","protected":false},"author":157,"featured_media":0,"parent":0,"menu_order":0,"comment_status":"closed","ping_status":"closed","template":"","meta":{"footnotes":""},"class_list":["post-6415","page","type-page","status-publish","hentry"],"_links":{"self":[{"href":"https:\/\/atauni.edu.tr\/zootekni-bolumu\/wp-json\/wp\/v2\/pages\/6415","targetHints":{"allow":["GET"]}}],"collection":[{"href":"https:\/\/atauni.edu.tr\/zootekni-bolumu\/wp-json\/wp\/v2\/pages"}],"about":[{"href":"https:\/\/atauni.edu.tr\/zootekni-bolumu\/wp-json\/wp\/v2\/types\/page"}],"author":[{"embeddable":true,"href":"https:\/\/atauni.edu.tr\/zootekni-bolumu\/wp-json\/wp\/v2\/users\/157"}],"replies":[{"embeddable":true,"href":"https:\/\/atauni.edu.tr\/zootekni-bolumu\/wp-json\/wp\/v2\/comments?post=6415"}],"version-history":[{"count":10,"href":"https:\/\/atauni.edu.tr\/zootekni-bolumu\/wp-json\/wp\/v2\/pages\/6415\/revisions"}],"predecessor-version":[{"id":7154,"href":"https:\/\/atauni.edu.tr\/zootekni-bolumu\/wp-json\/wp\/v2\/pages\/6415\/revisions\/7154"}],"wp:attachment":[{"href":"https:\/\/atauni.edu.tr\/zootekni-bolumu\/wp-json\/wp\/v2\/media?parent=6415"}],"curies":[{"name":"wp","href":"https:\/\/api.w.org\/{rel}","templated":true}]}}