{"id":6427,"date":"2021-09-27T13:19:59","date_gmt":"2021-09-27T10:19:59","guid":{"rendered":"http:\/\/birimler.atauni.edu.tr\/zootekni-bolumu\/?page_id=6427"},"modified":"2024-10-10T15:51:03","modified_gmt":"2024-10-10T12:51:03","slug":"galeri","status":"publish","type":"page","link":"https:\/\/atauni.edu.tr\/zootekni-bolumu\/galeri\/","title":{"rendered":"Galeri"},"content":{"rendered":"\t\t<div data-elementor-type=\"wp-page\" data-elementor-id=\"6427\" class=\"elementor elementor-6427\" data-elementor-post-type=\"page\">\n\t\t\t\t\t\t<section class=\"elementor-section elementor-top-section elementor-element elementor-element-d721cd0 elementor-section-boxed elementor-section-height-default elementor-section-height-default\" data-id=\"d721cd0\" data-element_type=\"section\">\n\t\t\t\t\t\t<div class=\"elementor-container elementor-column-gap-default\">\n\t\t\t\t\t<div class=\"elementor-column elementor-col-100 elementor-top-column elementor-element elementor-element-ab01b92\" data-id=\"ab01b92\" data-element_type=\"column\">\n\t\t\t<div class=\"elementor-widget-wrap elementor-element-populated\">\n\t\t\t\t\t\t<div class=\"elementor-element elementor-element-20f7917 elementor-widget elementor-widget-heading\" data-id=\"20f7917\" data-element_type=\"widget\" data-widget_type=\"heading.default\">\n\t\t\t\t<div class=\"elementor-widget-container\">\n\t\t\t\t\t<h2 class=\"elementor-heading-title elementor-size-default\">Zootekni B\u00f6l\u00fcm\u00fc Galeri<\/h2>\t\t\t\t<\/div>\n\t\t\t\t<\/div>\n\t\t\t\t<div class=\"elementor-element elementor-element-96ff9e3 elementor-widget-divider--view-line elementor-widget elementor-widget-divider\" data-id=\"96ff9e3\" data-element_type=\"widget\" data-widget_type=\"divider.default\">\n\t\t\t\t<div class=\"elementor-widget-container\">\n\t\t\t\t\t\t\t<div class=\"elementor-divider\">\n\t\t\t<span class=\"elementor-divider-separator\">\n\t\t\t\t\t\t<\/span>\n\t\t<\/div>\n\t\t\t\t\t\t<\/div>\n\t\t\t\t<\/div>\n\t\t\t\t\t<\/div>\n\t\t<\/div>\n\t\t\t\t\t<\/div>\n\t\t<\/section>\n\t\t\t\t<section class=\"elementor-section elementor-top-section elementor-element elementor-element-41a21b7 elementor-section-boxed elementor-section-height-default elementor-section-height-default\" data-id=\"41a21b7\" data-element_type=\"section\">\n\t\t\t\t\t\t<div class=\"elementor-container elementor-column-gap-default\">\n\t\t\t\t\t<div class=\"elementor-column elementor-col-100 elementor-top-column elementor-element elementor-element-8e8de6a\" data-id=\"8e8de6a\" data-element_type=\"column\">\n\t\t\t<div class=\"elementor-widget-wrap elementor-element-populated\">\n\t\t\t\t\t\t<div class=\"elementor-element elementor-element-f581a27 elementor-pagination-position-inside elementor-arrows-position-inside elementor-widget elementor-widget-image-carousel\" data-id=\"f581a27\" data-element_type=\"widget\" data-settings=\"{&quot;slides_to_show&quot;:&quot;4&quot;,&quot;navigation&quot;:&quot;both&quot;,&quot;speed&quot;:500}\" data-widget_type=\"image-carousel.default\">\n\t\t\t\t<div class=\"elementor-widget-container\">\n\t\t\t\t\t\t\t<div class=\"elementor-image-carousel-wrapper swiper\" role=\"region\" aria-roledescription=\"carousel\" aria-label=\"Resim D\u00f6ng\u00fcs\u00fc\" dir=\"ltr\">\n\t\t\t<div class=\"elementor-image-carousel swiper-wrapper\" aria-live=\"polite\">\n\t\t\t\t\t\t\t\t<div class=\"swiper-slide\" role=\"group\" aria-roledescription=\"slide\" aria-label=\"1 \/ 4\"><a data-elementor-open-lightbox=\"yes\" data-elementor-lightbox-slideshow=\"f581a27\" data-elementor-lightbox-title=\"IMG_0586 (2)\" data-e-action-hash=\"#elementor-action%3Aaction%3Dlightbox%26settings%3DeyJpZCI6IjY0NTkiLCJ1cmwiOiJodHRwczpcL1wvYXRhdW5pLmVkdS50clwvem9vdGVrbmktYm9sdW11XC93cC1jb250ZW50XC91cGxvYWRzXC9zaXRlc1wvMTc1XC8yMDIwXC8wN1wvSU1HXzA1ODYtMi1zY2FsZWQtZTE2Mzk3MzMzNDA4MzcuanBnIiwic2xpZGVzaG93IjoiZjU4MWEyNyJ9\" href=\"https:\/\/atauni.edu.tr\/zootekni-bolumu\/wp-content\/uploads\/sites\/175\/2020\/07\/IMG_0586-2-scaled-e1639733340837.jpg\"><figure class=\"swiper-slide-inner\"><img decoding=\"async\" class=\"swiper-slide-image\" src=\"https:\/\/atauni.edu.tr\/zootekni-bolumu\/wp-content\/uploads\/sites\/175\/2020\/07\/IMG_0586-2-scaled-e1639733340837-209x300.jpg\" alt=\"IMG_0586 (2)\" \/><\/figure><\/a><\/div><div class=\"swiper-slide\" role=\"group\" aria-roledescription=\"slide\" aria-label=\"2 \/ 4\"><a data-elementor-open-lightbox=\"yes\" data-elementor-lightbox-slideshow=\"f581a27\" data-elementor-lightbox-title=\"IMG_0582 (2)\" data-e-action-hash=\"#elementor-action%3Aaction%3Dlightbox%26settings%3DeyJpZCI6IjY0NjAiLCJ1cmwiOiJodHRwczpcL1wvYXRhdW5pLmVkdS50clwvem9vdGVrbmktYm9sdW11XC93cC1jb250ZW50XC91cGxvYWRzXC9zaXRlc1wvMTc1XC8yMDIwXC8wN1wvSU1HXzA1ODItMi1zY2FsZWQuanBnIiwic2xpZGVzaG93IjoiZjU4MWEyNyJ9\" href=\"https:\/\/atauni.edu.tr\/zootekni-bolumu\/wp-content\/uploads\/sites\/175\/2020\/07\/IMG_0582-2-scaled.jpg\"><figure class=\"swiper-slide-inner\"><img decoding=\"async\" class=\"swiper-slide-image\" src=\"https:\/\/atauni.edu.tr\/zootekni-bolumu\/wp-content\/uploads\/sites\/175\/2020\/07\/IMG_0582-2-225x300.jpg\" alt=\"IMG_0582 (2)\" \/><\/figure><\/a><\/div><div class=\"swiper-slide\" role=\"group\" aria-roledescription=\"slide\" aria-label=\"3 \/ 4\"><a data-elementor-open-lightbox=\"yes\" data-elementor-lightbox-slideshow=\"f581a27\" data-elementor-lightbox-title=\"IMG_0579 (2)\" data-e-action-hash=\"#elementor-action%3Aaction%3Dlightbox%26settings%3DeyJpZCI6IjY0NjEiLCJ1cmwiOiJodHRwczpcL1wvYXRhdW5pLmVkdS50clwvem9vdGVrbmktYm9sdW11XC93cC1jb250ZW50XC91cGxvYWRzXC9zaXRlc1wvMTc1XC8yMDIwXC8wN1wvSU1HXzA1NzktMi1zY2FsZWQuanBnIiwic2xpZGVzaG93IjoiZjU4MWEyNyJ9\" href=\"https:\/\/atauni.edu.tr\/zootekni-bolumu\/wp-content\/uploads\/sites\/175\/2020\/07\/IMG_0579-2-scaled.jpg\"><figure class=\"swiper-slide-inner\"><img decoding=\"async\" class=\"swiper-slide-image\" src=\"https:\/\/atauni.edu.tr\/zootekni-bolumu\/wp-content\/uploads\/sites\/175\/2020\/07\/IMG_0579-2-225x300.jpg\" alt=\"IMG_0579 (2)\" \/><\/figure><\/a><\/div><div class=\"swiper-slide\" role=\"group\" aria-roledescription=\"slide\" aria-label=\"4 \/ 4\"><a data-elementor-open-lightbox=\"yes\" data-elementor-lightbox-slideshow=\"f581a27\" data-elementor-lightbox-title=\"koyunculuk \u00f6\u011frenciler\" data-e-action-hash=\"#elementor-action%3Aaction%3Dlightbox%26settings%3DeyJpZCI6IjY0NTciLCJ1cmwiOiJodHRwczpcL1wvYXRhdW5pLmVkdS50clwvem9vdGVrbmktYm9sdW11XC93cC1jb250ZW50XC91cGxvYWRzXC9zaXRlc1wvMTc1XC8yMDIwXC8wN1wvSU1HXzA2MTctMi1zY2FsZWQtZTE2Mzk3MzMzODU5MzcuanBnIiwic2xpZGVzaG93IjoiZjU4MWEyNyJ9\" href=\"https:\/\/atauni.edu.tr\/zootekni-bolumu\/wp-content\/uploads\/sites\/175\/2020\/07\/IMG_0617-2-scaled-e1639733385937.jpg\"><figure class=\"swiper-slide-inner\"><img decoding=\"async\" class=\"swiper-slide-image\" src=\"https:\/\/atauni.edu.tr\/zootekni-bolumu\/wp-content\/uploads\/sites\/175\/2020\/07\/IMG_0617-2-scaled-e1639733385937-300x273.jpg\" alt=\"koyunculuk \u00f6\u011frenciler\" \/><\/figure><\/a><\/div>\t\t\t<\/div>\n\t\t\t\t\t\t\t\t\t\t\t\t<div class=\"elementor-swiper-button elementor-swiper-button-prev\" role=\"button\" tabindex=\"0\">\n\t\t\t\t\t\t<i aria-hidden=\"true\" class=\"eicon-chevron-left\"><\/i>\t\t\t\t\t<\/div>\n\t\t\t\t\t<div class=\"elementor-swiper-button elementor-swiper-button-next\" role=\"button\" tabindex=\"0\">\n\t\t\t\t\t\t<i aria-hidden=\"true\" class=\"eicon-chevron-right\"><\/i>\t\t\t\t\t<\/div>\n\t\t\t\t\n\t\t\t\t\t\t\t\t\t<div class=\"swiper-pagination\"><\/div>\n\t\t\t\t\t\t\t\t\t<\/div>\n\t\t\t\t\t\t<\/div>\n\t\t\t\t<\/div>\n\t\t\t\t\t<\/div>\n\t\t<\/div>\n\t\t\t\t\t<\/div>\n\t\t<\/section>\n\t\t\t\t<section class=\"elementor-section elementor-top-section elementor-element elementor-element-1f0d59e elementor-section-boxed elementor-section-height-default elementor-section-height-default\" data-id=\"1f0d59e\" data-element_type=\"section\">\n\t\t\t\t\t\t<div class=\"elementor-container elementor-column-gap-default\">\n\t\t\t\t\t<div class=\"elementor-column elementor-col-100 elementor-top-column elementor-element elementor-element-ed7405a\" data-id=\"ed7405a\" data-element_type=\"column\">\n\t\t\t<div class=\"elementor-widget-wrap elementor-element-populated\">\n\t\t\t\t\t\t<div class=\"elementor-element elementor-element-2c2b6db elementor-pagination-position-inside elementor-arrows-position-inside elementor-widget elementor-widget-image-carousel\" data-id=\"2c2b6db\" data-element_type=\"widget\" data-settings=\"{&quot;slides_to_show&quot;:&quot;4&quot;,&quot;navigation&quot;:&quot;both&quot;,&quot;speed&quot;:500}\" data-widget_type=\"image-carousel.default\">\n\t\t\t\t<div class=\"elementor-widget-container\">\n\t\t\t\t\t\t\t<div class=\"elementor-image-carousel-wrapper swiper\" role=\"region\" aria-roledescription=\"carousel\" aria-label=\"Resim D\u00f6ng\u00fcs\u00fc\" dir=\"ltr\">\n\t\t\t<div class=\"elementor-image-carousel swiper-wrapper\" aria-live=\"polite\">\n\t\t\t\t\t\t\t\t<div class=\"swiper-slide\" role=\"group\" aria-roledescription=\"slide\" aria-label=\"1 \/ 6\"><a data-elementor-open-lightbox=\"yes\" data-elementor-lightbox-slideshow=\"2c2b6db\" data-elementor-lightbox-title=\"IMG-20240523-WA0007\" data-e-action-hash=\"#elementor-action%3Aaction%3Dlightbox%26settings%3DeyJpZCI6IjcwMDQiLCJ1cmwiOiJodHRwczpcL1wvYXRhdW5pLmVkdS50clwvem9vdGVrbmktYm9sdW11XC93cC1jb250ZW50XC91cGxvYWRzXC9zaXRlc1wvMTc1XC8yMDIwXC8wN1wvSU1HLTIwMjQwNTIzLVdBMDAwNy5qcGciLCJzbGlkZXNob3ciOiIyYzJiNmRiIn0%3D\" href=\"https:\/\/atauni.edu.tr\/zootekni-bolumu\/wp-content\/uploads\/sites\/175\/2020\/07\/IMG-20240523-WA0007.jpg\"><figure class=\"swiper-slide-inner\"><img decoding=\"async\" class=\"swiper-slide-image\" src=\"https:\/\/atauni.edu.tr\/zootekni-bolumu\/wp-content\/uploads\/sites\/175\/2020\/07\/IMG-20240523-WA0007.jpg\" alt=\"IMG-20240523-WA0007\" \/><\/figure><\/a><\/div><div class=\"swiper-slide\" role=\"group\" aria-roledescription=\"slide\" aria-label=\"2 \/ 6\"><a data-elementor-open-lightbox=\"yes\" data-elementor-lightbox-slideshow=\"2c2b6db\" data-elementor-lightbox-title=\"IMG-20240523-WA0005\" data-e-action-hash=\"#elementor-action%3Aaction%3Dlightbox%26settings%3DeyJpZCI6IjcwMDMiLCJ1cmwiOiJodHRwczpcL1wvYXRhdW5pLmVkdS50clwvem9vdGVrbmktYm9sdW11XC93cC1jb250ZW50XC91cGxvYWRzXC9zaXRlc1wvMTc1XC8yMDIwXC8wN1wvSU1HLTIwMjQwNTIzLVdBMDAwNS5qcGciLCJzbGlkZXNob3ciOiIyYzJiNmRiIn0%3D\" href=\"https:\/\/atauni.edu.tr\/zootekni-bolumu\/wp-content\/uploads\/sites\/175\/2020\/07\/IMG-20240523-WA0005.jpg\"><figure class=\"swiper-slide-inner\"><img decoding=\"async\" class=\"swiper-slide-image\" src=\"https:\/\/atauni.edu.tr\/zootekni-bolumu\/wp-content\/uploads\/sites\/175\/2020\/07\/IMG-20240523-WA0005.jpg\" alt=\"IMG-20240523-WA0005\" \/><\/figure><\/a><\/div><div class=\"swiper-slide\" role=\"group\" aria-roledescription=\"slide\" aria-label=\"3 \/ 6\"><a data-elementor-open-lightbox=\"yes\" data-elementor-lightbox-slideshow=\"2c2b6db\" data-elementor-lightbox-title=\"IMG-20240523-WA0004\" data-e-action-hash=\"#elementor-action%3Aaction%3Dlightbox%26settings%3DeyJpZCI6IjcwMDIiLCJ1cmwiOiJodHRwczpcL1wvYXRhdW5pLmVkdS50clwvem9vdGVrbmktYm9sdW11XC93cC1jb250ZW50XC91cGxvYWRzXC9zaXRlc1wvMTc1XC8yMDIwXC8wN1wvSU1HLTIwMjQwNTIzLVdBMDAwNC5qcGciLCJzbGlkZXNob3ciOiIyYzJiNmRiIn0%3D\" href=\"https:\/\/atauni.edu.tr\/zootekni-bolumu\/wp-content\/uploads\/sites\/175\/2020\/07\/IMG-20240523-WA0004.jpg\"><figure class=\"swiper-slide-inner\"><img decoding=\"async\" class=\"swiper-slide-image\" src=\"https:\/\/atauni.edu.tr\/zootekni-bolumu\/wp-content\/uploads\/sites\/175\/2020\/07\/IMG-20240523-WA0004.jpg\" alt=\"IMG-20240523-WA0004\" \/><\/figure><\/a><\/div><div class=\"swiper-slide\" role=\"group\" aria-roledescription=\"slide\" aria-label=\"4 \/ 6\"><a data-elementor-open-lightbox=\"yes\" data-elementor-lightbox-slideshow=\"2c2b6db\" data-elementor-lightbox-title=\"IMG-20240523-WA0003\" data-e-action-hash=\"#elementor-action%3Aaction%3Dlightbox%26settings%3DeyJpZCI6IjcwMDEiLCJ1cmwiOiJodHRwczpcL1wvYXRhdW5pLmVkdS50clwvem9vdGVrbmktYm9sdW11XC93cC1jb250ZW50XC91cGxvYWRzXC9zaXRlc1wvMTc1XC8yMDIwXC8wN1wvSU1HLTIwMjQwNTIzLVdBMDAwMy5qcGciLCJzbGlkZXNob3ciOiIyYzJiNmRiIn0%3D\" href=\"https:\/\/atauni.edu.tr\/zootekni-bolumu\/wp-content\/uploads\/sites\/175\/2020\/07\/IMG-20240523-WA0003.jpg\"><figure class=\"swiper-slide-inner\"><img decoding=\"async\" class=\"swiper-slide-image\" src=\"https:\/\/atauni.edu.tr\/zootekni-bolumu\/wp-content\/uploads\/sites\/175\/2020\/07\/IMG-20240523-WA0003.jpg\" alt=\"IMG-20240523-WA0003\" \/><\/figure><\/a><\/div><div class=\"swiper-slide\" role=\"group\" aria-roledescription=\"slide\" aria-label=\"5 \/ 6\"><a data-elementor-open-lightbox=\"yes\" data-elementor-lightbox-slideshow=\"2c2b6db\" data-elementor-lightbox-title=\"IMG-20240523-WA0002\" data-e-action-hash=\"#elementor-action%3Aaction%3Dlightbox%26settings%3DeyJpZCI6IjcwMDAiLCJ1cmwiOiJodHRwczpcL1wvYXRhdW5pLmVkdS50clwvem9vdGVrbmktYm9sdW11XC93cC1jb250ZW50XC91cGxvYWRzXC9zaXRlc1wvMTc1XC8yMDIwXC8wN1wvSU1HLTIwMjQwNTIzLVdBMDAwMi5qcGciLCJzbGlkZXNob3ciOiIyYzJiNmRiIn0%3D\" href=\"https:\/\/atauni.edu.tr\/zootekni-bolumu\/wp-content\/uploads\/sites\/175\/2020\/07\/IMG-20240523-WA0002.jpg\"><figure class=\"swiper-slide-inner\"><img decoding=\"async\" class=\"swiper-slide-image\" src=\"https:\/\/atauni.edu.tr\/zootekni-bolumu\/wp-content\/uploads\/sites\/175\/2020\/07\/IMG-20240523-WA0002.jpg\" alt=\"IMG-20240523-WA0002\" \/><\/figure><\/a><\/div><div class=\"swiper-slide\" role=\"group\" aria-roledescription=\"slide\" aria-label=\"6 \/ 6\"><a data-elementor-open-lightbox=\"yes\" data-elementor-lightbox-slideshow=\"2c2b6db\" data-elementor-lightbox-title=\"IMG-20240523-WA0001\" data-e-action-hash=\"#elementor-action%3Aaction%3Dlightbox%26settings%3DeyJpZCI6IjY5OTkiLCJ1cmwiOiJodHRwczpcL1wvYXRhdW5pLmVkdS50clwvem9vdGVrbmktYm9sdW11XC93cC1jb250ZW50XC91cGxvYWRzXC9zaXRlc1wvMTc1XC8yMDIwXC8wN1wvSU1HLTIwMjQwNTIzLVdBMDAwMS5qcGciLCJzbGlkZXNob3ciOiIyYzJiNmRiIn0%3D\" href=\"https:\/\/atauni.edu.tr\/zootekni-bolumu\/wp-content\/uploads\/sites\/175\/2020\/07\/IMG-20240523-WA0001.jpg\"><figure class=\"swiper-slide-inner\"><img decoding=\"async\" class=\"swiper-slide-image\" src=\"https:\/\/atauni.edu.tr\/zootekni-bolumu\/wp-content\/uploads\/sites\/175\/2020\/07\/IMG-20240523-WA0001.jpg\" alt=\"IMG-20240523-WA0001\" \/><\/figure><\/a><\/div>\t\t\t<\/div>\n\t\t\t\t\t\t\t\t\t\t\t\t<div class=\"elementor-swiper-button elementor-swiper-button-prev\" role=\"button\" tabindex=\"0\">\n\t\t\t\t\t\t<i aria-hidden=\"true\" class=\"eicon-chevron-left\"><\/i>\t\t\t\t\t<\/div>\n\t\t\t\t\t<div class=\"elementor-swiper-button elementor-swiper-button-next\" role=\"button\" tabindex=\"0\">\n\t\t\t\t\t\t<i aria-hidden=\"true\" class=\"eicon-chevron-right\"><\/i>\t\t\t\t\t<\/div>\n\t\t\t\t\n\t\t\t\t\t\t\t\t\t<div class=\"swiper-pagination\"><\/div>\n\t\t\t\t\t\t\t\t\t<\/div>\n\t\t\t\t\t\t<\/div>\n\t\t\t\t<\/div>\n\t\t\t\t\t<\/div>\n\t\t<\/div>\n\t\t\t\t\t<\/div>\n\t\t<\/section>\n\t\t\t\t<section class=\"elementor-section elementor-top-section elementor-element elementor-element-cfb451c elementor-section-boxed elementor-section-height-default elementor-section-height-default\" data-id=\"cfb451c\" data-element_type=\"section\">\n\t\t\t\t\t\t<div class=\"elementor-container elementor-column-gap-default\">\n\t\t\t\t\t<div class=\"elementor-column elementor-col-100 elementor-top-column elementor-element elementor-element-2a87b5e\" data-id=\"2a87b5e\" data-element_type=\"column\">\n\t\t\t<div class=\"elementor-widget-wrap elementor-element-populated\">\n\t\t\t\t\t\t<div class=\"elementor-element elementor-element-f3c2204 elementor-widget elementor-widget-counter\" data-id=\"f3c2204\" data-element_type=\"widget\" data-widget_type=\"counter.default\">\n\t\t\t\t<div class=\"elementor-widget-container\">\n\t\t\t\t\t\t\t<div class=\"elementor-counter\">\n\t\t\t\t\t\t<div class=\"elementor-counter-number-wrapper\">\n\t\t\t\t<span class=\"elementor-counter-number-prefix\"><\/span>\n\t\t\t\t<span class=\"elementor-counter-number\" data-duration=\"100\" data-to-value=\"\" data-from-value=\"0\" data-delimiter=\".\">0<\/span>\n\t\t\t\t<span class=\"elementor-counter-number-suffix\"><\/span>\n\t\t\t<\/div>\n\t\t<\/div>\n\t\t\t\t\t\t<\/div>\n\t\t\t\t<\/div>\n\t\t\t\t\t<\/div>\n\t\t<\/div>\n\t\t\t\t\t<\/div>\n\t\t<\/section>\n\t\t\t\t<\/div>\n\t\t","protected":false},"excerpt":{"rendered":"<p>Zootekni B\u00f6l\u00fcm\u00fc Galeri 0<\/p>\n","protected":false},"author":157,"featured_media":0,"parent":0,"menu_order":0,"comment_status":"closed","ping_status":"closed","template":"","meta":{"footnotes":""},"class_list":["post-6427","page","type-page","status-publish","hentry"],"_links":{"self":[{"href":"https:\/\/atauni.edu.tr\/zootekni-bolumu\/wp-json\/wp\/v2\/pages\/6427","targetHints":{"allow":["GET"]}}],"collection":[{"href":"https:\/\/atauni.edu.tr\/zootekni-bolumu\/wp-json\/wp\/v2\/pages"}],"about":[{"href":"https:\/\/atauni.edu.tr\/zootekni-bolumu\/wp-json\/wp\/v2\/types\/page"}],"author":[{"embeddable":true,"href":"https:\/\/atauni.edu.tr\/zootekni-bolumu\/wp-json\/wp\/v2\/users\/157"}],"replies":[{"embeddable":true,"href":"https:\/\/atauni.edu.tr\/zootekni-bolumu\/wp-json\/wp\/v2\/comments?post=6427"}],"version-history":[{"count":22,"href":"https:\/\/atauni.edu.tr\/zootekni-bolumu\/wp-json\/wp\/v2\/pages\/6427\/revisions"}],"predecessor-version":[{"id":7133,"href":"https:\/\/atauni.edu.tr\/zootekni-bolumu\/wp-json\/wp\/v2\/pages\/6427\/revisions\/7133"}],"wp:attachment":[{"href":"https:\/\/atauni.edu.tr\/zootekni-bolumu\/wp-json\/wp\/v2\/media?parent=6427"}],"curies":[{"name":"wp","href":"https:\/\/api.w.org\/{rel}","templated":true}]}}