{"id":6897,"date":"2024-04-03T12:58:46","date_gmt":"2024-04-03T09:58:46","guid":{"rendered":"https:\/\/birimler.atauni.edu.tr\/zootekni-bolumu\/?page_id=6897"},"modified":"2024-04-03T14:04:46","modified_gmt":"2024-04-03T11:04:46","slug":"paydaslar-ve-danisma-kurulu","status":"publish","type":"page","link":"https:\/\/atauni.edu.tr\/zootekni-bolumu\/paydaslar-ve-danisma-kurulu\/","title":{"rendered":"Payda\u015flar ve Dan\u0131\u015fma Kurulu"},"content":{"rendered":"\t\t<div data-elementor-type=\"wp-page\" data-elementor-id=\"6897\" class=\"elementor elementor-6897\" data-elementor-post-type=\"page\">\n\t\t\t\t\t\t<section class=\"elementor-section elementor-top-section elementor-element elementor-element-19ace64 elementor-section-boxed elementor-section-height-default elementor-section-height-default\" data-id=\"19ace64\" data-element_type=\"section\">\n\t\t\t\t\t\t<div class=\"elementor-container elementor-column-gap-default\">\n\t\t\t\t\t<div class=\"elementor-column elementor-col-100 elementor-top-column elementor-element elementor-element-af06661\" data-id=\"af06661\" data-element_type=\"column\">\n\t\t\t<div class=\"elementor-widget-wrap elementor-element-populated\">\n\t\t\t\t\t\t<div class=\"elementor-element elementor-element-b9fd2c7 elementor-widget elementor-widget-text-editor\" data-id=\"b9fd2c7\" data-element_type=\"widget\" data-widget_type=\"text-editor.default\">\n\t\t\t\t<div class=\"elementor-widget-container\">\n\t\t\t\t\t\t\t\t\t<p><strong>Zootekni B\u00f6l\u00fcm\u00fc Payda\u015flar\u0131<\/strong><\/p><p>-Zootekni B\u00f6l\u00fcm\u00fc Dernek Ba\u015fkan\u0131<\/p><p>-Ziraat M\u00fchendisler Odas\u0131 Ba\u015fkan\u0131<\/p><p>-Dam\u0131zl\u0131k S\u0131\u011f\u0131r Yeti\u015ftiriciler Birli\u011fi<\/p><p>-Dam\u0131zl\u0131k Koyun Yeti\u015ftiriciler Birli\u011fi<\/p><p>-Ar\u0131c\u0131lar Birli\u011fi<\/p><p>-Tar\u0131m ve Orman \u0130l M\u00fcd\u00fcrl\u00fc\u011f\u00fc<\/p><p>-Do\u011fu Anadolu Tar\u0131msal Ara\u015ft\u0131rma Enstit\u00fcs\u00fc<\/p><p>-G\u0131da ve Hayvanc\u0131l\u0131k Uygulama ve Ara\u015ft\u0131rma Merkez M\u00fcd\u00fcrl\u00fc\u011f\u00fc<\/p><p>\u00a0<\/p><p>Zootekni B\u00f6l\u00fcm\u00fc Payda\u015flar ve Dan\u0131\u015fma Kurulu toplant\u0131lar\u0131<\/p>\t\t\t\t\t\t\t\t<\/div>\n\t\t\t\t<\/div>\n\t\t\t\t\t<\/div>\n\t\t<\/div>\n\t\t\t\t\t<\/div>\n\t\t<\/section>\n\t\t\t\t<section class=\"elementor-section elementor-top-section elementor-element elementor-element-a524edf elementor-section-boxed elementor-section-height-default elementor-section-height-default\" data-id=\"a524edf\" data-element_type=\"section\">\n\t\t\t\t\t\t<div class=\"elementor-container elementor-column-gap-default\">\n\t\t\t\t\t<div class=\"elementor-column elementor-col-100 elementor-top-column elementor-element elementor-element-94c1599\" data-id=\"94c1599\" data-element_type=\"column\">\n\t\t\t<div class=\"elementor-widget-wrap elementor-element-populated\">\n\t\t\t\t\t\t<div class=\"elementor-element elementor-element-f31213b elementor-arrows-position-inside elementor-pagination-position-outside elementor-widget elementor-widget-image-carousel\" data-id=\"f31213b\" data-element_type=\"widget\" data-settings=\"{&quot;navigation&quot;:&quot;both&quot;,&quot;autoplay&quot;:&quot;yes&quot;,&quot;pause_on_hover&quot;:&quot;yes&quot;,&quot;pause_on_interaction&quot;:&quot;yes&quot;,&quot;autoplay_speed&quot;:5000,&quot;infinite&quot;:&quot;yes&quot;,&quot;speed&quot;:500}\" data-widget_type=\"image-carousel.default\">\n\t\t\t\t<div class=\"elementor-widget-container\">\n\t\t\t\t\t\t\t<div class=\"elementor-image-carousel-wrapper swiper\" role=\"region\" aria-roledescription=\"carousel\" aria-label=\"Resim D\u00f6ng\u00fcs\u00fc\" dir=\"ltr\">\n\t\t\t<div class=\"elementor-image-carousel swiper-wrapper\" aria-live=\"off\">\n\t\t\t\t\t\t\t\t<div class=\"swiper-slide\" role=\"group\" aria-roledescription=\"slide\" aria-label=\"1 \/ 1\"><figure class=\"swiper-slide-inner\"><img decoding=\"async\" class=\"swiper-slide-image\" src=\"https:\/\/atauni.edu.tr\/zootekni-bolumu\/wp-content\/uploads\/sites\/175\/2022\/04\/PHOTO-2022-04-21-18-28-54-2-150x150.jpg\" alt=\"PHOTO-2022-04-21-18-28-54 (2)\" \/><\/figure><\/div>\t\t\t<\/div>\n\t\t\t\t\t<\/div>\n\t\t\t\t\t\t<\/div>\n\t\t\t\t<\/div>\n\t\t\t\t\t<\/div>\n\t\t<\/div>\n\t\t\t\t\t<\/div>\n\t\t<\/section>\n\t\t\t\t<\/div>\n\t\t","protected":false},"excerpt":{"rendered":"<p>Zootekni B\u00f6l\u00fcm\u00fc Payda\u015flar\u0131 -Zootekni B\u00f6l\u00fcm\u00fc Dernek Ba\u015fkan\u0131 -Ziraat M\u00fchendisler Odas\u0131 Ba\u015fkan\u0131 -Dam\u0131zl\u0131k S\u0131\u011f\u0131r Yeti\u015ftiriciler Birli\u011fi -Dam\u0131zl\u0131k Koyun Yeti\u015ftiriciler Birli\u011fi -Ar\u0131c\u0131lar Birli\u011fi -Tar\u0131m ve Orman \u0130l M\u00fcd\u00fcrl\u00fc\u011f\u00fc -Do\u011fu Anadolu Tar\u0131msal Ara\u015ft\u0131rma Enstit\u00fcs\u00fc -G\u0131da ve Hayvanc\u0131l\u0131k Uygulama ve Ara\u015ft\u0131rma Merkez M\u00fcd\u00fcrl\u00fc\u011f\u00fc \u00a0 Zootekni B\u00f6l\u00fcm\u00fc Payda\u015flar ve Dan\u0131\u015fma Kurulu toplant\u0131lar\u0131<\/p>\n","protected":false},"author":157,"featured_media":0,"parent":0,"menu_order":0,"comment_status":"closed","ping_status":"closed","template":"","meta":{"footnotes":""},"class_list":["post-6897","page","type-page","status-publish","hentry"],"_links":{"self":[{"href":"https:\/\/atauni.edu.tr\/zootekni-bolumu\/wp-json\/wp\/v2\/pages\/6897","targetHints":{"allow":["GET"]}}],"collection":[{"href":"https:\/\/atauni.edu.tr\/zootekni-bolumu\/wp-json\/wp\/v2\/pages"}],"about":[{"href":"https:\/\/atauni.edu.tr\/zootekni-bolumu\/wp-json\/wp\/v2\/types\/page"}],"author":[{"embeddable":true,"href":"https:\/\/atauni.edu.tr\/zootekni-bolumu\/wp-json\/wp\/v2\/users\/157"}],"replies":[{"embeddable":true,"href":"https:\/\/atauni.edu.tr\/zootekni-bolumu\/wp-json\/wp\/v2\/comments?post=6897"}],"version-history":[{"count":7,"href":"https:\/\/atauni.edu.tr\/zootekni-bolumu\/wp-json\/wp\/v2\/pages\/6897\/revisions"}],"predecessor-version":[{"id":6943,"href":"https:\/\/atauni.edu.tr\/zootekni-bolumu\/wp-json\/wp\/v2\/pages\/6897\/revisions\/6943"}],"wp:attachment":[{"href":"https:\/\/atauni.edu.tr\/zootekni-bolumu\/wp-json\/wp\/v2\/media?parent=6897"}],"curies":[{"name":"wp","href":"https:\/\/api.w.org\/{rel}","templated":true}]}}